{"id":987514983,"date":"2023-11-29T14:33:57","date_gmt":"2023-11-29T14:33:57","guid":{"rendered":"https:\/\/chateaudebussolles.com\/impression-petit-gite\/"},"modified":"2025-01-28T12:06:32","modified_gmt":"2025-01-28T12:06:32","slug":"impression-petit-gite","status":"publish","type":"page","link":"https:\/\/www.chateaubussolles.com\/fr\/impression-petit-gite\/","title":{"rendered":"Impression Petit G\u00eete"},"content":{"rendered":"<p>[et_pb_section fb_built=\u00a0\u00bb1&Prime; admin_label=\u00a0\u00bbHeader\u00a0\u00bb _builder_version=\u00a0\u00bb4.22.2&Prime; use_background_color_gradient=\u00a0\u00bbon\u00a0\u00bb background_color_gradient_type=\u00a0\u00bbcircular\u00a0\u00bb background_color_gradient_direction_radial=\u00a0\u00bbtop left\u00a0\u00bb background_color_gradient_stops=\u00a0\u00bbrgba(46,91,147,0.89) 0%|rgba(255,255,255,0) 80%\u00a0\u00bb background_color_gradient_overlays_image=\u00a0\u00bbon\u00a0\u00bb background_color_gradient_start=\u00a0\u00bbrgba(255,255,255,0.89)\u00a0\u00bb background_color_gradient_start_position=\u00a0\u00bb30%\u00a0\u00bb background_color_gradient_end=\u00a0\u00bbrgba(255,255,255,0)\u00a0\u00bb background_color_gradient_end_position=\u00a0\u00bb80%\u00a0\u00bb background_image=\u00a0\u00bbhttps:\/\/chateaudebussolles.com\/wp-content\/uploads\/2023\/11\/Gites-de-Bussolles.webp\u00a0\u00bb background_position=\u00a0\u00bbbottom_left\u00a0\u00bb background_vertical_offset=\u00a0\u00bb50%\u00a0\u00bb custom_margin=\u00a0\u00bb|||\u00a0\u00bb custom_padding=\u00a0\u00bb8vw||0px||false|false\u00a0\u00bb locked=\u00a0\u00bboff\u00a0\u00bb global_colors_info=\u00a0\u00bb{}\u00a0\u00bb][et_pb_row _builder_version=\u00a0\u00bb4.21.0&Prime; global_colors_info=\u00a0\u00bb{}\u00a0\u00bb][et_pb_column type=\u00a0\u00bb4_4&Prime; _builder_version=\u00a0\u00bb4.16&Prime; custom_padding=\u00a0\u00bb|||\u00a0\u00bb global_colors_info=\u00a0\u00bb{}\u00a0\u00bb custom_padding__hover=\u00a0\u00bb|||\u00a0\u00bb][et_pb_text _builder_version=\u00a0\u00bb4.22.2&Prime; text_font=\u00a0\u00bb||||||||\u00a0\u00bb header_font=\u00a0\u00bbRaleway|700|||||||\u00a0\u00bb header_font_size=\u00a0\u00bb80px\u00a0\u00bb header_line_height=\u00a0\u00bb1.2em\u00a0\u00bb header_5_font=\u00a0\u00bbRaleway|700||on|||||\u00a0\u00bb header_5_font_size=\u00a0\u00bb20px\u00a0\u00bb header_5_letter_spacing=\u00a0\u00bb0.5em\u00a0\u00bb header_5_line_height=\u00a0\u00bb1.8em\u00a0\u00bb animation_style=\u00a0\u00bbzoom\u00a0\u00bb animation_intensity_zoom=\u00a0\u00bb5%\u00a0\u00bb header_font_size_tablet=\u00a0\u00bb48px\u00a0\u00bb header_font_size_phone=\u00a0\u00bb32px\u00a0\u00bb header_font_size_last_edited=\u00a0\u00bbon|phone\u00a0\u00bb header_5_font_size_tablet=\u00a0\u00bb14px\u00a0\u00bb header_5_font_size_phone=\u00a0\u00bb12px\u00a0\u00bb header_5_font_size_last_edited=\u00a0\u00bbon|desktop\u00a0\u00bb global_colors_info=\u00a0\u00bb{}\u00a0\u00bb]<\/p>\n<h5>Dans et autour des g\u00eetes<\/h5>\n<h1>Impression Petit G\u00eete<\/h1>\n<p>[\/et_pb_text][et_pb_button button_url=\u00a0\u00bbhttps:\/\/chateaudebussolles.com\/fr\/reservations\/#petit-g%C3%AEte\u00a0\u00bb button_text=\u00a0\u00bbR\u00e9server le petit g\u00eete\u00a0\u00bb button_alignment=\u00a0\u00bbcenter\u00a0\u00bb _builder_version=\u00a0\u00bb4.24.0&Prime; _module_preset=\u00a0\u00bbdefault\u00a0\u00bb animation_style=\u00a0\u00bbzoom\u00a0\u00bb animation_intensity_zoom=\u00a0\u00bb5%\u00a0\u00bb global_colors_info=\u00a0\u00bb{}\u00a0\u00bb button_border_radius__hover_enabled=\u00a0\u00bbon|hover\u00a0\u00bb button_bg_color__hover_enabled=\u00a0\u00bbon|desktop\u00a0\u00bb][\/et_pb_button][\/et_pb_column][\/et_pb_row][\/et_pb_section][et_pb_section fb_built=\u00a0\u00bb1&Prime; _builder_version=\u00a0\u00bb4.22.2&Prime; _module_preset=\u00a0\u00bbdefault\u00a0\u00bb custom_padding=\u00a0\u00bb1px|||||\u00a0\u00bb global_colors_info=\u00a0\u00bb{}\u00a0\u00bb][et_pb_row column_structure=\u00a0\u00bb1_2,1_2&Prime; _builder_version=\u00a0\u00bb4.22.2&Prime; _module_preset=\u00a0\u00bbdefault\u00a0\u00bb locked=\u00a0\u00bboff\u00a0\u00bb global_colors_info=\u00a0\u00bb{}\u00a0\u00bb][et_pb_column type=\u00a0\u00bb1_2&Prime; _builder_version=\u00a0\u00bb4.22.2&Prime; _module_preset=\u00a0\u00bbdefault\u00a0\u00bb global_colors_info=\u00a0\u00bb{}\u00a0\u00bb][et_pb_image src=\u00a0\u00bbhttps:\/\/chateaudebussolles.com\/wp-content\/uploads\/2023\/12\/Het-Chateau-Chateau-de-Bussolles.webp\u00a0\u00bb alt=\u00a0\u00bbLe ch\u00e2teau | Ch\u00e2teau de Bussolles\u00a0\u00bb title_text=\u00a0\u00bbLe ch\u00e2teau | Ch\u00e2teau de Bussolles\u00a0\u00bb url=\u00a0\u00bbhttps:\/\/www.youtube.com\/watch?v=R35gy-tJlj0&Prime; url_new_window=\u00a0\u00bbon\u00a0\u00bb module_class=\u00a0\u00bbet-lb-btn-2&Prime; _builder_version=\u00a0\u00bb4.22.2&Prime; _module_preset=\u00a0\u00bbdefault\u00a0\u00bb global_colors_info=\u00a0\u00bb{}\u00a0\u00bb][\/et_pb_image][\/et_pb_column][et_pb_column type=\u00a0\u00bb1_2&Prime; _builder_version=\u00a0\u00bb4.22.2&Prime; _module_preset=\u00a0\u00bbdefault\u00a0\u00bb global_colors_info=\u00a0\u00bb{}\u00a0\u00bb][et_pb_image src=\u00a0\u00bbhttps:\/\/chateaudebussolles.com\/wp-content\/uploads\/2023\/12\/Het-Zwembad-Chateau-de-Bussolles.webp\u00a0\u00bb alt=\u00a0\u00bbLa piscine | Ch\u00e2teau de Bussolles\u00a0\u00bb title_text=\u00a0\u00bbLa piscine | Ch\u00e2teau de Bussolles\u00a0\u00bb url=\u00a0\u00bbhttps:\/\/www.youtube.com\/watch?v=sO9wXQZc0hY\u00a0\u00bb url_new_window=\u00a0\u00bbon\u00a0\u00bb module_class=\u00a0\u00bbet-lb-btn-3&Prime; _builder_version=\u00a0\u00bb4.22.2&Prime; _module_preset=\u00a0\u00bbdefault\u00a0\u00bb global_colors_info=\u00a0\u00bb{}\u00a0\u00bb][\/et_pb_image][\/et_pb_column][\/et_pb_row][et_pb_row disabled_on=\u00a0\u00bbon|off|off\u00a0\u00bb module_class=\u00a0\u00bbwpz-gallery-masonry \u00a0\u00bb _builder_version=\u00a0\u00bb4.22.2&Prime; _module_preset=\u00a0\u00bbdefault\u00a0\u00bb global_colors_info=\u00a0\u00bb{}\u00a0\u00bb][et_pb_column type=\u00a0\u00bb4_4&Prime; _builder_version=\u00a0\u00bb4.22.2&Prime; _module_preset=\u00a0\u00bbdefault\u00a0\u00bb global_colors_info=\u00a0\u00bb{}\u00a0\u00bb][et_pb_gallery gallery_ids=\u00a0\u00bb987514399,987514386,987514306,987514231,987513620,987514542,987514150,987514146,987514142,987514618,863,858&Prime; posts_number=\u00a0\u00bb80&Prime; orientation=\u00a0\u00bbportrait\u00a0\u00bb show_title_and_caption=\u00a0\u00bboff\u00a0\u00bb show_pagination=\u00a0\u00bboff\u00a0\u00bb zoom_icon_color=\u00a0\u00bbRGBA(255,255,255,0)\u00a0\u00bb hover_overlay_color=\u00a0\u00bbRGBA(255,255,255,0)\u00a0\u00bb _builder_version=\u00a0\u00bb4.22.2&Prime; _module_preset=\u00a0\u00bbdefault\u00a0\u00bb global_colors_info=\u00a0\u00bb{}\u00a0\u00bb][\/et_pb_gallery][\/et_pb_column][\/et_pb_row][et_pb_row disabled_on=\u00a0\u00bboff|on|on\u00a0\u00bb module_class=\u00a0\u00bbwpz-gallery-masonry \u00a0\u00bb _builder_version=\u00a0\u00bb4.22.2&Prime; _module_preset=\u00a0\u00bbdefault\u00a0\u00bb global_colors_info=\u00a0\u00bb{}\u00a0\u00bb][et_pb_column type=\u00a0\u00bb4_4&Prime; _builder_version=\u00a0\u00bb4.22.2&Prime; _module_preset=\u00a0\u00bbdefault\u00a0\u00bb global_colors_info=\u00a0\u00bb{}\u00a0\u00bb][et_pb_gallery gallery_ids=\u00a0\u00bb987514146,987514150,987514306,987514231,987514142,987513620,863,987514618,858,987514386,987514542,987514399&Prime; posts_number=\u00a0\u00bb80&Prime; orientation=\u00a0\u00bbportrait\u00a0\u00bb show_title_and_caption=\u00a0\u00bboff\u00a0\u00bb show_pagination=\u00a0\u00bboff\u00a0\u00bb zoom_icon_color=\u00a0\u00bbRGBA(255,255,255,0)\u00a0\u00bb hover_overlay_color=\u00a0\u00bbRGBA(255,255,255,0)\u00a0\u00bb _builder_version=\u00a0\u00bb4.22.2&Prime; _module_preset=\u00a0\u00bbdefault\u00a0\u00bb global_colors_info=\u00a0\u00bb{}\u00a0\u00bb][\/et_pb_gallery][\/et_pb_column][\/et_pb_row][et_pb_row _builder_version=\u00a0\u00bb4.25.2&Prime; _module_preset=\u00a0\u00bbdefault\u00a0\u00bb][et_pb_column _builder_version=\u00a0\u00bb4.25.2&Prime; _module_preset=\u00a0\u00bbdefault\u00a0\u00bb type=\u00a0\u00bb4_4&Prime;][et_pb_text _builder_version=\u00a0\u00bb4.25.2&Prime; _module_preset=\u00a0\u00bbdefault\u00a0\u00bb hover_enabled=\u00a0\u00bb0&Prime; sticky_enabled=\u00a0\u00bb0&Prime;]<\/p>\n<p>Photos du petit g\u00eete et du domaine sur lequel il se trouve. Une belle maison de vacances pour deux personnes.<\/p>\n<p>[\/et_pb_text][\/et_pb_column][\/et_pb_row][\/et_pb_section][et_pb_section fb_built=\u00a0\u00bb1&Prime; module_class=\u00a0\u00bbet-lb-content-2 fix-video-close\u00a0\u00bb _builder_version=\u00a0\u00bb4.22.2&Prime; _module_preset=\u00a0\u00bbdefault\u00a0\u00bb background_color=\u00a0\u00bbrgba(46,91,147,0.42)\u00a0\u00bb height=\u00a0\u00bb100vh\u00a0\u00bb locked=\u00a0\u00bboff\u00a0\u00bb global_colors_info=\u00a0\u00bb{}\u00a0\u00bb][et_pb_row _builder_version=\u00a0\u00bb4.22.2&Prime; _module_preset=\u00a0\u00bbdefault\u00a0\u00bb background_enable_color=\u00a0\u00bboff\u00a0\u00bb custom_margin=\u00a0\u00bb41px|auto||auto|false|false\u00a0\u00bb custom_padding=\u00a0\u00bb110px||0px||false|false\u00a0\u00bb border_radii=\u00a0\u00bbon|5px|5px|5px|5px\u00a0\u00bb global_colors_info=\u00a0\u00bb{}\u00a0\u00bb][et_pb_column type=\u00a0\u00bb4_4&Prime; _builder_version=\u00a0\u00bb4.21.0&Prime; _module_preset=\u00a0\u00bbdefault\u00a0\u00bb global_colors_info=\u00a0\u00bb{}\u00a0\u00bb][et_pb_video src=\u00a0\u00bbhttps:\/\/www.youtube.com\/watch?v=R35gy-tJlj0&Prime; _builder_version=\u00a0\u00bb4.22.2&Prime; _module_preset=\u00a0\u00bbdefault\u00a0\u00bb custom_margin=\u00a0\u00bb9px||||false|true\u00a0\u00bb border_radii=\u00a0\u00bbon|5px|5px|5px|5px\u00a0\u00bb global_colors_info=\u00a0\u00bb{}\u00a0\u00bb][\/et_pb_video][\/et_pb_column][\/et_pb_row][\/et_pb_section][et_pb_section fb_built=\u00a0\u00bb1&Prime; module_class=\u00a0\u00bbet-lb-content-3 fix-video-close\u00a0\u00bb _builder_version=\u00a0\u00bb4.22.2&Prime; _module_preset=\u00a0\u00bbdefault\u00a0\u00bb background_color=\u00a0\u00bbrgba(46,91,147,0.42)\u00a0\u00bb height=\u00a0\u00bb100vh\u00a0\u00bb locked=\u00a0\u00bboff\u00a0\u00bb global_colors_info=\u00a0\u00bb{}\u00a0\u00bb][et_pb_row _builder_version=\u00a0\u00bb4.22.2&Prime; _module_preset=\u00a0\u00bbdefault\u00a0\u00bb background_enable_color=\u00a0\u00bboff\u00a0\u00bb custom_margin=\u00a0\u00bb41px|auto||auto|false|false\u00a0\u00bb custom_padding=\u00a0\u00bb110px||0px||false|false\u00a0\u00bb border_radii=\u00a0\u00bbon|5px|5px|5px|5px\u00a0\u00bb global_colors_info=\u00a0\u00bb{}\u00a0\u00bb][et_pb_column type=\u00a0\u00bb4_4&Prime; _builder_version=\u00a0\u00bb4.21.0&Prime; _module_preset=\u00a0\u00bbdefault\u00a0\u00bb global_colors_info=\u00a0\u00bb{}\u00a0\u00bb][et_pb_video src=\u00a0\u00bbhttps:\/\/www.youtube.com\/watch?v=sO9wXQZc0hY\u00a0\u00bb _builder_version=\u00a0\u00bb4.22.2&Prime; _module_preset=\u00a0\u00bbdefault\u00a0\u00bb custom_margin=\u00a0\u00bb9px||||false|true\u00a0\u00bb border_radii=\u00a0\u00bbon|5px|5px|5px|5px\u00a0\u00bb global_colors_info=\u00a0\u00bb{}\u00a0\u00bb][\/et_pb_video][\/et_pb_column][\/et_pb_row][\/et_pb_section]<\/p>\n","protected":false},"excerpt":{"rendered":"<p>Dans et autour des g\u00eetes Impression Petit G\u00eetePhotos du petit g\u00eete et du domaine sur lequel il se trouve. Une belle maison de vacances pour deux personnes.<\/p>\n","protected":false},"author":1,"featured_media":0,"parent":0,"menu_order":0,"comment_status":"closed","ping_status":"closed","template":"","meta":{"_et_pb_use_builder":"on","_et_pb_old_content":"","_et_gb_content_width":"","inline_featured_image":false,"footnotes":""},"yoast_head":"<!-- This site is optimized with the Yoast SEO plugin v24.4 - https:\/\/yoast.com\/wordpress\/plugins\/seo\/ -->\n<title>Impression Petit G\u00eete - Ch\u00e2teau de Bussolles<\/title>\n<meta name=\"robots\" content=\"index, follow, max-snippet:-1, max-image-preview:large, max-video-preview:-1\" \/>\n<link rel=\"canonical\" href=\"https:\/\/www.chateaubussolles.com\/fr\/impression-petit-gite\/\" \/>\n<meta property=\"og:locale\" content=\"fr_FR\" \/>\n<meta property=\"og:type\" content=\"article\" \/>\n<meta property=\"og:title\" content=\"Impression Petit G\u00eete - Ch\u00e2teau de Bussolles\" \/>\n<meta property=\"og:description\" content=\"Dans et autour des g\u00eetes Impression Petit G\u00eetePhotos du petit g\u00eete et du domaine sur lequel il se trouve. Une belle maison de vacances pour deux personnes.\" \/>\n<meta property=\"og:url\" content=\"https:\/\/www.chateaubussolles.com\/fr\/impression-petit-gite\/\" \/>\n<meta property=\"og:site_name\" content=\"Ch\u00e2teau de Bussolles\" \/>\n<meta property=\"article:publisher\" content=\"https:\/\/www.facebook.com\/chateaubussolles\" \/>\n<meta property=\"article:modified_time\" content=\"2025-01-28T12:06:32+00:00\" \/>\n<meta name=\"twitter:card\" content=\"summary_large_image\" \/>\n<meta name=\"twitter:label1\" content=\"Dur\u00e9e de lecture estim\u00e9e\" \/>\n\t<meta name=\"twitter:data1\" content=\"4 minutes\" \/>\n<script type=\"application\/ld+json\" class=\"yoast-schema-graph\">{\"@context\":\"https:\/\/schema.org\",\"@graph\":[{\"@type\":\"WebPage\",\"@id\":\"https:\/\/www.chateaubussolles.com\/fr\/impression-petit-gite\/\",\"url\":\"https:\/\/www.chateaubussolles.com\/fr\/impression-petit-gite\/\",\"name\":\"Impression Petit G\u00eete - Ch\u00e2teau de Bussolles\",\"isPartOf\":{\"@id\":\"https:\/\/www.chateaubussolles.com\/fr\/#website\"},\"datePublished\":\"2023-11-29T14:33:57+00:00\",\"dateModified\":\"2025-01-28T12:06:32+00:00\",\"breadcrumb\":{\"@id\":\"https:\/\/www.chateaubussolles.com\/fr\/impression-petit-gite\/#breadcrumb\"},\"inLanguage\":\"fr-FR\",\"potentialAction\":[{\"@type\":\"ReadAction\",\"target\":[\"https:\/\/www.chateaubussolles.com\/fr\/impression-petit-gite\/\"]}]},{\"@type\":\"BreadcrumbList\",\"@id\":\"https:\/\/www.chateaubussolles.com\/fr\/impression-petit-gite\/#breadcrumb\",\"itemListElement\":[{\"@type\":\"ListItem\",\"position\":1,\"name\":\"Home\",\"item\":\"https:\/\/www.chateaubussolles.com\/fr\/\"},{\"@type\":\"ListItem\",\"position\":2,\"name\":\"Impression Petit G\u00eete\"}]},{\"@type\":\"WebSite\",\"@id\":\"https:\/\/www.chateaubussolles.com\/fr\/#website\",\"url\":\"https:\/\/www.chateaubussolles.com\/fr\/\",\"name\":\"Ch\u00e2teau de Bussolles\",\"description\":\"Vakantie of retreat in stijl\",\"publisher\":{\"@id\":\"https:\/\/www.chateaubussolles.com\/fr\/#organization\"},\"potentialAction\":[{\"@type\":\"SearchAction\",\"target\":{\"@type\":\"EntryPoint\",\"urlTemplate\":\"https:\/\/www.chateaubussolles.com\/fr\/?s={search_term_string}\"},\"query-input\":{\"@type\":\"PropertyValueSpecification\",\"valueRequired\":true,\"valueName\":\"search_term_string\"}}],\"inLanguage\":\"fr-FR\"},{\"@type\":\"Organization\",\"@id\":\"https:\/\/www.chateaubussolles.com\/fr\/#organization\",\"name\":\"Ch\u00e2teau de Bussolles\",\"url\":\"https:\/\/www.chateaubussolles.com\/fr\/\",\"logo\":{\"@type\":\"ImageObject\",\"inLanguage\":\"fr-FR\",\"@id\":\"https:\/\/www.chateaubussolles.com\/fr\/#\/schema\/logo\/image\/\",\"url\":\"https:\/\/chateaudebussolles.com\/wp-content\/uploads\/2023\/11\/CHATEAU-BLUE-JPG-scaled.jpg\",\"contentUrl\":\"https:\/\/chateaudebussolles.com\/wp-content\/uploads\/2023\/11\/CHATEAU-BLUE-JPG-scaled.jpg\",\"width\":2560,\"height\":544,\"caption\":\"Ch\u00e2teau de Bussolles\"},\"image\":{\"@id\":\"https:\/\/www.chateaubussolles.com\/fr\/#\/schema\/logo\/image\/\"},\"sameAs\":[\"https:\/\/www.facebook.com\/chateaubussolles\",\"https:\/\/www.instagram.com\/chateaubussolles\/\"]}]}<\/script>\n<!-- \/ Yoast SEO plugin. -->","yoast_head_json":{"title":"Impression Petit G\u00eete - Ch\u00e2teau de Bussolles","robots":{"index":"index","follow":"follow","max-snippet":"max-snippet:-1","max-image-preview":"max-image-preview:large","max-video-preview":"max-video-preview:-1"},"canonical":"https:\/\/www.chateaubussolles.com\/fr\/impression-petit-gite\/","og_locale":"fr_FR","og_type":"article","og_title":"Impression Petit G\u00eete - Ch\u00e2teau de Bussolles","og_description":"Dans et autour des g\u00eetes Impression Petit G\u00eetePhotos du petit g\u00eete et du domaine sur lequel il se trouve. Une belle maison de vacances pour deux personnes.","og_url":"https:\/\/www.chateaubussolles.com\/fr\/impression-petit-gite\/","og_site_name":"Ch\u00e2teau de Bussolles","article_publisher":"https:\/\/www.facebook.com\/chateaubussolles","article_modified_time":"2025-01-28T12:06:32+00:00","twitter_card":"summary_large_image","twitter_misc":{"Dur\u00e9e de lecture estim\u00e9e":"4 minutes"},"schema":{"@context":"https:\/\/schema.org","@graph":[{"@type":"WebPage","@id":"https:\/\/www.chateaubussolles.com\/fr\/impression-petit-gite\/","url":"https:\/\/www.chateaubussolles.com\/fr\/impression-petit-gite\/","name":"Impression Petit G\u00eete - Ch\u00e2teau de Bussolles","isPartOf":{"@id":"https:\/\/www.chateaubussolles.com\/fr\/#website"},"datePublished":"2023-11-29T14:33:57+00:00","dateModified":"2025-01-28T12:06:32+00:00","breadcrumb":{"@id":"https:\/\/www.chateaubussolles.com\/fr\/impression-petit-gite\/#breadcrumb"},"inLanguage":"fr-FR","potentialAction":[{"@type":"ReadAction","target":["https:\/\/www.chateaubussolles.com\/fr\/impression-petit-gite\/"]}]},{"@type":"BreadcrumbList","@id":"https:\/\/www.chateaubussolles.com\/fr\/impression-petit-gite\/#breadcrumb","itemListElement":[{"@type":"ListItem","position":1,"name":"Home","item":"https:\/\/www.chateaubussolles.com\/fr\/"},{"@type":"ListItem","position":2,"name":"Impression Petit G\u00eete"}]},{"@type":"WebSite","@id":"https:\/\/www.chateaubussolles.com\/fr\/#website","url":"https:\/\/www.chateaubussolles.com\/fr\/","name":"Ch\u00e2teau de Bussolles","description":"Vakantie of retreat in stijl","publisher":{"@id":"https:\/\/www.chateaubussolles.com\/fr\/#organization"},"potentialAction":[{"@type":"SearchAction","target":{"@type":"EntryPoint","urlTemplate":"https:\/\/www.chateaubussolles.com\/fr\/?s={search_term_string}"},"query-input":{"@type":"PropertyValueSpecification","valueRequired":true,"valueName":"search_term_string"}}],"inLanguage":"fr-FR"},{"@type":"Organization","@id":"https:\/\/www.chateaubussolles.com\/fr\/#organization","name":"Ch\u00e2teau de Bussolles","url":"https:\/\/www.chateaubussolles.com\/fr\/","logo":{"@type":"ImageObject","inLanguage":"fr-FR","@id":"https:\/\/www.chateaubussolles.com\/fr\/#\/schema\/logo\/image\/","url":"https:\/\/chateaudebussolles.com\/wp-content\/uploads\/2023\/11\/CHATEAU-BLUE-JPG-scaled.jpg","contentUrl":"https:\/\/chateaudebussolles.com\/wp-content\/uploads\/2023\/11\/CHATEAU-BLUE-JPG-scaled.jpg","width":2560,"height":544,"caption":"Ch\u00e2teau de Bussolles"},"image":{"@id":"https:\/\/www.chateaubussolles.com\/fr\/#\/schema\/logo\/image\/"},"sameAs":["https:\/\/www.facebook.com\/chateaubussolles","https:\/\/www.instagram.com\/chateaubussolles\/"]}]}},"_links":{"self":[{"href":"https:\/\/www.chateaubussolles.com\/fr\/wp-json\/wp\/v2\/pages\/987514983"}],"collection":[{"href":"https:\/\/www.chateaubussolles.com\/fr\/wp-json\/wp\/v2\/pages"}],"about":[{"href":"https:\/\/www.chateaubussolles.com\/fr\/wp-json\/wp\/v2\/types\/page"}],"author":[{"embeddable":true,"href":"https:\/\/www.chateaubussolles.com\/fr\/wp-json\/wp\/v2\/users\/1"}],"replies":[{"embeddable":true,"href":"https:\/\/www.chateaubussolles.com\/fr\/wp-json\/wp\/v2\/comments?post=987514983"}],"version-history":[{"count":26,"href":"https:\/\/www.chateaubussolles.com\/fr\/wp-json\/wp\/v2\/pages\/987514983\/revisions"}],"predecessor-version":[{"id":987517014,"href":"https:\/\/www.chateaubussolles.com\/fr\/wp-json\/wp\/v2\/pages\/987514983\/revisions\/987517014"}],"wp:attachment":[{"href":"https:\/\/www.chateaubussolles.com\/fr\/wp-json\/wp\/v2\/media?parent=987514983"}],"curies":[{"name":"wp","href":"https:\/\/api.w.org\/{rel}","templated":true}]}}