{"id":987514563,"date":"2023-05-01T14:53:23","date_gmt":"2023-05-01T14:53:23","guid":{"rendered":"https:\/\/chateaudebussolles.com\/politique-de-confidentialite\/"},"modified":"2023-12-07T09:44:00","modified_gmt":"2023-12-07T09:44:00","slug":"politique-de-confidentialite","status":"publish","type":"page","link":"https:\/\/www.chateaubussolles.com\/fr\/politique-de-confidentialite\/","title":{"rendered":"Politique de confidentialit\u00e9"},"content":{"rendered":"<p>[et_pb_section fb_built=\u00a0\u00bb1&Prime; admin_label=\u00a0\u00bbsection\u00a0\u00bb _builder_version=\u00a0\u00bb4.16&Prime; global_colors_info=\u00a0\u00bb{}\u00a0\u00bb][et_pb_row admin_label=\u00a0\u00bbrow\u00a0\u00bb _builder_version=\u00a0\u00bb4.16&Prime; background_size=\u00a0\u00bbinitial\u00a0\u00bb background_position=\u00a0\u00bbtop_left\u00a0\u00bb background_repeat=\u00a0\u00bbrepeat\u00a0\u00bb custom_padding=\u00a0\u00bb20px|||||\u00a0\u00bb global_colors_info=\u00a0\u00bb{}\u00a0\u00bb][et_pb_column type=\u00a0\u00bb4_4&Prime; _builder_version=\u00a0\u00bb4.16&Prime; custom_padding=\u00a0\u00bb|||\u00a0\u00bb global_colors_info=\u00a0\u00bb{}\u00a0\u00bb custom_padding__hover=\u00a0\u00bb|||\u00a0\u00bb][et_pb_text admin_label=\u00a0\u00bbText\u00a0\u00bb _builder_version=\u00a0\u00bb4.22.2&Prime; background_size=\u00a0\u00bbinitial\u00a0\u00bb background_position=\u00a0\u00bbtop_left\u00a0\u00bb background_repeat=\u00a0\u00bbrepeat\u00a0\u00bb hover_enabled=\u00a0\u00bb0&Prime; global_colors_info=\u00a0\u00bb{}\u00a0\u00bb sticky_enabled=\u00a0\u00bb0&Prime;]<\/p>\n<p><!-- divi:heading --><\/p>\n<h2>Politique de confidentialit\u00e9<\/h2>\n<p>Le domaine Ch\u00e2teau de Bussolles attache une grande importance \u00e0 la protection de vos donn\u00e9es personnelles. Dans cette politique de confidentialit\u00e9, nous souhaitons fournir des informations claires et <br \/>transparentes sur la mani\u00e8re dont nous traitons les donn\u00e9es personnelles.<\/p>\n<p>Nous mettons tout en \u0153uvre pour garantir votre vie priv\u00e9e et traitons donc soigneusement les donn\u00e9es personnelles. Le domaine Ch\u00e2teau de Bussolles se conforme dans tous les cas \u00e0 la l\u00e9gislation applicable, y compris le R\u00e8glement g\u00e9n\u00e9ral sur la protection des donn\u00e9es. Cela signifie que nous faisons au moins ce qui suit :  <\/p>\n<p style=\"padding-left: 40px;\">\u2022 Nous traitons vos donn\u00e9es personnelles conform\u00e9ment \u00e0 l&rsquo;objectif pour lequel elles ont \u00e9t\u00e9 fournies ; ces objectifs et types de donn\u00e9es personnelles sont d\u00e9crits dans cette politique de confidentialit\u00e9 ;<\/p>\n<p style=\"padding-left: 40px;\">\u2022 Le traitement de vos donn\u00e9es personnelles est limit\u00e9 aux seules donn\u00e9es qui sont strictement n\u00e9cessaires aux fins pour lesquelles elles sont trait\u00e9es ;<\/p>\n<p style=\"padding-left: 40px;\">\u2022 Nous demandons votre consentement explicite lorsque nous en avons besoin pour le traitement de vos donn\u00e9es personnelles ;<\/p>\n<p style=\"padding-left: 40px;\">\u2022 Nous avons mis en place des mesures techniques et organisationnelles appropri\u00e9es pour garantir la s\u00e9curit\u00e9 de vos donn\u00e9es personnelles ;<\/p>\n<p style=\"padding-left: 40px;\">\u2022 Nous ne transmettons pas de donn\u00e9es personnelles \u00e0 d&rsquo;autres parties, sauf si cela est n\u00e9cessaire pour l&rsquo;ex\u00e9cution des objectifs pour lesquels elles ont \u00e9t\u00e9 fournies ;<\/p>\n<p style=\"padding-left: 40px;\">\u2022 Nous sommes conscients de vos droits concernant vos donn\u00e9es personnelles, nous tenons \u00e0 vous les signaler et \u00e0 les respecter.<\/p>\n<p>En tant que domaine Ch\u00e2teau de Bussolles, nous sommes responsables du traitement de vos donn\u00e9es personnelles. Si, apr\u00e8s avoir lu notre politique de confidentialit\u00e9, ou de mani\u00e8re plus g\u00e9n\u00e9rale, vous avez des questions ou souhaitez nous contacter, vous pouvez le faire via les coordonn\u00e9es en bas de ce document. <\/p>\n<p>&nbsp;<\/p>\n<h2>Traitement des donn\u00e9es personnelles des clients ou fournisseurs<\/h2>\n<p>Le domaine Ch\u00e2teau de Bussolles traite les donn\u00e9es personnelles des clients ou fournisseurs dans le but suivant :<\/p>\n<p style=\"padding-left: 40px;\">\u2022 Fins administratives ;<br \/>\u2022 Communication concernant la commande et\/ou les invitations ;<br \/>\u2022 Ex\u00e9cution ou \u00e9mission d&rsquo;une commande.<\/p>\n<p>La base juridique de ce traitement de donn\u00e9es personnelles est :<\/p>\n<p style=\"padding-left: 40px;\">\u2022 L&rsquo;accord conclu pour la commande.<\/p>\n<p>Pour les objectifs susmentionn\u00e9s, le domaine Ch\u00e2teau de Bussolles peut vous demander les donn\u00e9es personnelles suivantes :<\/p>\n<p style=\"padding-left: 40px;\">\u2022 Nom, adresse, lieu de r\u00e9sidence, num\u00e9ro de t\u00e9l\u00e9phone, adresse e-mail, genre, informations m\u00e9dicales pertinentes, num\u00e9ro de compte bancaire (pour les fournisseurs).<\/p>\n<p>Vos donn\u00e9es personnelles seront conserv\u00e9es par le domaine Ch\u00e2teau de Bussolles pour les traitements susmentionn\u00e9s:<\/p>\n<p style=\"padding-left: 40px;\">\u2022 Pendant la dur\u00e9e de l&rsquo;accord et ensuite uniquement dans l&rsquo;administration, pour une p\u00e9riode maximale de 7 ans.<\/p>\n<p>&nbsp;<\/p>\n<h2>Traitement des donn\u00e9es personnelles des abonn\u00e9s \u00e0 la newsletter<\/h2>\n<p>Le domaine Ch\u00e2teau de Bussolles traite les donn\u00e9es personnelles des abonn\u00e9s \u00e0 la newsletter dans le but suivant :<\/p>\n<p style=\"padding-left: 40px;\">\u2022 Informer la personne par le biais de publications d&rsquo;actualit\u00e9s.<\/p>\n<p>La base juridique de ce traitement de donn\u00e9es personnelles est :<\/p>\n<p style=\"padding-left: 40px;\">\u2022 Le formulaire d&rsquo;inscription \u00e0 la newsletter.<\/p>\n<p>Pour les objectifs susmentionn\u00e9s, le domaine Ch\u00e2teau de Bussolles peut vous demander les donn\u00e9es personnelles suivantes :<\/p>\n<p style=\"padding-left: 40px;\">\u2022 Nom, adresse e-mail.<\/p>\n<p>Vos donn\u00e9es personnelles seront conserv\u00e9es par le domaine Ch\u00e2teau de Bussolles pour les traitements susmentionn\u00e9s:<\/p>\n<p style=\"padding-left: 40px;\">\u2022 Pendant la p\u00e9riode de l&rsquo;inscription.<\/p>\n<p>Traitement des donn\u00e9es personnelles des prospects, des contacts stakeholders\/lobbyistes et\/ou des personnes int\u00e9ress\u00e9es<\/p>\n<p>Le domaine Ch\u00e2teau de Bussolles traite les donn\u00e9es personnelles des prospects, des contacts stakeholders ou des personnes int\u00e9ress\u00e9es dans le but suivant :<\/p>\n<p style=\"padding-left: 40px;\">\u2022 Fournir des informations sous forme de bulletins d&rsquo;information et\/ou de contacts cibl\u00e9s.<\/p>\n<p>La base juridique de ce traitement de donn\u00e9es personnelles est :<\/p>\n<p style=\"padding-left: 40px;\">\u2022 Consentement oral, remise d&rsquo;une carte de visite et\/ou via une connexion sur les r\u00e9seaux sociaux.<\/p>\n<p>Pour les objectifs susmentionn\u00e9s, le domaine Ch\u00e2teau de Bussolles peut vous demander les donn\u00e9es personnelles suivantes :<\/p>\n<p style=\"padding-left: 40px;\">\u2022 Nom, adresse, lieu de r\u00e9sidence, num\u00e9ro de t\u00e9l\u00e9phone, adresse e-mail.<\/p>\n<p>Vos donn\u00e9es personnelles seront conserv\u00e9es par le domaine Ch\u00e2teau de Bussolles pour les traitements susmentionn\u00e9s:<\/p>\n<p style=\"padding-left: 40px;\">\u2022 Pendant la p\u00e9riode pendant laquelle une personne est consid\u00e9r\u00e9e comme un prospect, un contact stakeholder ou une personne int\u00e9ress\u00e9e.<\/p>\n<p>&nbsp;<\/p>\n<p>&nbsp;<\/p>\n<h2>Traitement des donn\u00e9es personnelles des employ\u00e9s<\/h2>\n<p>Le domaine Ch\u00e2teau de Bussolles traite les donn\u00e9es personnelles des employ\u00e9s dans le but suivant :<\/p>\n<p style=\"padding-left: 40px;\">\u2022 Ex\u00e9cution du contrat de travail.<\/p>\n<p>La base juridique de ce traitement de donn\u00e9es personnelles est :<\/p>\n<p style=\"padding-left: 40px;\">\u2022 Le contrat de travail.<\/p>\n<p>Pour les objectifs susmentionn\u00e9s, le domaine Ch\u00e2teau de Bussolles peut vous demander les donn\u00e9es personnelles suivantes :<\/p>\n<p style=\"padding-left: 40px;\">\u2022 Nom, adresse, lieu de r\u00e9sidence, num\u00e9ro de t\u00e9l\u00e9phone, adresse e-mail, date de naissance, informations salariales, copie de la pi\u00e8ce d&rsquo;identit\u00e9, num\u00e9ro de s\u00e9curit\u00e9 sociale (BSN), coordonn\u00e9es bancaires.<\/p>\n<p>Vos donn\u00e9es personnelles seront conserv\u00e9es par le domaine Ch\u00e2teau de Bussolles pour les traitements susmentionn\u00e9s:<\/p>\n<p style=\"padding-left: 40px;\">\u2022 Pendant la dur\u00e9e du contrat de travail et ensuite uniquement dans l&rsquo;administration, pour une p\u00e9riode maximale de 7 ans.<\/p>\n<p>&nbsp;<\/p>\n<h2>Communication \u00e0 des tiers<\/h2>\n<p>Les donn\u00e9es que vous nous fournissez peuvent \u00eatre communiqu\u00e9es \u00e0 des tiers si cela est n\u00e9cessaire \u00e0 l&rsquo;ex\u00e9cution des objectifs d\u00e9crits ci-dessus.<\/p>\n<p>Nous faisons appel \u00e0 un tiers pour:<\/p>\n<p style=\"padding-left: 40px;\">\u2022 La gestion de l&rsquo;environnement Internet du programme RGPD;<br \/>\u2022 La gestion de l&rsquo;administration;<br \/>\u2022 La gestion des newsletters et des invitations.<\/p>\n<p>Nous ne transmettons jamais de donn\u00e9es personnelles \u00e0 d&rsquo;autres parties avec lesquelles nous n&rsquo;avons pas conclu d&rsquo;accord de traitement. Avec ces parties (processeurs), nous concluons bien entendu les accords n\u00e9cessaires pour garantir la s\u00e9curit\u00e9 de vos donn\u00e9es personnelles. De plus, nous  <br \/>ne fournirons pas les donn\u00e9es que vous avez fournies \u00e0 d&rsquo;autres parties, sauf si cela est l\u00e9galement obligatoire et autoris\u00e9. Un exemple en est que la police, <br \/>dans le cadre d&rsquo;une enqu\u00eate, demande des donn\u00e9es (personnelles) aupr\u00e8s de nous. Dans un tel cas, nous sommes tenus de coop\u00e9rer et sommes donc oblig\u00e9s <\/p>\n<p>de fournir ces donn\u00e9es. Nous pouvons \u00e9galement partager des donn\u00e9es personnelles avec des tiers si vous nous donnez votre consentement \u00e9crit \u00e0 cet effet. <\/p>\n<p>&nbsp;<\/p>\n<h2>Au sein de l&rsquo;UE<\/h2>\n<p>Nous ne fournissons pas de donn\u00e9es personnelles \u00e0 des parties \u00e9tablies en dehors de l&rsquo;Union europ\u00e9enne.<\/p>\n<p>&nbsp;<\/p>\n<h2>Mineurs<\/h2>\n<p>Nous ne traitons des donn\u00e9es personnelles de mineurs (personnes de moins de 16 ans) que si une autorisation \u00e9crite a \u00e9t\u00e9 donn\u00e9e par le parent, le tuteur ou le repr\u00e9sentant l\u00e9gal.<\/p>\n<p>&nbsp;<\/p>\n<h2>Dur\u00e9e de conservation<\/h2>\n<p>Le domaine Ch\u00e2teau de Bussolles ne conserve pas les donn\u00e9es personnelles plus longtemps que n\u00e9cessaire pour l&rsquo;objectif pour lequel elles ont \u00e9t\u00e9 fournies, ou tel que requis par la loi.<\/p>\n<p>&nbsp;<\/p>\n<h2>S\u00e9curit\u00e9<\/h2>\n<p>Nous avons mis en place des mesures techniques et organisationnelles appropri\u00e9es pour prot\u00e9ger vos donn\u00e9es personnelles contre tout traitement illicite. \u00c0 cet \u00e9gard, nous avons pris les mesures suivantes :<\/p>\n<p style=\"padding-left: 40px;\">\u2022 Toutes les personnes ayant acc\u00e8s \u00e0 vos donn\u00e9es au nom du domaine Ch\u00e2teau de Bussolles sont tenues de les garder confidentielles.<br \/>\u2022 Nous appliquons une politique de nom d&rsquo;utilisateur et de mot de passe sur tous nos syst\u00e8mes.<br \/>\u2022 Nous pseudonymisons et assurons le chiffrement des donn\u00e9es personnelles lorsque cela est justifi\u00e9.<br \/>\u2022 Nous effectuons des sauvegardes des donn\u00e9es personnelles afin de pouvoir les restaurer en cas d&rsquo;incidents physiques ou techniques.<br \/>\u2022 Nous testons et \u00e9valuons r\u00e9guli\u00e8rement nos mesures.<br \/>\u2022 Nos employ\u00e9s sont inform\u00e9s de l&rsquo;importance de la protection des donn\u00e9es personnelles.<\/p>\n<p>&nbsp;<\/p>\n<h2>Droits concernant vos donn\u00e9es<\/h2>\n<p>Vous avez le droit d&rsquo;acc\u00e9der, de rectifier ou de supprimer les donn\u00e9es personnelles que nous avons re\u00e7ues de votre part. Vous avez \u00e9galement le droit de vous opposer au traitement de vos donn\u00e9es personnelles (ou d&rsquo;une partie de celles-ci) par nous ou par l&rsquo;un de nos processeurs. De plus, vous avez le droit de faire transf\u00e9rer les donn\u00e9es que vous nous avez fournies, soit \u00e0 vous-m\u00eame, soit sur ordre de votre part directement \u00e0 une autre partie. Nous pouvons vous demander de vous l\u00e9gitimer avant de pouvoir donner suite \u00e0 ces demandes.<\/p>\n<p>Si nous traitons vos donn\u00e9es personnelles sur la base d&rsquo;un consentement que vous avez donn\u00e9, vous avez toujours le droit de retirer ce consentement.<\/p>\n<p>&nbsp;<\/p>\n<h2>Plaintes<\/h2>\n<p>Si vous avez une r\u00e9clamation concernant le traitement de vos donn\u00e9es personnelles, nous vous demandons de nous contacter directement \u00e0 ce sujet. Si nous ne parvenons pas \u00e0 r\u00e9soudre le probl\u00e8me avec vous, nous le regrettons bien s\u00fbr. Vous avez toujours le droit de d\u00e9poser une r\u00e9clamation aupr\u00e8s de l&rsquo;Autorit\u00e9 de protection des donn\u00e9es, qui est l&rsquo;autorit\u00e9 de surveillance en mati\u00e8re de protection de la vie priv\u00e9e.<\/p>\n<p>&nbsp;<\/p>\n<h2>Questions<\/h2>\n<p>Si vous avez des questions ou des commentaires suite \u00e0 notre D\u00e9claration de confidentialit\u00e9, veuillez nous contacter !<\/p>\n<p><!-- \/divi:paragraph --><\/p>\n<p>[\/et_pb_text][\/et_pb_column][\/et_pb_row][\/et_pb_section]<\/p>\n","protected":false},"excerpt":{"rendered":"<p>Politique de confidentialit\u00e9 Le domaine Ch\u00e2teau de Bussolles attache une grande importance \u00e0 la protection de vos donn\u00e9es personnelles. Dans cette politique de confidentialit\u00e9, nous souhaitons fournir des informations claires et transparentes sur la mani\u00e8re dont nous traitons les donn\u00e9es personnelles. Nous mettons tout en \u0153uvre pour garantir votre vie priv\u00e9e et traitons donc soigneusement [&hellip;]<\/p>\n","protected":false},"author":2,"featured_media":0,"parent":0,"menu_order":0,"comment_status":"closed","ping_status":"closed","template":"","meta":{"_et_pb_use_builder":"on","_et_pb_old_content":"","_et_gb_content_width":"","inline_featured_image":false,"footnotes":""},"yoast_head":"<!-- This site is optimized with the Yoast SEO plugin v24.4 - https:\/\/yoast.com\/wordpress\/plugins\/seo\/ -->\n<title>Politique de confidentialit\u00e9 - Ch\u00e2teau de Bussolles<\/title>\n<meta name=\"description\" content=\"Le Domaine du Ch\u00e2teau de Bussolles attache une grande importance \u00e0 la protection de vos donn\u00e9es personnelles. Consultez notre politique de confidentialit\u00e9 ici.\" \/>\n<meta name=\"robots\" content=\"index, follow, max-snippet:-1, max-image-preview:large, max-video-preview:-1\" \/>\n<link rel=\"canonical\" href=\"https:\/\/www.chateaubussolles.com\/fr\/politique-de-confidentialite\/\" \/>\n<meta property=\"og:locale\" content=\"fr_FR\" \/>\n<meta property=\"og:type\" content=\"article\" \/>\n<meta property=\"og:title\" content=\"Politique de confidentialit\u00e9 - Ch\u00e2teau de Bussolles\" \/>\n<meta property=\"og:description\" content=\"Le Domaine du Ch\u00e2teau de Bussolles attache une grande importance \u00e0 la protection de vos donn\u00e9es personnelles. Consultez notre politique de confidentialit\u00e9 ici.\" \/>\n<meta property=\"og:url\" content=\"https:\/\/www.chateaubussolles.com\/fr\/politique-de-confidentialite\/\" \/>\n<meta property=\"og:site_name\" content=\"Ch\u00e2teau de Bussolles\" \/>\n<meta property=\"article:publisher\" content=\"https:\/\/www.facebook.com\/chateaubussolles\" \/>\n<meta property=\"article:modified_time\" content=\"2023-12-07T09:44:00+00:00\" \/>\n<meta name=\"twitter:card\" content=\"summary_large_image\" \/>\n<meta name=\"twitter:label1\" content=\"Dur\u00e9e de lecture estim\u00e9e\" \/>\n\t<meta name=\"twitter:data1\" content=\"8 minutes\" \/>\n<script type=\"application\/ld+json\" class=\"yoast-schema-graph\">{\"@context\":\"https:\/\/schema.org\",\"@graph\":[{\"@type\":\"WebPage\",\"@id\":\"https:\/\/www.chateaubussolles.com\/fr\/politique-de-confidentialite\/\",\"url\":\"https:\/\/www.chateaubussolles.com\/fr\/politique-de-confidentialite\/\",\"name\":\"Politique de confidentialit\u00e9 - Ch\u00e2teau de Bussolles\",\"isPartOf\":{\"@id\":\"https:\/\/www.chateaubussolles.com\/fr\/#website\"},\"datePublished\":\"2023-05-01T14:53:23+00:00\",\"dateModified\":\"2023-12-07T09:44:00+00:00\",\"description\":\"Le Domaine du Ch\u00e2teau de Bussolles attache une grande importance \u00e0 la protection de vos donn\u00e9es personnelles. Consultez notre politique de confidentialit\u00e9 ici.\",\"breadcrumb\":{\"@id\":\"https:\/\/www.chateaubussolles.com\/fr\/politique-de-confidentialite\/#breadcrumb\"},\"inLanguage\":\"fr-FR\",\"potentialAction\":[{\"@type\":\"ReadAction\",\"target\":[\"https:\/\/www.chateaubussolles.com\/fr\/politique-de-confidentialite\/\"]}]},{\"@type\":\"BreadcrumbList\",\"@id\":\"https:\/\/www.chateaubussolles.com\/fr\/politique-de-confidentialite\/#breadcrumb\",\"itemListElement\":[{\"@type\":\"ListItem\",\"position\":1,\"name\":\"Home\",\"item\":\"https:\/\/www.chateaubussolles.com\/fr\/\"},{\"@type\":\"ListItem\",\"position\":2,\"name\":\"Politique de confidentialit\u00e9\"}]},{\"@type\":\"WebSite\",\"@id\":\"https:\/\/www.chateaubussolles.com\/fr\/#website\",\"url\":\"https:\/\/www.chateaubussolles.com\/fr\/\",\"name\":\"Ch\u00e2teau de Bussolles\",\"description\":\"Vakantie of retreat in stijl\",\"publisher\":{\"@id\":\"https:\/\/www.chateaubussolles.com\/fr\/#organization\"},\"potentialAction\":[{\"@type\":\"SearchAction\",\"target\":{\"@type\":\"EntryPoint\",\"urlTemplate\":\"https:\/\/www.chateaubussolles.com\/fr\/?s={search_term_string}\"},\"query-input\":{\"@type\":\"PropertyValueSpecification\",\"valueRequired\":true,\"valueName\":\"search_term_string\"}}],\"inLanguage\":\"fr-FR\"},{\"@type\":\"Organization\",\"@id\":\"https:\/\/www.chateaubussolles.com\/fr\/#organization\",\"name\":\"Ch\u00e2teau de Bussolles\",\"url\":\"https:\/\/www.chateaubussolles.com\/fr\/\",\"logo\":{\"@type\":\"ImageObject\",\"inLanguage\":\"fr-FR\",\"@id\":\"https:\/\/www.chateaubussolles.com\/fr\/#\/schema\/logo\/image\/\",\"url\":\"https:\/\/chateaudebussolles.com\/wp-content\/uploads\/2023\/11\/CHATEAU-BLUE-JPG-scaled.jpg\",\"contentUrl\":\"https:\/\/chateaudebussolles.com\/wp-content\/uploads\/2023\/11\/CHATEAU-BLUE-JPG-scaled.jpg\",\"width\":2560,\"height\":544,\"caption\":\"Ch\u00e2teau de Bussolles\"},\"image\":{\"@id\":\"https:\/\/www.chateaubussolles.com\/fr\/#\/schema\/logo\/image\/\"},\"sameAs\":[\"https:\/\/www.facebook.com\/chateaubussolles\",\"https:\/\/www.instagram.com\/chateaubussolles\/\"]}]}<\/script>\n<!-- \/ Yoast SEO plugin. -->","yoast_head_json":{"title":"Politique de confidentialit\u00e9 - Ch\u00e2teau de Bussolles","description":"Le Domaine du Ch\u00e2teau de Bussolles attache une grande importance \u00e0 la protection de vos donn\u00e9es personnelles. Consultez notre politique de confidentialit\u00e9 ici.","robots":{"index":"index","follow":"follow","max-snippet":"max-snippet:-1","max-image-preview":"max-image-preview:large","max-video-preview":"max-video-preview:-1"},"canonical":"https:\/\/www.chateaubussolles.com\/fr\/politique-de-confidentialite\/","og_locale":"fr_FR","og_type":"article","og_title":"Politique de confidentialit\u00e9 - Ch\u00e2teau de Bussolles","og_description":"Le Domaine du Ch\u00e2teau de Bussolles attache une grande importance \u00e0 la protection de vos donn\u00e9es personnelles. Consultez notre politique de confidentialit\u00e9 ici.","og_url":"https:\/\/www.chateaubussolles.com\/fr\/politique-de-confidentialite\/","og_site_name":"Ch\u00e2teau de Bussolles","article_publisher":"https:\/\/www.facebook.com\/chateaubussolles","article_modified_time":"2023-12-07T09:44:00+00:00","twitter_card":"summary_large_image","twitter_misc":{"Dur\u00e9e de lecture estim\u00e9e":"8 minutes"},"schema":{"@context":"https:\/\/schema.org","@graph":[{"@type":"WebPage","@id":"https:\/\/www.chateaubussolles.com\/fr\/politique-de-confidentialite\/","url":"https:\/\/www.chateaubussolles.com\/fr\/politique-de-confidentialite\/","name":"Politique de confidentialit\u00e9 - Ch\u00e2teau de Bussolles","isPartOf":{"@id":"https:\/\/www.chateaubussolles.com\/fr\/#website"},"datePublished":"2023-05-01T14:53:23+00:00","dateModified":"2023-12-07T09:44:00+00:00","description":"Le Domaine du Ch\u00e2teau de Bussolles attache une grande importance \u00e0 la protection de vos donn\u00e9es personnelles. Consultez notre politique de confidentialit\u00e9 ici.","breadcrumb":{"@id":"https:\/\/www.chateaubussolles.com\/fr\/politique-de-confidentialite\/#breadcrumb"},"inLanguage":"fr-FR","potentialAction":[{"@type":"ReadAction","target":["https:\/\/www.chateaubussolles.com\/fr\/politique-de-confidentialite\/"]}]},{"@type":"BreadcrumbList","@id":"https:\/\/www.chateaubussolles.com\/fr\/politique-de-confidentialite\/#breadcrumb","itemListElement":[{"@type":"ListItem","position":1,"name":"Home","item":"https:\/\/www.chateaubussolles.com\/fr\/"},{"@type":"ListItem","position":2,"name":"Politique de confidentialit\u00e9"}]},{"@type":"WebSite","@id":"https:\/\/www.chateaubussolles.com\/fr\/#website","url":"https:\/\/www.chateaubussolles.com\/fr\/","name":"Ch\u00e2teau de Bussolles","description":"Vakantie of retreat in stijl","publisher":{"@id":"https:\/\/www.chateaubussolles.com\/fr\/#organization"},"potentialAction":[{"@type":"SearchAction","target":{"@type":"EntryPoint","urlTemplate":"https:\/\/www.chateaubussolles.com\/fr\/?s={search_term_string}"},"query-input":{"@type":"PropertyValueSpecification","valueRequired":true,"valueName":"search_term_string"}}],"inLanguage":"fr-FR"},{"@type":"Organization","@id":"https:\/\/www.chateaubussolles.com\/fr\/#organization","name":"Ch\u00e2teau de Bussolles","url":"https:\/\/www.chateaubussolles.com\/fr\/","logo":{"@type":"ImageObject","inLanguage":"fr-FR","@id":"https:\/\/www.chateaubussolles.com\/fr\/#\/schema\/logo\/image\/","url":"https:\/\/chateaudebussolles.com\/wp-content\/uploads\/2023\/11\/CHATEAU-BLUE-JPG-scaled.jpg","contentUrl":"https:\/\/chateaudebussolles.com\/wp-content\/uploads\/2023\/11\/CHATEAU-BLUE-JPG-scaled.jpg","width":2560,"height":544,"caption":"Ch\u00e2teau de Bussolles"},"image":{"@id":"https:\/\/www.chateaubussolles.com\/fr\/#\/schema\/logo\/image\/"},"sameAs":["https:\/\/www.facebook.com\/chateaubussolles","https:\/\/www.instagram.com\/chateaubussolles\/"]}]}},"_links":{"self":[{"href":"https:\/\/www.chateaubussolles.com\/fr\/wp-json\/wp\/v2\/pages\/987514563"}],"collection":[{"href":"https:\/\/www.chateaubussolles.com\/fr\/wp-json\/wp\/v2\/pages"}],"about":[{"href":"https:\/\/www.chateaubussolles.com\/fr\/wp-json\/wp\/v2\/types\/page"}],"author":[{"embeddable":true,"href":"https:\/\/www.chateaubussolles.com\/fr\/wp-json\/wp\/v2\/users\/2"}],"replies":[{"embeddable":true,"href":"https:\/\/www.chateaubussolles.com\/fr\/wp-json\/wp\/v2\/comments?post=987514563"}],"version-history":[{"count":7,"href":"https:\/\/www.chateaubussolles.com\/fr\/wp-json\/wp\/v2\/pages\/987514563\/revisions"}],"predecessor-version":[{"id":987515422,"href":"https:\/\/www.chateaubussolles.com\/fr\/wp-json\/wp\/v2\/pages\/987514563\/revisions\/987515422"}],"wp:attachment":[{"href":"https:\/\/www.chateaubussolles.com\/fr\/wp-json\/wp\/v2\/media?parent=987514563"}],"curies":[{"name":"wp","href":"https:\/\/api.w.org\/{rel}","templated":true}]}}