{"id":987513742,"date":"2023-07-22T09:58:52","date_gmt":"2023-07-22T09:58:52","guid":{"rendered":"https:\/\/chateaudebussolles.com\/conditions-generales\/"},"modified":"2023-12-01T10:52:41","modified_gmt":"2023-12-01T10:52:41","slug":"conditions-generales","status":"publish","type":"page","link":"https:\/\/www.chateaubussolles.com\/fr\/conditions-generales\/","title":{"rendered":"Conditions G\u00e9n\u00e9rales"},"content":{"rendered":"<p>[et_pb_section fb_built=\u00a0\u00bb1&Prime; admin_label=\u00a0\u00bbsection\u00a0\u00bb _builder_version=\u00a0\u00bb4.16&Prime; global_colors_info=\u00a0\u00bb{}\u00a0\u00bb][et_pb_row admin_label=\u00a0\u00bbrow\u00a0\u00bb _builder_version=\u00a0\u00bb4.16&Prime; background_size=\u00a0\u00bbinitial\u00a0\u00bb background_position=\u00a0\u00bbtop_left\u00a0\u00bb background_repeat=\u00a0\u00bbrepeat\u00a0\u00bb custom_padding=\u00a0\u00bb20px|||0px||\u00a0\u00bb global_colors_info=\u00a0\u00bb{}\u00a0\u00bb][et_pb_column type=\u00a0\u00bb4_4&Prime; _builder_version=\u00a0\u00bb4.16&Prime; custom_padding=\u00a0\u00bb|||\u00a0\u00bb global_colors_info=\u00a0\u00bb{}\u00a0\u00bb custom_padding__hover=\u00a0\u00bb|||\u00a0\u00bb][et_pb_text admin_label=\u00a0\u00bbText\u00a0\u00bb _builder_version=\u00a0\u00bb4.22.2&Prime; background_size=\u00a0\u00bbinitial\u00a0\u00bb background_position=\u00a0\u00bbtop_left\u00a0\u00bb background_repeat=\u00a0\u00bbrepeat\u00a0\u00bb hover_enabled=\u00a0\u00bb0&Prime; global_colors_info=\u00a0\u00bb{}\u00a0\u00bb sticky_enabled=\u00a0\u00bb0&Prime;]<\/p>\n<p><!-- divi:heading --><\/p>\n<h2>Conditions G\u00e9n\u00e9rales<\/h2>\n<p>(Conditions G\u00e9n\u00e9rales SARL BUSSOLLES\u00ae(Le texte ci-dessous se trouve \u00e9galement dans ce document : <strong><a href=\"https:\/\/chateaudebussolles.com\/wp-content\/uploads\/2023\/11\/2023-Conditions-Generales-SARL-Bussolles-FR.pdf\" target=\"_blank\" rel=\"noopener\">Conditions g\u00e9n\u00e9rales<\/a><\/strong> de la SARL Bussolles)<span style=\"font-size: 14px;\"> <\/span><\/p>\n<p>SARL BUSSOLLES\u00ae vous propose un s\u00e9jour agr\u00e9able au domaine. Ce patrimoine, nous devons tous le pr\u00e9server. Nous recommandons donc \u00e0 nos clients de souscrire une assurance voyage et annulation. Nos conditions g\u00e9n\u00e9rales sont largement d\u00e9riv\u00e9es des conditions g\u00e9n\u00e9rales de Groups.co.uk.<\/p>\n<p><strong>Conditions G\u00e9n\u00e9rales SARL BUSSOLLES\u00ae <\/strong><\/p>\n<p>Les pr\u00e9sentes conditions g\u00e9n\u00e9rales s&rsquo;appliquent \u00e0 toute offre de SARL BUSSOLLES\u00ae ainsi qu&rsquo;\u00e0 tout accord conclu entre SARL BUSSOLLES\u00ae et le donneur d&rsquo;ordre, le client, le participant (ci-apr\u00e8s d\u00e9nomm\u00e9 \u00ab\u00a0vous\u00a0\u00bb).<\/p>\n<p>&nbsp;<\/p>\n<p><strong>Article 1 D\u00e9finitions <\/strong><\/p>\n<p><strong>Aux fins des pr\u00e9sentes conditions, on entend par:<\/strong><\/p>\n<ol>\n<li>H\u00e9bergement de groupe\/centre de conf\u00e9rence : l&rsquo;ensemble ou une partie de la propri\u00e9t\u00e9, du ch\u00e2teau, des g\u00eetes ou des b\u00e2timents, ainsi que tous les accessoires, l&rsquo;inventaire et les biens lou\u00e9s en suppl\u00e9ment;<\/li>\n<li>Entrepreneur : SARL BUSSOLLES\u00ae qui met l&rsquo;h\u00e9bergement de groupe ou le centre de conf\u00e9rence \u00e0 la disposition du cocontractant ;<\/li>\n<li>Contractant : la personne qui conclut l&rsquo;accord au nom d&rsquo;un groupe;<\/li>\n<li>Groupe : l&rsquo;ensemble des individus ayant le droit, en vertu de l&rsquo;accord, de s\u00e9journer dans l&rsquo;h\u00e9bergement de groupe ou le centre de conf\u00e9rence;<\/li>\n<li>Membres du groupe : les individus faisant partie du groupe;<\/li>\n<li>Prix convenu : la r\u00e9mun\u00e9ration vers\u00e9e pour l&rsquo;utilisation de l&rsquo;h\u00e9bergement de groupe\/du centre de conf\u00e9rence ; il convient de sp\u00e9cifier par \u00e9crit ce qui est inclus et ce qui ne l&rsquo;est pas dans le prix;<\/li>\n<li>Frais : tous les frais pour l&rsquo;entrepreneur li\u00e9s \u00e0 la prestation de l&rsquo;h\u00e9bergement;<\/li>\n<li>Informations : les donn\u00e9es fournies par \u00e9crit ou \u00e9lectroniquement concernant l&rsquo;utilisation de l&rsquo;h\u00e9bergement de groupe\/du centre de conf\u00e9rence, les \u00e9quipements et les r\u00e8gles relatives au s\u00e9jour;<\/li>\n<li>Annulation : la r\u00e9siliation \u00e9crite de l&rsquo;accord par le contractant avant la date de d\u00e9but du s\u00e9jour. Partout o\u00f9 les pr\u00e9sentes conditions font r\u00e9f\u00e9rence \u00e0 l&rsquo;h\u00e9bergement de groupe, il convient \u00e9galement de lire \u00ab\u00a0centre de conf\u00e9rence(s)\u00a0\u00bb.<\/li>\n<\/ol>\n<p><strong> <\/strong><\/p>\n<p><strong> <\/strong><strong>Article 2 Contenu du Contrat<\/strong><\/p>\n<ol>\n<li>L&rsquo;entrepreneur met \u00e0 la disposition du groupe, \u00e0 des fins r\u00e9cr\u00e9atives et\/ou professionnelles, et non \u00e0 des fins de r\u00e9sidence permanente, l&rsquo;h\u00e9bergement de groupe convenu pour la p\u00e9riode convenue et au prix convenu.<\/li>\n<li>L&rsquo;entrepreneur est tenu de fournir au pr\u00e9alable au vacancier les informations \u00e9crites sur la base desquelles ce contrat est conclu. L&rsquo;entrepreneur communique toute modification \u00e0 cet \u00e9gard au contractant en temps utile par \u00e9crit.<\/li>\n<li>Si les informations diff\u00e8rent de mani\u00e8re significative par rapport aux informations fournies lors de la conclusion du contrat, le vacancier a le droit d&rsquo;annuler le contrat sans frais.<\/li>\n<li>Le contractant est tenu de respecter le contrat et les r\u00e8gles figurant dans les informations connexes. Il veille \u00e0 ce que les membres du groupe respectent \u00e9galement le contrat et les r\u00e8gles contenues dans les informations connexes.<\/li>\n<li>L&rsquo;entrepreneur part du principe que le contractant conclut ce contrat avec l&rsquo;accord des membres du groupe.<\/li>\n<li>Le contractant est tenu de remettre \u00e0 l&rsquo;entrepreneur, au plus tard le jour de l&rsquo;arriv\u00e9e, une liste des membres du groupe.<\/li>\n<\/ol>\n<p><strong> <\/strong><\/p>\n<p><strong>Article 3 Dur\u00e9e et Expiration du Contrat <\/strong><\/p>\n<p>Le contrat prend fin automatiquement \u00e0 l&rsquo;expiration de la p\u00e9riode convenue, sans qu&rsquo;une r\u00e9siliation ne soit n\u00e9cessaire.<\/p>\n<p>&nbsp;<\/p>\n<p><strong>Article 4 Prix et Modification des Prix<\/strong><\/p>\n<ol>\n<li>Le prix est convenu sur la base des tarifs en vigueur \u00e0 ce moment, \u00e9tablis par l&rsquo;entrepreneur.<\/li>\n<li>Si, apr\u00e8s la fixation du prix convenu, une charge suppl\u00e9mentaire survient du fait d&rsquo;une augmentation des imp\u00f4ts ou taxes du c\u00f4t\u00e9 de l&rsquo;entrepreneur, affectant directement l&rsquo;h\u00e9bergement ou le contractant et\/ou les membres du groupe, ces co\u00fbts peuvent \u00eatre factur\u00e9s au contractant, m\u00eame apr\u00e8s la conclusion du contrat.<\/li>\n<\/ol>\n<p>&nbsp;<\/p>\n<p><strong>Article 5 Paiement <\/strong><\/p>\n<ol>\n<li>Le contractant doit effectuer les paiements en euros, sauf accord contraire.<\/li>\n<li>Si le contractant, malgr\u00e9 une mise en demeure pr\u00e9alable par \u00e9crit, n&rsquo;ex\u00e9cute pas ou n&rsquo;ex\u00e9cute pas correctement son obligation de paiement dans un d\u00e9lai de deux semaines suivant la mise en demeure \u00e9crite, l&rsquo;entrepreneur a le droit de r\u00e9silier le contrat imm\u00e9diatement, sans pr\u00e9judice du droit de l&rsquo;entrepreneur \u00e0 un paiement int\u00e9gral du prix convenu.<\/li>\n<li>Si, le jour de l&rsquo;arriv\u00e9e, l&rsquo;entrepreneur ne dispose pas du montant total d\u00fb, il est en droit d&rsquo;interdire au contractant et aux membres du groupe l&rsquo;acc\u00e8s \u00e0 l&rsquo;h\u00e9bergement de groupe, sans pr\u00e9judice du droit de l&rsquo;entrepreneur \u00e0 un paiement int\u00e9gral du prix convenu.<\/li>\n<\/ol>\n<ol start=\"4\">\n<li>Les frais extrajudiciaires raisonnables engag\u00e9s par l&rsquo;entrepreneur, apr\u00e8s mise en demeure, sont \u00e0 la charge du contractant. En cas de non-paiement dans les d\u00e9lais, apr\u00e8s sommation \u00e9crite, le taux d&rsquo;int\u00e9r\u00eat l\u00e9gal sur le montant encore d\u00fb sera factur\u00e9.<\/li>\n<\/ol>\n<p>&nbsp;<\/p>\n<p><strong>Article 6 Annulation <\/strong><\/p>\n<ol>\n<li>En cas d&rsquo;annulation, le contractant verse une indemnit\u00e9 \u00e0 l&rsquo;entrepreneur. Celle-ci s&rsquo;\u00e9l\u00e8ve \u00e0:<\/li>\n<\/ol>\n<p>&#8211; pour une annulation plus de douze mois avant la date de d\u00e9but, 10% du prix convenu<\/p>\n<p>&#8211; pour une annulation plus de six mois avant la date de d\u00e9but, 30% du prix convenu;<\/p>\n<p>&#8211; pour une annulation entre quatre et six mois avant la date de d\u00e9but, 70% du prix convenu;<\/p>\n<p>&#8211; pour une annulation entre deux et quatre mois avant la date de d\u00e9but, 80% du prix convenu;<\/p>\n<p>&#8211; pour une annulation moins de deux mois avant la date de d\u00e9but, 95% du prix convenu;<\/p>\n<p>&#8211; pour une annulation le jour de la date de d\u00e9but, 100% du prix convenu.<\/p>\n<ol start=\"2\">\n<li>En cas d&rsquo;annulation plus de six mois avant la date de d\u00e9but du contrat, conclu par ou au nom d&rsquo;une personne autre qu&rsquo;une personne morale ou une entreprise, l&rsquo;indemnit\u00e9 d&rsquo;annulation est rembours\u00e9e proportionnellement, apr\u00e8s d\u00e9duction des frais administratifs, si l&rsquo;h\u00e9bergement de groupe est r\u00e9serv\u00e9 par un tiers sur recommandation du contractant et avec le consentement \u00e9crit de l&rsquo;entrepreneur pour la m\u00eame p\u00e9riode ou une partie de celle-ci.<\/li>\n<\/ol>\n<p><strong> <\/strong><\/p>\n<p><strong>Article 7 Utilisation par des Tiers<\/strong><\/p>\n<ol>\n<li>L&rsquo;utilisation de l&rsquo;h\u00e9bergement de groupe par des tiers n&rsquo;est autoris\u00e9e que si l&rsquo;entrepreneur a donn\u00e9 son accord \u00e9crit \u00e0 cet effet.<\/li>\n<li>L&rsquo;accord donn\u00e9 peut \u00eatre assorti de conditions qui doivent alors \u00eatre convenues au pr\u00e9alable par \u00e9crit.<\/li>\n<\/ol>\n<p><strong> <\/strong><\/p>\n<p><strong>Article 8 D\u00e9part Anticip\u00e9 du Contractant<\/strong><\/p>\n<p>Le contractant est tenu de payer l&rsquo;int\u00e9gralit\u00e9 du prix pour la p\u00e9riode convenue.<\/p>\n<p><strong> <\/strong><\/p>\n<p><strong>Article 9 R\u00e9siliation Anticip\u00e9e par l&rsquo;Entrepreneur et Evacuation en Cas de Manquement Imputable et\/ou Acte Illicite<\/strong><\/p>\n<ol>\n<li>L&rsquo;entrepreneur peut r\u00e9silier le contrat imm\u00e9diatement dans les cas suivants:<\/li>\n<li>L&rsquo;entrepreneur peut r\u00e9silier le contrat imm\u00e9diatement dans les cas suivants : a. Si le contractant et\/ou les membres du groupe ne respectent pas ou ne respectent pas correctement les obligations du contrat, les r\u00e8gles contenues dans les informations connexes et\/ou les r\u00e9glementations gouvernementales, malgr\u00e9 un avertissement pr\u00e9alable par \u00e9crit, et ce, \u00e0 un tel degr\u00e9 qu&rsquo;il ne peut raisonnablement \u00eatre exig\u00e9 de l&rsquo;entrepreneur, compte tenu des principes de justice et d&rsquo;\u00e9quit\u00e9, de continuer le contrat;<\/li>\n<\/ol>\n<ol>\n<li>Si le contractant et\/ou les membres du groupe, malgr\u00e9 un avertissement pr\u00e9alable par \u00e9crit, perturbent la tranquillit\u00e9 de l&rsquo;entrepreneur et\/ou d&rsquo;autres personnes, ou si le contractant et\/ou les membres du groupe nuisent \u00e0 l&rsquo;ambiance agr\u00e9able sur la propri\u00e9t\u00e9 ou dans ses environs;<\/li>\n<li>Si le contractant et\/ou les membres du groupe, malgr\u00e9 un avertissement pr\u00e9alable par \u00e9crit, utilisent l&rsquo;h\u00e9bergement de groupe d&rsquo;une mani\u00e8re contraire \u00e0 la destination de la propri\u00e9t\u00e9.<\/li>\n<li>Si l&rsquo;entrepreneur souhaite r\u00e9silier le contrat de mani\u00e8re anticip\u00e9e et proc\u00e9der \u00e0 l&rsquo;\u00e9vacuation, il doit en informer le contractant par lettre remise en main propre. Apr\u00e8s la r\u00e9siliation, le contractant doit s&rsquo;assurer que l&rsquo;h\u00e9bergement de groupe est \u00e9vacu\u00e9 et que le groupe ou les membres du groupe concern\u00e9s quittent la propri\u00e9t\u00e9 dans les plus brefs d\u00e9lais, mais au plus tard dans les quatre heures.<\/li>\n<li>Si le contractant omet de vider l&rsquo;h\u00e9bergement de groupe, l&rsquo;entrepreneur est autoris\u00e9 \u00e0 \u00e9vacuer l&rsquo;h\u00e9bergement de groupe aux frais du contractant.<\/li>\n<li>En principe, le contractant demeure tenu de payer le tarif convenu.<\/li>\n<\/ol>\n<p>&nbsp;<\/p>\n<p><strong>Article 10 L\u00e9gislation et R\u00e8glementation <\/strong><\/p>\n<ol>\n<li>L&rsquo;entrepreneur veille en permanence \u00e0 ce que l&rsquo;h\u00e9bergement de groupe r\u00e9ponde tant aux exigences environnementales qu&rsquo;aux normes de s\u00e9curit\u00e9, tant \u00e0 l&rsquo;int\u00e9rieur qu&rsquo;\u00e0 l&rsquo;ext\u00e9rieur, impos\u00e9es par les autorit\u00e9s gouvernementales ou qui pourraient leur \u00eatre impos\u00e9es.<\/li>\n<li>Le contractant et les membres du groupe sont tenus de respecter strictement toutes les consignes de s\u00e9curit\u00e9 en vigueur dans l&rsquo;h\u00e9bergement de groupe. Le contractant et les membres du groupe veillent \u00e9galement \u00e0 ce que les tiers qui les visitent et\/ou s\u00e9journent avec eux respectent strictement les consignes de s\u00e9curit\u00e9 en vigueur sur le terrain.<\/li>\n<\/ol>\n<p>&nbsp;<\/p>\n<p><strong>Article 11 Entretien et Am\u00e9nagement <\/strong><\/p>\n<ol>\n<li>L&rsquo;entrepreneur est tenu de maintenir l&rsquo;h\u00e9bergement de groupe et les installations centrales en bon \u00e9tat d&rsquo;entretien.<\/li>\n<li>Le groupe est tenu de maintenir l&rsquo;h\u00e9bergement de groupe et le terrain environnant en bon \u00e9tat pendant la dur\u00e9e du contrat.<\/li>\n<li>Il est interdit au contractant et aux membres du groupe de creuser, abattre des arbres, tailler des arbustes ou d&rsquo;entreprendre toute autre activit\u00e9 similaire sur le terrain environnant de l&rsquo;h\u00e9bergement de groupe.<\/li>\n<\/ol>\n<p>&nbsp;<\/p>\n<p><strong>Article 12 Responsabilit\u00e9<\/strong><\/p>\n<ol>\n<li>L&rsquo;entrepreneur n&rsquo;est pas responsable des accidents, vols ou dommages sur sa propri\u00e9t\u00e9, sauf en cas de faute imputable \u00e0 l&rsquo;entrepreneur.<\/li>\n<li>L&rsquo;entrepreneur n&rsquo;est pas responsable des cons\u00e9quences des conditions m\u00e9t\u00e9orologiques extr\u00eames ou d&rsquo;autres cas de force majeure.<\/li>\n<li>L&rsquo;entrepreneur est responsable des interruptions des services publics, sauf s&rsquo;il peut invoquer un cas de force majeure.<\/li>\n<li>Si l&rsquo;h\u00e9bergement de groupe lou\u00e9 est d\u00e9truit ou temporairement inutilisable sans faute de l&rsquo;entrepreneur, l&rsquo;entrepreneur et le contractant ont le droit de r\u00e9silier le contrat. Si la destruction de l&rsquo;h\u00e9bergement de groupe ou son inutilisabilit\u00e9 temporaire est imputable \u00e0 l&rsquo;entrepreneur, le contractant peut r\u00e9clamer une indemnisation.<\/li>\n<li>Le contractant est responsable envers l&rsquo;entrepreneur des dommages caus\u00e9s par ses actions ou omissions, ainsi que celles des membres du groupe, dans la mesure o\u00f9 ces dommages peuvent \u00eatre imput\u00e9s au contractant et\/ou \u00e0 un ou plusieurs membres du groupe.<\/li>\n<\/ol>\n<p>&nbsp;<\/p>\n<p><strong>Article 13 R\u00e8glement des Litiges<\/strong><\/p>\n<p>Tous les litiges li\u00e9s au contrat sont r\u00e9gis par le droit fran\u00e7ais. Seul le tribunal fran\u00e7ais est comp\u00e9tent pour statuer sur ces litiges. Le repr\u00e9sentant du groupe doit soumettre sa r\u00e9clamation \u00e0 l&rsquo;entrepreneur par \u00e9crit dans un d\u00e9lai de deux semaines \u00e0 compter de la survenue du litige.<\/p>\n<p>&nbsp;<\/p>\n<p>&nbsp;<\/p>\n<p>&nbsp;<\/p>\n<p><!-- \/divi:paragraph --><\/p>\n<p>[\/et_pb_text][\/et_pb_column][\/et_pb_row][\/et_pb_section]<\/p>\n","protected":false},"excerpt":{"rendered":"<p>Conditions G\u00e9n\u00e9rales (Conditions G\u00e9n\u00e9rales SARL BUSSOLLES\u00ae(Le texte ci-dessous se trouve \u00e9galement dans ce document : Conditions g\u00e9n\u00e9rales de la SARL Bussolles) SARL BUSSOLLES\u00ae vous propose un s\u00e9jour agr\u00e9able au domaine. Ce patrimoine, nous devons tous le pr\u00e9server. Nous recommandons donc \u00e0 nos clients de souscrire une assurance voyage et annulation. Nos conditions g\u00e9n\u00e9rales sont largement [&hellip;]<\/p>\n","protected":false},"author":2,"featured_media":0,"parent":0,"menu_order":0,"comment_status":"closed","ping_status":"closed","template":"","meta":{"_et_pb_use_builder":"on","_et_pb_old_content":"","_et_gb_content_width":"","inline_featured_image":false,"footnotes":""},"yoast_head":"<!-- This site is optimized with the Yoast SEO plugin v24.4 - https:\/\/yoast.com\/wordpress\/plugins\/seo\/ -->\n<title>Conditions G\u00e9n\u00e9rales | Ch\u00e2teau de Bussolles<\/title>\n<meta name=\"description\" content=\"Consultez les conditions g\u00e9n\u00e9rales de SARL Bussolles (Ch\u00e2teau de Bussolles) sur cette page ou via le document.\" \/>\n<meta name=\"robots\" content=\"index, follow, max-snippet:-1, max-image-preview:large, max-video-preview:-1\" \/>\n<link rel=\"canonical\" href=\"https:\/\/www.chateaubussolles.com\/fr\/conditions-generales\/\" \/>\n<meta property=\"og:locale\" content=\"fr_FR\" \/>\n<meta property=\"og:type\" content=\"article\" \/>\n<meta property=\"og:title\" content=\"Conditions G\u00e9n\u00e9rales | Ch\u00e2teau de Bussolles\" \/>\n<meta property=\"og:description\" content=\"Consultez les conditions g\u00e9n\u00e9rales de SARL Bussolles (Ch\u00e2teau de Bussolles) sur cette page ou via le document.\" \/>\n<meta property=\"og:url\" content=\"https:\/\/www.chateaubussolles.com\/fr\/conditions-generales\/\" \/>\n<meta property=\"og:site_name\" content=\"Ch\u00e2teau de Bussolles\" \/>\n<meta property=\"article:publisher\" content=\"https:\/\/www.facebook.com\/chateaubussolles\" \/>\n<meta property=\"article:modified_time\" content=\"2023-12-01T10:52:41+00:00\" \/>\n<meta name=\"twitter:card\" content=\"summary_large_image\" \/>\n<meta name=\"twitter:label1\" content=\"Dur\u00e9e de lecture estim\u00e9e\" \/>\n\t<meta name=\"twitter:data1\" content=\"9 minutes\" \/>\n<script type=\"application\/ld+json\" class=\"yoast-schema-graph\">{\"@context\":\"https:\/\/schema.org\",\"@graph\":[{\"@type\":\"WebPage\",\"@id\":\"https:\/\/www.chateaubussolles.com\/fr\/conditions-generales\/\",\"url\":\"https:\/\/www.chateaubussolles.com\/fr\/conditions-generales\/\",\"name\":\"Conditions G\u00e9n\u00e9rales | Ch\u00e2teau de Bussolles\",\"isPartOf\":{\"@id\":\"https:\/\/www.chateaubussolles.com\/fr\/#website\"},\"datePublished\":\"2023-07-22T09:58:52+00:00\",\"dateModified\":\"2023-12-01T10:52:41+00:00\",\"description\":\"Consultez les conditions g\u00e9n\u00e9rales de SARL Bussolles (Ch\u00e2teau de Bussolles) sur cette page ou via le document.\",\"breadcrumb\":{\"@id\":\"https:\/\/www.chateaubussolles.com\/fr\/conditions-generales\/#breadcrumb\"},\"inLanguage\":\"fr-FR\",\"potentialAction\":[{\"@type\":\"ReadAction\",\"target\":[\"https:\/\/www.chateaubussolles.com\/fr\/conditions-generales\/\"]}]},{\"@type\":\"BreadcrumbList\",\"@id\":\"https:\/\/www.chateaubussolles.com\/fr\/conditions-generales\/#breadcrumb\",\"itemListElement\":[{\"@type\":\"ListItem\",\"position\":1,\"name\":\"Home\",\"item\":\"https:\/\/www.chateaubussolles.com\/fr\/\"},{\"@type\":\"ListItem\",\"position\":2,\"name\":\"Conditions G\u00e9n\u00e9rales\"}]},{\"@type\":\"WebSite\",\"@id\":\"https:\/\/www.chateaubussolles.com\/fr\/#website\",\"url\":\"https:\/\/www.chateaubussolles.com\/fr\/\",\"name\":\"Ch\u00e2teau de Bussolles\",\"description\":\"Vakantie of retreat in stijl\",\"publisher\":{\"@id\":\"https:\/\/www.chateaubussolles.com\/fr\/#organization\"},\"potentialAction\":[{\"@type\":\"SearchAction\",\"target\":{\"@type\":\"EntryPoint\",\"urlTemplate\":\"https:\/\/www.chateaubussolles.com\/fr\/?s={search_term_string}\"},\"query-input\":{\"@type\":\"PropertyValueSpecification\",\"valueRequired\":true,\"valueName\":\"search_term_string\"}}],\"inLanguage\":\"fr-FR\"},{\"@type\":\"Organization\",\"@id\":\"https:\/\/www.chateaubussolles.com\/fr\/#organization\",\"name\":\"Ch\u00e2teau de Bussolles\",\"url\":\"https:\/\/www.chateaubussolles.com\/fr\/\",\"logo\":{\"@type\":\"ImageObject\",\"inLanguage\":\"fr-FR\",\"@id\":\"https:\/\/www.chateaubussolles.com\/fr\/#\/schema\/logo\/image\/\",\"url\":\"https:\/\/chateaudebussolles.com\/wp-content\/uploads\/2023\/11\/CHATEAU-BLUE-JPG-scaled.jpg\",\"contentUrl\":\"https:\/\/chateaudebussolles.com\/wp-content\/uploads\/2023\/11\/CHATEAU-BLUE-JPG-scaled.jpg\",\"width\":2560,\"height\":544,\"caption\":\"Ch\u00e2teau de Bussolles\"},\"image\":{\"@id\":\"https:\/\/www.chateaubussolles.com\/fr\/#\/schema\/logo\/image\/\"},\"sameAs\":[\"https:\/\/www.facebook.com\/chateaubussolles\",\"https:\/\/www.instagram.com\/chateaubussolles\/\"]}]}<\/script>\n<!-- \/ Yoast SEO plugin. -->","yoast_head_json":{"title":"Conditions G\u00e9n\u00e9rales | Ch\u00e2teau de Bussolles","description":"Consultez les conditions g\u00e9n\u00e9rales de SARL Bussolles (Ch\u00e2teau de Bussolles) sur cette page ou via le document.","robots":{"index":"index","follow":"follow","max-snippet":"max-snippet:-1","max-image-preview":"max-image-preview:large","max-video-preview":"max-video-preview:-1"},"canonical":"https:\/\/www.chateaubussolles.com\/fr\/conditions-generales\/","og_locale":"fr_FR","og_type":"article","og_title":"Conditions G\u00e9n\u00e9rales | Ch\u00e2teau de Bussolles","og_description":"Consultez les conditions g\u00e9n\u00e9rales de SARL Bussolles (Ch\u00e2teau de Bussolles) sur cette page ou via le document.","og_url":"https:\/\/www.chateaubussolles.com\/fr\/conditions-generales\/","og_site_name":"Ch\u00e2teau de Bussolles","article_publisher":"https:\/\/www.facebook.com\/chateaubussolles","article_modified_time":"2023-12-01T10:52:41+00:00","twitter_card":"summary_large_image","twitter_misc":{"Dur\u00e9e de lecture estim\u00e9e":"9 minutes"},"schema":{"@context":"https:\/\/schema.org","@graph":[{"@type":"WebPage","@id":"https:\/\/www.chateaubussolles.com\/fr\/conditions-generales\/","url":"https:\/\/www.chateaubussolles.com\/fr\/conditions-generales\/","name":"Conditions G\u00e9n\u00e9rales | Ch\u00e2teau de Bussolles","isPartOf":{"@id":"https:\/\/www.chateaubussolles.com\/fr\/#website"},"datePublished":"2023-07-22T09:58:52+00:00","dateModified":"2023-12-01T10:52:41+00:00","description":"Consultez les conditions g\u00e9n\u00e9rales de SARL Bussolles (Ch\u00e2teau de Bussolles) sur cette page ou via le document.","breadcrumb":{"@id":"https:\/\/www.chateaubussolles.com\/fr\/conditions-generales\/#breadcrumb"},"inLanguage":"fr-FR","potentialAction":[{"@type":"ReadAction","target":["https:\/\/www.chateaubussolles.com\/fr\/conditions-generales\/"]}]},{"@type":"BreadcrumbList","@id":"https:\/\/www.chateaubussolles.com\/fr\/conditions-generales\/#breadcrumb","itemListElement":[{"@type":"ListItem","position":1,"name":"Home","item":"https:\/\/www.chateaubussolles.com\/fr\/"},{"@type":"ListItem","position":2,"name":"Conditions G\u00e9n\u00e9rales"}]},{"@type":"WebSite","@id":"https:\/\/www.chateaubussolles.com\/fr\/#website","url":"https:\/\/www.chateaubussolles.com\/fr\/","name":"Ch\u00e2teau de Bussolles","description":"Vakantie of retreat in stijl","publisher":{"@id":"https:\/\/www.chateaubussolles.com\/fr\/#organization"},"potentialAction":[{"@type":"SearchAction","target":{"@type":"EntryPoint","urlTemplate":"https:\/\/www.chateaubussolles.com\/fr\/?s={search_term_string}"},"query-input":{"@type":"PropertyValueSpecification","valueRequired":true,"valueName":"search_term_string"}}],"inLanguage":"fr-FR"},{"@type":"Organization","@id":"https:\/\/www.chateaubussolles.com\/fr\/#organization","name":"Ch\u00e2teau de Bussolles","url":"https:\/\/www.chateaubussolles.com\/fr\/","logo":{"@type":"ImageObject","inLanguage":"fr-FR","@id":"https:\/\/www.chateaubussolles.com\/fr\/#\/schema\/logo\/image\/","url":"https:\/\/chateaudebussolles.com\/wp-content\/uploads\/2023\/11\/CHATEAU-BLUE-JPG-scaled.jpg","contentUrl":"https:\/\/chateaudebussolles.com\/wp-content\/uploads\/2023\/11\/CHATEAU-BLUE-JPG-scaled.jpg","width":2560,"height":544,"caption":"Ch\u00e2teau de Bussolles"},"image":{"@id":"https:\/\/www.chateaubussolles.com\/fr\/#\/schema\/logo\/image\/"},"sameAs":["https:\/\/www.facebook.com\/chateaubussolles","https:\/\/www.instagram.com\/chateaubussolles\/"]}]}},"_links":{"self":[{"href":"https:\/\/www.chateaubussolles.com\/fr\/wp-json\/wp\/v2\/pages\/987513742"}],"collection":[{"href":"https:\/\/www.chateaubussolles.com\/fr\/wp-json\/wp\/v2\/pages"}],"about":[{"href":"https:\/\/www.chateaubussolles.com\/fr\/wp-json\/wp\/v2\/types\/page"}],"author":[{"embeddable":true,"href":"https:\/\/www.chateaubussolles.com\/fr\/wp-json\/wp\/v2\/users\/2"}],"replies":[{"embeddable":true,"href":"https:\/\/www.chateaubussolles.com\/fr\/wp-json\/wp\/v2\/comments?post=987513742"}],"version-history":[{"count":11,"href":"https:\/\/www.chateaubussolles.com\/fr\/wp-json\/wp\/v2\/pages\/987513742\/revisions"}],"predecessor-version":[{"id":987514737,"href":"https:\/\/www.chateaubussolles.com\/fr\/wp-json\/wp\/v2\/pages\/987513742\/revisions\/987514737"}],"wp:attachment":[{"href":"https:\/\/www.chateaubussolles.com\/fr\/wp-json\/wp\/v2\/media?parent=987513742"}],"curies":[{"name":"wp","href":"https:\/\/api.w.org\/{rel}","templated":true}]}}