{"id":987514494,"date":"2023-07-22T14:02:50","date_gmt":"2023-07-22T14:02:50","guid":{"rendered":"https:\/\/chateaudebussolles.com\/floor-plans\/"},"modified":"2023-12-04T09:55:10","modified_gmt":"2023-12-04T09:55:10","slug":"floor-plans","status":"publish","type":"page","link":"https:\/\/www.chateaubussolles.com\/en\/floor-plans\/","title":{"rendered":"Floor plans"},"content":{"rendered":"<p>[et_pb_section fb_built=&#8221;1&#8243; admin_label=&#8221;Header&#8221; _builder_version=&#8221;4.22.2&#8243; use_background_color_gradient=&#8221;on&#8221; background_color_gradient_type=&#8221;circular&#8221; background_color_gradient_direction_radial=&#8221;top left&#8221; background_color_gradient_stops=&#8221;rgba(46,91,147,0.89) 30%|rgba(255,255,255,0) 80%&#8221; background_color_gradient_overlays_image=&#8221;on&#8221; background_color_gradient_start=&#8221;rgba(255,255,255,0.89)&#8221; background_color_gradient_start_position=&#8221;30%&#8221; background_color_gradient_end=&#8221;rgba(255,255,255,0)&#8221; background_color_gradient_end_position=&#8221;80%&#8221; background_image=&#8221;https:\/\/chateaudebussolles.com\/wp-content\/uploads\/2023\/11\/Chateau-De-Bussolles.webp&#8221; background_position=&#8221;bottom_left&#8221; background_horizontal_offset=&#8221;0%&#8221; background_vertical_offset=&#8221;44%&#8221; custom_margin=&#8221;|||&#8221; custom_padding=&#8221;8vw||8vw||true&#8221; global_colors_info=&#8221;{}&#8221;][et_pb_row _builder_version=&#8221;4.21.0&#8243; global_colors_info=&#8221;{}&#8221;][et_pb_column type=&#8221;4_4&#8243; _builder_version=&#8221;4.16&#8243; custom_padding=&#8221;|||&#8221; global_colors_info=&#8221;{}&#8221; custom_padding__hover=&#8221;|||&#8221;][et_pb_text _builder_version=&#8221;4.22.2&#8243; text_font=&#8221;||||||||&#8221; header_font=&#8221;Raleway|700|||||||&#8221; header_font_size=&#8221;80px&#8221; header_line_height=&#8221;1.2em&#8221; header_5_font=&#8221;Raleway|700||on|||||&#8221; header_5_font_size=&#8221;20px&#8221; header_5_letter_spacing=&#8221;0.5em&#8221; header_5_line_height=&#8221;1.8em&#8221; custom_padding=&#8221;0px|||||&#8221; animation_style=&#8221;zoom&#8221; animation_intensity_zoom=&#8221;5%&#8221; header_font_size_tablet=&#8221;48px&#8221; header_font_size_phone=&#8221;32px&#8221; header_font_size_last_edited=&#8221;on|phone&#8221; header_5_font_size_tablet=&#8221;14px&#8221; header_5_font_size_phone=&#8221;12px&#8221; header_5_font_size_last_edited=&#8221;on|desktop&#8221; global_colors_info=&#8221;{}&#8221;]<\/p>\n<h5>PRE-FUN BEGINS HERE!<\/h5>\n<h1>Floor plans<br \/>Ch\u00e2teau de Bussolles<\/h1>\n<p>[\/et_pb_text][\/et_pb_column][\/et_pb_row][\/et_pb_section][et_pb_section fb_built=&#8221;1&#8243; admin_label=&#8221;About&#8221; _builder_version=&#8221;4.16&#8243; global_colors_info=&#8221;{}&#8221;][et_pb_row custom_padding_last_edited=&#8221;on|desktop&#8221; _builder_version=&#8221;4.16&#8243; custom_padding=&#8221;27px|100px|27px|100px|false|false&#8221; custom_padding_tablet=&#8221;|0px||0px||true&#8221; custom_padding_phone=&#8221;&#8221; global_colors_info=&#8221;{}&#8221;][et_pb_column type=&#8221;4_4&#8243; _builder_version=&#8221;4.16&#8243; custom_padding=&#8221;|||&#8221; global_colors_info=&#8221;{}&#8221; custom_padding__hover=&#8221;|||&#8221;][et_pb_text _builder_version=&#8221;4.22.2&#8243; text_font=&#8221;||||||||&#8221; text_line_height=&#8221;2em&#8221; header_font=&#8221;||||||||&#8221; header_2_font_size=&#8221;50px&#8221; header_2_line_height=&#8221;1.2em&#8221; header_6_font_size=&#8221;16px&#8221; header_6_letter_spacing=&#8221;5px&#8221; header_6_line_height=&#8221;1.8em&#8221; text_orientation=&#8221;center&#8221; max_width=&#8221;700px&#8221; max_width_last_edited=&#8221;off|desktop&#8221; module_alignment=&#8221;center&#8221; header_2_font_size_tablet=&#8221;35px&#8221; header_2_font_size_phone=&#8221;25px&#8221; header_2_font_size_last_edited=&#8221;on|phone&#8221; global_colors_info=&#8221;{}&#8221;]<\/p>\n<h2>Discover the ch\u00e2teau<\/h2>\n<p>Since 2013, the current owner has restored and modernized Ch\u00e2teau de Bussolles in many places, without compromising the authentic appearance of a French castle. The <a href=\"https:\/\/chateaudebussolles.com\/en\/history\/\" title=\"Read Here About The Chateau's Rich History\">historical<\/a> outbuildings accommodate the G\u00eetes de Bussolles, the caretaker&#8217;s residence, and storage. The facilities in and around the ch\u00e2teau are such that it is delightful to stay there. The <a href=\"https:\/\/chateaudebussolles.com\/en\/chateau\/\" title=\"Take a look inside Ch\u00e2teau De Bussolles\">ch\u00e2teau<\/a> and <a href=\"https:\/\/chateaudebussolles.com\/en\/gites\/\" title=\"Take a look inside G\u00eetes De Bussolles\">g\u00eetes<\/a> are open all year round for vacations, weddings, parties, meetings, workshops, and other events. Make the most of your stay in the castle and get a sneak peek of the layout with these floor plans of Ch\u00e2teau de Bussolles. Maybe you want to choose your favorite room in advance?<\/p>\n<p><span> <\/span><\/p>\n<p>[\/et_pb_text][\/et_pb_column][\/et_pb_row][\/et_pb_section][et_pb_section fb_built=&#8221;1&#8243; _builder_version=&#8221;4.22.2&#8243; _module_preset=&#8221;default&#8221; use_background_color_gradient=&#8221;on&#8221; background_color_gradient_direction=&#8221;90deg&#8221; background_color_gradient_stops=&#8221;rgba(255,255,255,0) 40%|#2e5b93 40%&#8221; custom_padding=&#8221;||0px|||&#8221; background_last_edited=&#8221;on|phone&#8221; background_enable_color_tablet=&#8221;off&#8221; use_background_color_gradient_tablet=&#8221;on&#8221; use_background_color_gradient_phone=&#8221;on&#8221; background_color_gradient_direction_tablet=&#8221;180deg&#8221; background_color_gradient_stops_tablet=&#8221;#2e5b93 31%|#2e5b93 45%|rgba(255,255,255,0) 45%&#8221; background_color_gradient_stops_phone=&#8221;#2e5b93 31%|#2e5b93 75%|rgba(255,255,255,0) 75%&#8221; locked=&#8221;off&#8221; global_colors_info=&#8221;{}&#8221;][et_pb_row column_structure=&#8221;1_2,1_2&#8243; _builder_version=&#8221;4.21.0&#8243; _module_preset=&#8221;default&#8221; global_colors_info=&#8221;{}&#8221;][et_pb_column type=&#8221;1_2&#8243; _builder_version=&#8221;4.21.0&#8243; _module_preset=&#8221;default&#8221; global_colors_info=&#8221;{}&#8221;][et_pb_text disabled_on=&#8221;off|off|on&#8221; _builder_version=&#8221;4.22.2&#8243; _module_preset=&#8221;default&#8221; text_text_color=&#8221;#FFFFFF&#8221; header_2_text_color=&#8221;#FFFFFF&#8221; custom_margin=&#8221;45px||45px||true|false&#8221; custom_margin_tablet=&#8221;45px||45px||true|false&#8221; custom_margin_phone=&#8221;0px||||false|false&#8221; custom_margin_last_edited=&#8221;on|phone&#8221; global_colors_info=&#8221;{}&#8221;]<\/p>\n<h2><em>Ground Floor \u2026<\/em><\/h2>\n<p>The ground floor consists of a large kitchen with an open, practical cooking area. The kitchen has been completely renovated. Downstairs, you will also find the former chapel with a TV, a Salon de Billard with a professional snooker table, le Salon de Napol\u00e9on, le Salon de Th\u00e9, and le Salon de Poker. To relax, wander through the corridors, feel like a prince or princess, enjoy the view, read in the library, play poker, play snooker, cook, and have a good meal together.<\/p>\n<p>[\/et_pb_text][et_pb_gallery gallery_ids=&#8221;987515253&#8243; fullwidth=&#8221;on&#8221; module_class=&#8221;lwp-arrow-color&#8221; _builder_version=&#8221;4.22.2&#8243; _module_preset=&#8221;default&#8221; overflow-x=&#8221;hidden&#8221; overflow-y=&#8221;hidden&#8221; global_colors_info=&#8221;{}&#8221; transform_styles__hover_enabled=&#8221;on|hover&#8221; transform_scale__hover_enabled=&#8221;on|hover&#8221; transform_translate__hover_enabled=&#8221;on|desktop&#8221; transform_rotate__hover_enabled=&#8221;on|desktop&#8221; transform_skew__hover_enabled=&#8221;on|desktop&#8221; transform_origin__hover_enabled=&#8221;on|desktop&#8221; transform_scale__hover=&#8221;110%|110%&#8221;][\/et_pb_gallery][\/et_pb_column][et_pb_column type=&#8221;1_2&#8243; _builder_version=&#8221;4.21.0&#8243; _module_preset=&#8221;default&#8221; global_colors_info=&#8221;{}&#8221;][et_pb_text disabled_on=&#8221;on|on|off&#8221; _builder_version=&#8221;4.22.2&#8243; _module_preset=&#8221;default&#8221; text_text_color=&#8221;#FFFFFF&#8221; header_2_text_color=&#8221;#FFFFFF&#8221; custom_margin=&#8221;100px||100px||true|false&#8221; global_colors_info=&#8221;{}&#8221;]<\/p>\n<h2>Ch\u00e2teau de Bussolles Floor Plan &#8211; Ground Floor \u2026<\/h2>\n<p>The ground floor consists of a large kitchen with an open, practical cooking area. The kitchen has been completely renovated. Downstairs, you will also find the former chapel with a TV, a Salon de Billard with a professional snooker table, le Salon de Napol\u00e9on, le Salon de Th\u00e9, and le Salon de Poker. To relax, wander through the corridors, feel like a prince or princess, enjoy the view, read in the library, play poker, play snooker, cook, and have a good meal together.<\/p>\n<p>[\/et_pb_text][\/et_pb_column][\/et_pb_row][\/et_pb_section][et_pb_section fb_built=&#8221;1&#8243; _builder_version=&#8221;4.22.2&#8243; _module_preset=&#8221;default&#8221; use_background_color_gradient=&#8221;on&#8221; background_color_gradient_direction=&#8221;90deg&#8221; background_color_gradient_stops=&#8221;#2e5b93 60%|rgba(255,255,255,0) 60%&#8221; custom_margin=&#8221;50px||50px||true|false&#8221; background_last_edited=&#8221;on|tablet&#8221; use_background_color_gradient_tablet=&#8221;on&#8221; use_background_color_gradient_phone=&#8221;on&#8221; background_color_gradient_direction_tablet=&#8221;180deg&#8221; background_color_gradient_stops_tablet=&#8221;#2e5b93 45%|rgba(255,255,255,0) 45%&#8221; background_color_gradient_stops_phone=&#8221;#2e5b93 75%|rgba(255,255,255,0) 75%&#8221; global_colors_info=&#8221;{}&#8221;][et_pb_row column_structure=&#8221;1_2,1_2&#8243; _builder_version=&#8221;4.21.0&#8243; _module_preset=&#8221;default&#8221; global_colors_info=&#8221;{}&#8221;][et_pb_column type=&#8221;1_2&#8243; _builder_version=&#8221;4.21.0&#8243; _module_preset=&#8221;default&#8221; global_colors_info=&#8221;{}&#8221;][et_pb_text _builder_version=&#8221;4.22.2&#8243; _module_preset=&#8221;default&#8221; text_text_color=&#8221;#FFFFFF&#8221; header_2_text_color=&#8221;#FFFFFF&#8221; custom_margin=&#8221;100px||100px||true|false&#8221; custom_margin_tablet=&#8221;45px||45px||true|false&#8221; custom_margin_phone=&#8221;0px||||false|false&#8221; custom_margin_last_edited=&#8221;on|tablet&#8221; custom_padding=&#8221;0px||11px|||&#8221; custom_padding_tablet=&#8221;0px||0px||false|false&#8221; custom_padding_phone=&#8221;0px||0px||false|false&#8221; custom_padding_last_edited=&#8221;on|tablet&#8221; global_colors_info=&#8221;{}&#8221;]<\/p>\n<h2>Ch\u00e2teau de Bussolles Floor Plan &#8211; First Floor \u2026<\/h2>\n<p>Sleeping and bathing on this floor with 6 bedrooms and 4 bathrooms: Chambres en suite Agde, Bourge, and Cannes. Respectively, the tower room, master suite, and romantically red chambre with an adjoining balcony and shared bathroom. Next are the two to three-person Chambres Donjon, Eaubonne, and Fontaine with three adjoining and associated bathrooms.<\/p>\n<p>[\/et_pb_text][\/et_pb_column][et_pb_column type=&#8221;1_2&#8243; _builder_version=&#8221;4.21.0&#8243; _module_preset=&#8221;default&#8221; global_colors_info=&#8221;{}&#8221;][et_pb_gallery gallery_ids=&#8221;987515245&#8243; fullwidth=&#8221;on&#8221; module_class=&#8221;lwp-arrow-color&#8221; _builder_version=&#8221;4.22.2&#8243; _module_preset=&#8221;default&#8221; overflow-x=&#8221;hidden&#8221; overflow-y=&#8221;hidden&#8221; global_colors_info=&#8221;{}&#8221; transform_styles__hover_enabled=&#8221;on|hover&#8221; transform_scale__hover_enabled=&#8221;on|hover&#8221; transform_translate__hover_enabled=&#8221;on|desktop&#8221; transform_rotate__hover_enabled=&#8221;on|desktop&#8221; transform_skew__hover_enabled=&#8221;on|desktop&#8221; transform_origin__hover_enabled=&#8221;on|desktop&#8221; transform_scale__hover=&#8221;110%|110%&#8221;][\/et_pb_gallery][\/et_pb_column][\/et_pb_row][\/et_pb_section][et_pb_section fb_built=&#8221;1&#8243; _builder_version=&#8221;4.22.2&#8243; _module_preset=&#8221;default&#8221; use_background_color_gradient=&#8221;on&#8221; background_color_gradient_direction=&#8221;90deg&#8221; background_color_gradient_stops=&#8221;rgba(255,255,255,0) 40%|#2e5b93 40%|#2e5b93 100%&#8221; custom_padding=&#8221;||0px|||&#8221; background_last_edited=&#8221;on|phone&#8221; background_enable_color_tablet=&#8221;off&#8221; use_background_color_gradient_tablet=&#8221;on&#8221; use_background_color_gradient_phone=&#8221;on&#8221; background_color_gradient_direction_tablet=&#8221;180deg&#8221; background_color_gradient_stops_tablet=&#8221;#2e5b93 44%|#2e5b93 45%|rgba(255,255,255,0) 45%&#8221; background_color_gradient_stops_phone=&#8221;#2e5b93 44%|#2e5b93 75%|rgba(255,255,255,0) 75%&#8221; locked=&#8221;off&#8221; global_colors_info=&#8221;{}&#8221;][et_pb_row column_structure=&#8221;1_2,1_2&#8243; _builder_version=&#8221;4.21.0&#8243; _module_preset=&#8221;default&#8221; global_colors_info=&#8221;{}&#8221;][et_pb_column type=&#8221;1_2&#8243; _builder_version=&#8221;4.21.0&#8243; _module_preset=&#8221;default&#8221; global_colors_info=&#8221;{}&#8221;][et_pb_text disabled_on=&#8221;off|off|on&#8221; _builder_version=&#8221;4.22.2&#8243; _module_preset=&#8221;default&#8221; text_text_color=&#8221;#FFFFFF&#8221; header_2_text_color=&#8221;#FFFFFF&#8221; custom_margin=&#8221;45px||45px||true|false&#8221; custom_margin_tablet=&#8221;45px||45px||true|false&#8221; custom_margin_phone=&#8221;0px||||false|false&#8221; custom_margin_last_edited=&#8221;on|phone&#8221; global_colors_info=&#8221;{}&#8221;]<\/p>\n<h2><em>Second Floor \u2026<\/em><\/h2>\n<p>Here are two double bedrooms, each with its own bathroom. In addition, you will find the paradise for small and big children: the salle des jeux, equipped with table tennis, darts, foosball, air hockey, and lots of toys. Chambre Le Havre is privately located in its wing, with a spacious view on three sides. Grenoble is a real family room with two extra single beds. Both with an adjoining private bathroom. <\/p>\n<p>[\/et_pb_text][et_pb_gallery gallery_ids=&#8221;987515249&#8243; fullwidth=&#8221;on&#8221; module_class=&#8221;lwp-arrow-color&#8221; _builder_version=&#8221;4.22.2&#8243; _module_preset=&#8221;default&#8221; overflow-x=&#8221;hidden&#8221; overflow-y=&#8221;hidden&#8221; global_colors_info=&#8221;{}&#8221; transform_styles__hover_enabled=&#8221;on|hover&#8221; transform_scale__hover_enabled=&#8221;on|hover&#8221; transform_translate__hover_enabled=&#8221;on|desktop&#8221; transform_rotate__hover_enabled=&#8221;on|desktop&#8221; transform_skew__hover_enabled=&#8221;on|desktop&#8221; transform_origin__hover_enabled=&#8221;on|desktop&#8221; transform_scale__hover=&#8221;110%|110%&#8221;][\/et_pb_gallery][\/et_pb_column][et_pb_column type=&#8221;1_2&#8243; _builder_version=&#8221;4.21.0&#8243; _module_preset=&#8221;default&#8221; global_colors_info=&#8221;{}&#8221;][et_pb_text disabled_on=&#8221;on|on|off&#8221; _builder_version=&#8221;4.22.2&#8243; _module_preset=&#8221;default&#8221; text_text_color=&#8221;#FFFFFF&#8221; header_2_text_color=&#8221;#FFFFFF&#8221; custom_margin=&#8221;100px||100px||true|false&#8221; global_colors_info=&#8221;{}&#8221;]<\/p>\n<h2>Ch\u00e2teau de Bussolles Floor Plan &#8211; Second Floor \u2026<\/h2>\n<p>Here are two double bedrooms, each with its own bathroom. In addition, you will find the paradise for small and big children: the salle des jeux, equipped with table tennis, darts, foosball, air hockey, and lots of toys.<\/p>\n<p>Chambre Le Havre is privately located in its wing, with a spacious view on three sides.<\/p>\n<p>Grenoble is a real family room with two extra single beds. Both with an adjoining private bathroom.<\/p>\n<p>[\/et_pb_text][\/et_pb_column][\/et_pb_row][\/et_pb_section][et_pb_section fb_built=&#8221;1&#8243; disabled_on=&#8221;on|on|off&#8221; _builder_version=&#8221;4.22.2&#8243; _module_preset=&#8221;default&#8221; custom_padding=&#8221;80px||0px||false|false&#8221; global_colors_info=&#8221;{}&#8221;][et_pb_row _builder_version=&#8221;4.22.2&#8243; _module_preset=&#8221;default&#8221; width=&#8221;100%&#8221; max_width=&#8221;100vw&#8221; custom_padding=&#8221;0px||0px|||&#8221; global_colors_info=&#8221;{}&#8221;][et_pb_column type=&#8221;4_4&#8243; _builder_version=&#8221;4.22.2&#8243; _module_preset=&#8221;default&#8221; global_colors_info=&#8221;{}&#8221;][et_pb_map zoom_level=&#8221;6&#8243; address_lat=&#8221;46.828996870912&#8243; address_lng=&#8221;4.331696375&#8243; mouse_wheel=&#8221;off&#8221; _builder_version=&#8221;4.22.2&#8243; _module_preset=&#8221;default&#8221; global_colors_info=&#8221;{}&#8221;][et_pb_map_pin pin_address=&#8221;Bussolles, 03120 Barrais-Bussolles, Frankrijk&#8221; pin_address_lat=&#8221;46.2655467&#8243; pin_address_lng=&#8221;3.6804949&#8243; _builder_version=&#8221;4.22.2&#8243; _module_preset=&#8221;default&#8221; global_colors_info=&#8221;{}&#8221;][\/et_pb_map_pin][\/et_pb_map][\/et_pb_column][\/et_pb_row][\/et_pb_section]<\/p>\n","protected":false},"excerpt":{"rendered":"<p>PRE-FUN BEGINS HERE! Floor plansCh\u00e2teau de BussollesDiscover the ch\u00e2teau Since 2013, the current owner has restored and modernized Ch\u00e2teau de Bussolles in many places, without compromising the authentic appearance of a French castle. The historical outbuildings accommodate the G\u00eetes de Bussolles, the caretaker&#8217;s residence, and storage. The facilities in and around the ch\u00e2teau are such [&hellip;]<\/p>\n","protected":false},"author":2,"featured_media":0,"parent":0,"menu_order":0,"comment_status":"closed","ping_status":"closed","template":"","meta":{"_et_pb_use_builder":"on","_et_pb_old_content":"","_et_gb_content_width":"","inline_featured_image":false,"footnotes":""},"yoast_head":"<!-- This site is optimized with the Yoast SEO plugin v24.4 - https:\/\/yoast.com\/wordpress\/plugins\/seo\/ -->\n<title>Floor plans - Discover the Ch\u00e2teau | Ch\u00e2teau de Bussolles<\/title>\n<meta name=\"description\" content=\"View the Ch\u00e2teau&#039;s floor plans here. Make the most of your stay at the castle and get a sneak preview of the layout.\" \/>\n<meta name=\"robots\" content=\"index, follow, max-snippet:-1, max-image-preview:large, max-video-preview:-1\" \/>\n<link rel=\"canonical\" href=\"https:\/\/www.chateaubussolles.com\/en\/floor-plans\/\" \/>\n<meta property=\"og:locale\" content=\"en_US\" \/>\n<meta property=\"og:type\" content=\"article\" \/>\n<meta property=\"og:title\" content=\"Floor plans - Discover the Ch\u00e2teau | Ch\u00e2teau de Bussolles\" \/>\n<meta property=\"og:description\" content=\"View the Ch\u00e2teau&#039;s floor plans here. Make the most of your stay at the castle and get a sneak preview of the layout.\" \/>\n<meta property=\"og:url\" content=\"https:\/\/www.chateaubussolles.com\/en\/floor-plans\/\" \/>\n<meta property=\"og:site_name\" content=\"Ch\u00e2teau de Bussolles\" \/>\n<meta property=\"article:publisher\" content=\"https:\/\/www.facebook.com\/chateaubussolles\" \/>\n<meta property=\"article:modified_time\" content=\"2023-12-04T09:55:10+00:00\" \/>\n<meta name=\"twitter:card\" content=\"summary_large_image\" \/>\n<meta name=\"twitter:label1\" content=\"Est. reading time\" \/>\n\t<meta name=\"twitter:data1\" content=\"9 minutes\" \/>\n<script type=\"application\/ld+json\" class=\"yoast-schema-graph\">{\"@context\":\"https:\/\/schema.org\",\"@graph\":[{\"@type\":\"WebPage\",\"@id\":\"https:\/\/www.chateaubussolles.com\/en\/floor-plans\/\",\"url\":\"https:\/\/www.chateaubussolles.com\/en\/floor-plans\/\",\"name\":\"Floor plans - Discover the Ch\u00e2teau | Ch\u00e2teau de Bussolles\",\"isPartOf\":{\"@id\":\"https:\/\/www.chateaubussolles.com\/en\/#website\"},\"datePublished\":\"2023-07-22T14:02:50+00:00\",\"dateModified\":\"2023-12-04T09:55:10+00:00\",\"description\":\"View the Ch\u00e2teau's floor plans here. Make the most of your stay at the castle and get a sneak preview of the layout.\",\"breadcrumb\":{\"@id\":\"https:\/\/www.chateaubussolles.com\/en\/floor-plans\/#breadcrumb\"},\"inLanguage\":\"en-US\",\"potentialAction\":[{\"@type\":\"ReadAction\",\"target\":[\"https:\/\/www.chateaubussolles.com\/en\/floor-plans\/\"]}]},{\"@type\":\"BreadcrumbList\",\"@id\":\"https:\/\/www.chateaubussolles.com\/en\/floor-plans\/#breadcrumb\",\"itemListElement\":[{\"@type\":\"ListItem\",\"position\":1,\"name\":\"Home\",\"item\":\"https:\/\/www.chateaubussolles.com\/en\/\"},{\"@type\":\"ListItem\",\"position\":2,\"name\":\"Floor plans\"}]},{\"@type\":\"WebSite\",\"@id\":\"https:\/\/www.chateaubussolles.com\/en\/#website\",\"url\":\"https:\/\/www.chateaubussolles.com\/en\/\",\"name\":\"Ch\u00e2teau de Bussolles\",\"description\":\"Vakantie of retreat in stijl\",\"publisher\":{\"@id\":\"https:\/\/www.chateaubussolles.com\/en\/#organization\"},\"potentialAction\":[{\"@type\":\"SearchAction\",\"target\":{\"@type\":\"EntryPoint\",\"urlTemplate\":\"https:\/\/www.chateaubussolles.com\/en\/?s={search_term_string}\"},\"query-input\":{\"@type\":\"PropertyValueSpecification\",\"valueRequired\":true,\"valueName\":\"search_term_string\"}}],\"inLanguage\":\"en-US\"},{\"@type\":\"Organization\",\"@id\":\"https:\/\/www.chateaubussolles.com\/en\/#organization\",\"name\":\"Ch\u00e2teau de Bussolles\",\"url\":\"https:\/\/www.chateaubussolles.com\/en\/\",\"logo\":{\"@type\":\"ImageObject\",\"inLanguage\":\"en-US\",\"@id\":\"https:\/\/www.chateaubussolles.com\/en\/#\/schema\/logo\/image\/\",\"url\":\"https:\/\/chateaudebussolles.com\/wp-content\/uploads\/2023\/11\/CHATEAU-BLUE-JPG-scaled.jpg\",\"contentUrl\":\"https:\/\/chateaudebussolles.com\/wp-content\/uploads\/2023\/11\/CHATEAU-BLUE-JPG-scaled.jpg\",\"width\":2560,\"height\":544,\"caption\":\"Ch\u00e2teau de Bussolles\"},\"image\":{\"@id\":\"https:\/\/www.chateaubussolles.com\/en\/#\/schema\/logo\/image\/\"},\"sameAs\":[\"https:\/\/www.facebook.com\/chateaubussolles\",\"https:\/\/www.instagram.com\/chateaubussolles\/\"]}]}<\/script>\n<!-- \/ Yoast SEO plugin. -->","yoast_head_json":{"title":"Floor plans - Discover the Ch\u00e2teau | Ch\u00e2teau de Bussolles","description":"View the Ch\u00e2teau's floor plans here. Make the most of your stay at the castle and get a sneak preview of the layout.","robots":{"index":"index","follow":"follow","max-snippet":"max-snippet:-1","max-image-preview":"max-image-preview:large","max-video-preview":"max-video-preview:-1"},"canonical":"https:\/\/www.chateaubussolles.com\/en\/floor-plans\/","og_locale":"en_US","og_type":"article","og_title":"Floor plans - Discover the Ch\u00e2teau | Ch\u00e2teau de Bussolles","og_description":"View the Ch\u00e2teau's floor plans here. Make the most of your stay at the castle and get a sneak preview of the layout.","og_url":"https:\/\/www.chateaubussolles.com\/en\/floor-plans\/","og_site_name":"Ch\u00e2teau de Bussolles","article_publisher":"https:\/\/www.facebook.com\/chateaubussolles","article_modified_time":"2023-12-04T09:55:10+00:00","twitter_card":"summary_large_image","twitter_misc":{"Est. reading time":"9 minutes"},"schema":{"@context":"https:\/\/schema.org","@graph":[{"@type":"WebPage","@id":"https:\/\/www.chateaubussolles.com\/en\/floor-plans\/","url":"https:\/\/www.chateaubussolles.com\/en\/floor-plans\/","name":"Floor plans - Discover the Ch\u00e2teau | Ch\u00e2teau de Bussolles","isPartOf":{"@id":"https:\/\/www.chateaubussolles.com\/en\/#website"},"datePublished":"2023-07-22T14:02:50+00:00","dateModified":"2023-12-04T09:55:10+00:00","description":"View the Ch\u00e2teau's floor plans here. Make the most of your stay at the castle and get a sneak preview of the layout.","breadcrumb":{"@id":"https:\/\/www.chateaubussolles.com\/en\/floor-plans\/#breadcrumb"},"inLanguage":"en-US","potentialAction":[{"@type":"ReadAction","target":["https:\/\/www.chateaubussolles.com\/en\/floor-plans\/"]}]},{"@type":"BreadcrumbList","@id":"https:\/\/www.chateaubussolles.com\/en\/floor-plans\/#breadcrumb","itemListElement":[{"@type":"ListItem","position":1,"name":"Home","item":"https:\/\/www.chateaubussolles.com\/en\/"},{"@type":"ListItem","position":2,"name":"Floor plans"}]},{"@type":"WebSite","@id":"https:\/\/www.chateaubussolles.com\/en\/#website","url":"https:\/\/www.chateaubussolles.com\/en\/","name":"Ch\u00e2teau de Bussolles","description":"Vakantie of retreat in stijl","publisher":{"@id":"https:\/\/www.chateaubussolles.com\/en\/#organization"},"potentialAction":[{"@type":"SearchAction","target":{"@type":"EntryPoint","urlTemplate":"https:\/\/www.chateaubussolles.com\/en\/?s={search_term_string}"},"query-input":{"@type":"PropertyValueSpecification","valueRequired":true,"valueName":"search_term_string"}}],"inLanguage":"en-US"},{"@type":"Organization","@id":"https:\/\/www.chateaubussolles.com\/en\/#organization","name":"Ch\u00e2teau de Bussolles","url":"https:\/\/www.chateaubussolles.com\/en\/","logo":{"@type":"ImageObject","inLanguage":"en-US","@id":"https:\/\/www.chateaubussolles.com\/en\/#\/schema\/logo\/image\/","url":"https:\/\/chateaudebussolles.com\/wp-content\/uploads\/2023\/11\/CHATEAU-BLUE-JPG-scaled.jpg","contentUrl":"https:\/\/chateaudebussolles.com\/wp-content\/uploads\/2023\/11\/CHATEAU-BLUE-JPG-scaled.jpg","width":2560,"height":544,"caption":"Ch\u00e2teau de Bussolles"},"image":{"@id":"https:\/\/www.chateaubussolles.com\/en\/#\/schema\/logo\/image\/"},"sameAs":["https:\/\/www.facebook.com\/chateaubussolles","https:\/\/www.instagram.com\/chateaubussolles\/"]}]}},"_links":{"self":[{"href":"https:\/\/www.chateaubussolles.com\/en\/wp-json\/wp\/v2\/pages\/987514494"}],"collection":[{"href":"https:\/\/www.chateaubussolles.com\/en\/wp-json\/wp\/v2\/pages"}],"about":[{"href":"https:\/\/www.chateaubussolles.com\/en\/wp-json\/wp\/v2\/types\/page"}],"author":[{"embeddable":true,"href":"https:\/\/www.chateaubussolles.com\/en\/wp-json\/wp\/v2\/users\/2"}],"replies":[{"embeddable":true,"href":"https:\/\/www.chateaubussolles.com\/en\/wp-json\/wp\/v2\/comments?post=987514494"}],"version-history":[{"count":16,"href":"https:\/\/www.chateaubussolles.com\/en\/wp-json\/wp\/v2\/pages\/987514494\/revisions"}],"predecessor-version":[{"id":987515281,"href":"https:\/\/www.chateaubussolles.com\/en\/wp-json\/wp\/v2\/pages\/987514494\/revisions\/987515281"}],"wp:attachment":[{"href":"https:\/\/www.chateaubussolles.com\/en\/wp-json\/wp\/v2\/media?parent=987514494"}],"curies":[{"name":"wp","href":"https:\/\/api.w.org\/{rel}","templated":true}]}}