{"id":987513901,"date":"2025-01-07T15:07:00","date_gmt":"2025-01-07T15:07:00","guid":{"rendered":"https:\/\/chateaudebussolles.com\/impression\/"},"modified":"2024-04-16T08:08:07","modified_gmt":"2024-04-16T08:08:07","slug":"impression","status":"publish","type":"page","link":"https:\/\/www.chateaubussolles.com\/en\/impression\/","title":{"rendered":"Impression"},"content":{"rendered":"<p>[et_pb_section fb_built=&#8221;1&#8243; admin_label=&#8221;Header&#8221; _builder_version=&#8221;4.22.2&#8243; use_background_color_gradient=&#8221;on&#8221; background_color_gradient_type=&#8221;circular&#8221; background_color_gradient_direction_radial=&#8221;top left&#8221; background_color_gradient_stops=&#8221;rgba(46,91,147,0.89) 0%|rgba(255,255,255,0) 80%&#8221; background_color_gradient_overlays_image=&#8221;on&#8221; background_color_gradient_start=&#8221;rgba(255,255,255,0.89)&#8221; background_color_gradient_start_position=&#8221;30%&#8221; background_color_gradient_end=&#8221;rgba(255,255,255,0)&#8221; background_color_gradient_end_position=&#8221;80%&#8221; background_image=&#8221;https:\/\/chateaudebussolles.com\/wp-content\/uploads\/2023\/08\/Chateau-de-Busolles-uitzicht-kleine-gite.jpeg&#8221; background_position=&#8221;bottom_left&#8221; background_vertical_offset=&#8221;33%&#8221; custom_margin=&#8221;|||&#8221; custom_padding=&#8221;8vw||0px||false|false&#8221; locked=&#8221;off&#8221; global_colors_info=&#8221;{}&#8221;][et_pb_row _builder_version=&#8221;4.21.0&#8243; global_colors_info=&#8221;{}&#8221;][et_pb_column type=&#8221;4_4&#8243; _builder_version=&#8221;4.16&#8243; custom_padding=&#8221;|||&#8221; global_colors_info=&#8221;{}&#8221; custom_padding__hover=&#8221;|||&#8221;][et_pb_text _builder_version=&#8221;4.22.2&#8243; text_font=&#8221;||||||||&#8221; header_font=&#8221;Raleway|700|||||||&#8221; header_font_size=&#8221;80px&#8221; header_line_height=&#8221;1.2em&#8221; header_5_font=&#8221;Raleway|700||on|||||&#8221; header_5_font_size=&#8221;20px&#8221; header_5_letter_spacing=&#8221;0.5em&#8221; header_5_line_height=&#8221;1.8em&#8221; animation_style=&#8221;zoom&#8221; animation_intensity_zoom=&#8221;5%&#8221; header_font_size_tablet=&#8221;48px&#8221; header_font_size_phone=&#8221;32px&#8221; header_font_size_last_edited=&#8221;on|phone&#8221; header_5_font_size_tablet=&#8221;14px&#8221; header_5_font_size_phone=&#8221;12px&#8221; header_5_font_size_last_edited=&#8221;on|desktop&#8221; global_colors_info=&#8221;{}&#8221;]<\/p>\n<h5>WHAT CAN YOU DO?<\/h5>\n<h1>Impression<\/h1>\n<p>[\/et_pb_text][et_pb_button button_url=&#8221;https:\/\/chateaudebussolles.com\/en\/bookings\/&#8221; button_text=&#8221;Book the Ch\u00e2teau for your Group&#8221; button_alignment=&#8221;center&#8221; _builder_version=&#8221;4.24.0&#8243; _module_preset=&#8221;default&#8221; animation_style=&#8221;zoom&#8221; animation_intensity_zoom=&#8221;5%&#8221; global_colors_info=&#8221;{}&#8221; button_border_radius__hover_enabled=&#8221;on|hover&#8221; button_bg_color__hover_enabled=&#8221;on|desktop&#8221;][\/et_pb_button][\/et_pb_column][\/et_pb_row][\/et_pb_section][et_pb_section fb_built=&#8221;1&#8243; _builder_version=&#8221;4.21.0&#8243; _module_preset=&#8221;default&#8221; custom_padding=&#8221;||49px|||&#8221; global_colors_info=&#8221;{}&#8221;][et_pb_row _builder_version=&#8221;4.22.2&#8243; _module_preset=&#8221;default&#8221; global_colors_info=&#8221;{}&#8221;][et_pb_column type=&#8221;4_4&#8243; _builder_version=&#8221;4.22.2&#8243; _module_preset=&#8221;default&#8221; global_colors_info=&#8221;{}&#8221;][et_pb_text _builder_version=&#8221;4.22.2&#8243; _module_preset=&#8221;default&#8221; global_colors_info=&#8221;{}&#8221;]<\/p>\n<p><span>A selection of the many possibilities of activities, culinary surprises, and retreats in and around the estate of Ch\u00e2teau and G\u00eetes de Bussolles. <a href=\"https:\/\/chateaudebussolles.com\/en\/chateau\/\">The castle<\/a> itself accommodates groups of up to 15 people expandable to about 26 people with <a href=\"https:\/\/chateaudebussolles.com\/en\/gites\/\">the g\u00eetes.<\/a> Below, you&#8217;ll find an impression of the offerings that Ch\u00e2teau de Bussolles provides.<\/span><\/p>\n<p>[\/et_pb_text][\/et_pb_column][\/et_pb_row][et_pb_row _builder_version=&#8221;4.21.0&#8243; _module_preset=&#8221;default&#8221; global_colors_info=&#8221;{}&#8221;][et_pb_column type=&#8221;4_4&#8243; _builder_version=&#8221;4.21.0&#8243; _module_preset=&#8221;default&#8221; global_colors_info=&#8221;{}&#8221;][et_pb_blog fullwidth=&#8221;off&#8221; posts_number=&#8221;6&#8243; include_categories=&#8221;all&#8221; show_more=&#8221;on&#8221; show_author=&#8221;off&#8221; show_date=&#8221;off&#8221; module_class=&#8221;pa-blog-equal-height&#8221; _builder_version=&#8221;4.24.0&#8243; _module_preset=&#8221;default&#8221; header_font=&#8221;Raleway|600|||||||&#8221; header_text_color=&#8221;#292929&#8243; header_font_size=&#8221;18px&#8221; body_font=&#8221;Raleway||||||||&#8221; body_text_color=&#8221;#292929&#8243; body_font_size=&#8221;16px&#8221; meta_text_color=&#8221;#F99262&#8243; read_more_font=&#8221;Raleway|700|||||||&#8221; read_more_text_color=&#8221;#FFFFFF&#8221; read_more_font_size=&#8221;19px&#8221; hover_enabled=&#8221;0&#8243; body_font_size_tablet=&#8221;16px&#8221; body_font_size_phone=&#8221;16px&#8221; body_font_size_last_edited=&#8221;on|desktop&#8221; custom_css_read_more=&#8221;display: block;||text-align: center;||background-color:rgba(249,146,98,0.85);||padding: 0.3em 1em;||margin-top: 10px;||border-radius: 5px;||:hover {||  background-color:249,146,98,0.95;||}&#8221; border_radii=&#8221;on|5px|5px|5px|5px&#8221; border_radii_image=&#8221;on|5px|5px|5px|5px&#8221; global_colors_info=&#8221;{}&#8221; sticky_enabled=&#8221;0&#8243;][\/et_pb_blog][\/et_pb_column][\/et_pb_row][\/et_pb_section]<\/p>\n","protected":false},"excerpt":{"rendered":"<p>WHAT CAN YOU DO? ImpressionA selection of the many possibilities of activities, culinary surprises, and retreats in and around the estate of Ch\u00e2teau and G\u00eetes de Bussolles. The castle itself accommodates groups of up to 15 people expandable to about 26 people with the g\u00eetes. Below, you&#8217;ll find an impression of the offerings that Ch\u00e2teau [&hellip;]<\/p>\n","protected":false},"author":2,"featured_media":0,"parent":0,"menu_order":0,"comment_status":"closed","ping_status":"closed","template":"","meta":{"_et_pb_use_builder":"on","_et_pb_old_content":"","_et_gb_content_width":"","inline_featured_image":false,"footnotes":""},"yoast_head":"<!-- This site is optimized with the Yoast SEO plugin v24.4 - https:\/\/yoast.com\/wordpress\/plugins\/seo\/ -->\n<title>An impression of the possibilities | Ch\u00e2teau de Bussolles<\/title>\n<meta name=\"description\" content=\"Get an impression of the activities, culinary surprises and retreats in and around the Ch\u00e2teau and G\u00eetes de Bussolles estate.\" \/>\n<meta name=\"robots\" content=\"index, follow, max-snippet:-1, max-image-preview:large, max-video-preview:-1\" \/>\n<link rel=\"canonical\" href=\"https:\/\/www.chateaubussolles.com\/en\/impression\/\" \/>\n<meta property=\"og:locale\" content=\"en_US\" \/>\n<meta property=\"og:type\" content=\"article\" \/>\n<meta property=\"og:title\" content=\"An impression of the possibilities | Ch\u00e2teau de Bussolles\" \/>\n<meta property=\"og:description\" content=\"Get an impression of the activities, culinary surprises and retreats in and around the Ch\u00e2teau and G\u00eetes de Bussolles estate.\" \/>\n<meta property=\"og:url\" content=\"https:\/\/www.chateaubussolles.com\/en\/impression\/\" \/>\n<meta property=\"og:site_name\" content=\"Ch\u00e2teau de Bussolles\" \/>\n<meta property=\"article:publisher\" content=\"https:\/\/www.facebook.com\/chateaubussolles\" \/>\n<meta name=\"twitter:card\" content=\"summary_large_image\" \/>\n<meta name=\"twitter:label1\" content=\"Est. reading time\" \/>\n\t<meta name=\"twitter:data1\" content=\"3 minutes\" \/>\n<script type=\"application\/ld+json\" class=\"yoast-schema-graph\">{\"@context\":\"https:\/\/schema.org\",\"@graph\":[{\"@type\":\"WebPage\",\"@id\":\"https:\/\/www.chateaubussolles.com\/en\/impression\/\",\"url\":\"https:\/\/www.chateaubussolles.com\/en\/impression\/\",\"name\":\"An impression of the possibilities | Ch\u00e2teau de Bussolles\",\"isPartOf\":{\"@id\":\"https:\/\/www.chateaubussolles.com\/en\/#website\"},\"datePublished\":\"2025-01-07T15:07:00+00:00\",\"description\":\"Get an impression of the activities, culinary surprises and retreats in and around the Ch\u00e2teau and G\u00eetes de Bussolles estate.\",\"breadcrumb\":{\"@id\":\"https:\/\/www.chateaubussolles.com\/en\/impression\/#breadcrumb\"},\"inLanguage\":\"en-US\",\"potentialAction\":[{\"@type\":\"ReadAction\",\"target\":[\"https:\/\/www.chateaubussolles.com\/en\/impression\/\"]}]},{\"@type\":\"BreadcrumbList\",\"@id\":\"https:\/\/www.chateaubussolles.com\/en\/impression\/#breadcrumb\",\"itemListElement\":[{\"@type\":\"ListItem\",\"position\":1,\"name\":\"Home\",\"item\":\"https:\/\/www.chateaubussolles.com\/en\/\"},{\"@type\":\"ListItem\",\"position\":2,\"name\":\"Impression\"}]},{\"@type\":\"WebSite\",\"@id\":\"https:\/\/www.chateaubussolles.com\/en\/#website\",\"url\":\"https:\/\/www.chateaubussolles.com\/en\/\",\"name\":\"Ch\u00e2teau de Bussolles\",\"description\":\"Vakantie of retreat in stijl\",\"publisher\":{\"@id\":\"https:\/\/www.chateaubussolles.com\/en\/#organization\"},\"potentialAction\":[{\"@type\":\"SearchAction\",\"target\":{\"@type\":\"EntryPoint\",\"urlTemplate\":\"https:\/\/www.chateaubussolles.com\/en\/?s={search_term_string}\"},\"query-input\":{\"@type\":\"PropertyValueSpecification\",\"valueRequired\":true,\"valueName\":\"search_term_string\"}}],\"inLanguage\":\"en-US\"},{\"@type\":\"Organization\",\"@id\":\"https:\/\/www.chateaubussolles.com\/en\/#organization\",\"name\":\"Ch\u00e2teau de Bussolles\",\"url\":\"https:\/\/www.chateaubussolles.com\/en\/\",\"logo\":{\"@type\":\"ImageObject\",\"inLanguage\":\"en-US\",\"@id\":\"https:\/\/www.chateaubussolles.com\/en\/#\/schema\/logo\/image\/\",\"url\":\"https:\/\/chateaudebussolles.com\/wp-content\/uploads\/2023\/11\/CHATEAU-BLUE-JPG-scaled.jpg\",\"contentUrl\":\"https:\/\/chateaudebussolles.com\/wp-content\/uploads\/2023\/11\/CHATEAU-BLUE-JPG-scaled.jpg\",\"width\":2560,\"height\":544,\"caption\":\"Ch\u00e2teau de Bussolles\"},\"image\":{\"@id\":\"https:\/\/www.chateaubussolles.com\/en\/#\/schema\/logo\/image\/\"},\"sameAs\":[\"https:\/\/www.facebook.com\/chateaubussolles\",\"https:\/\/www.instagram.com\/chateaubussolles\/\"]}]}<\/script>\n<!-- \/ Yoast SEO plugin. -->","yoast_head_json":{"title":"An impression of the possibilities | Ch\u00e2teau de Bussolles","description":"Get an impression of the activities, culinary surprises and retreats in and around the Ch\u00e2teau and G\u00eetes de Bussolles estate.","robots":{"index":"index","follow":"follow","max-snippet":"max-snippet:-1","max-image-preview":"max-image-preview:large","max-video-preview":"max-video-preview:-1"},"canonical":"https:\/\/www.chateaubussolles.com\/en\/impression\/","og_locale":"en_US","og_type":"article","og_title":"An impression of the possibilities | Ch\u00e2teau de Bussolles","og_description":"Get an impression of the activities, culinary surprises and retreats in and around the Ch\u00e2teau and G\u00eetes de Bussolles estate.","og_url":"https:\/\/www.chateaubussolles.com\/en\/impression\/","og_site_name":"Ch\u00e2teau de Bussolles","article_publisher":"https:\/\/www.facebook.com\/chateaubussolles","twitter_card":"summary_large_image","twitter_misc":{"Est. reading time":"3 minutes"},"schema":{"@context":"https:\/\/schema.org","@graph":[{"@type":"WebPage","@id":"https:\/\/www.chateaubussolles.com\/en\/impression\/","url":"https:\/\/www.chateaubussolles.com\/en\/impression\/","name":"An impression of the possibilities | Ch\u00e2teau de Bussolles","isPartOf":{"@id":"https:\/\/www.chateaubussolles.com\/en\/#website"},"datePublished":"2025-01-07T15:07:00+00:00","description":"Get an impression of the activities, culinary surprises and retreats in and around the Ch\u00e2teau and G\u00eetes de Bussolles estate.","breadcrumb":{"@id":"https:\/\/www.chateaubussolles.com\/en\/impression\/#breadcrumb"},"inLanguage":"en-US","potentialAction":[{"@type":"ReadAction","target":["https:\/\/www.chateaubussolles.com\/en\/impression\/"]}]},{"@type":"BreadcrumbList","@id":"https:\/\/www.chateaubussolles.com\/en\/impression\/#breadcrumb","itemListElement":[{"@type":"ListItem","position":1,"name":"Home","item":"https:\/\/www.chateaubussolles.com\/en\/"},{"@type":"ListItem","position":2,"name":"Impression"}]},{"@type":"WebSite","@id":"https:\/\/www.chateaubussolles.com\/en\/#website","url":"https:\/\/www.chateaubussolles.com\/en\/","name":"Ch\u00e2teau de Bussolles","description":"Vakantie of retreat in stijl","publisher":{"@id":"https:\/\/www.chateaubussolles.com\/en\/#organization"},"potentialAction":[{"@type":"SearchAction","target":{"@type":"EntryPoint","urlTemplate":"https:\/\/www.chateaubussolles.com\/en\/?s={search_term_string}"},"query-input":{"@type":"PropertyValueSpecification","valueRequired":true,"valueName":"search_term_string"}}],"inLanguage":"en-US"},{"@type":"Organization","@id":"https:\/\/www.chateaubussolles.com\/en\/#organization","name":"Ch\u00e2teau de Bussolles","url":"https:\/\/www.chateaubussolles.com\/en\/","logo":{"@type":"ImageObject","inLanguage":"en-US","@id":"https:\/\/www.chateaubussolles.com\/en\/#\/schema\/logo\/image\/","url":"https:\/\/chateaudebussolles.com\/wp-content\/uploads\/2023\/11\/CHATEAU-BLUE-JPG-scaled.jpg","contentUrl":"https:\/\/chateaudebussolles.com\/wp-content\/uploads\/2023\/11\/CHATEAU-BLUE-JPG-scaled.jpg","width":2560,"height":544,"caption":"Ch\u00e2teau de Bussolles"},"image":{"@id":"https:\/\/www.chateaubussolles.com\/en\/#\/schema\/logo\/image\/"},"sameAs":["https:\/\/www.facebook.com\/chateaubussolles","https:\/\/www.instagram.com\/chateaubussolles\/"]}]}},"_links":{"self":[{"href":"https:\/\/www.chateaubussolles.com\/en\/wp-json\/wp\/v2\/pages\/987513901"}],"collection":[{"href":"https:\/\/www.chateaubussolles.com\/en\/wp-json\/wp\/v2\/pages"}],"about":[{"href":"https:\/\/www.chateaubussolles.com\/en\/wp-json\/wp\/v2\/types\/page"}],"author":[{"embeddable":true,"href":"https:\/\/www.chateaubussolles.com\/en\/wp-json\/wp\/v2\/users\/2"}],"replies":[{"embeddable":true,"href":"https:\/\/www.chateaubussolles.com\/en\/wp-json\/wp\/v2\/comments?post=987513901"}],"version-history":[{"count":24,"href":"https:\/\/www.chateaubussolles.com\/en\/wp-json\/wp\/v2\/pages\/987513901\/revisions"}],"predecessor-version":[{"id":987516687,"href":"https:\/\/www.chateaubussolles.com\/en\/wp-json\/wp\/v2\/pages\/987513901\/revisions\/987516687"}],"wp:attachment":[{"href":"https:\/\/www.chateaubussolles.com\/en\/wp-json\/wp\/v2\/media?parent=987513901"}],"curies":[{"name":"wp","href":"https:\/\/api.w.org\/{rel}","templated":true}]}}