{"id":987514958,"date":"2025-01-06T14:00:00","date_gmt":"2025-01-06T14:00:00","guid":{"rendered":"https:\/\/chateaudebussolles.com\/eindruecke-vom-chateau\/"},"modified":"2024-02-27T14:54:36","modified_gmt":"2024-02-27T14:54:36","slug":"eindruecke-vom-chateau","status":"publish","type":"page","link":"https:\/\/www.chateaubussolles.com\/de\/eindruecke-vom-chateau\/","title":{"rendered":"Eindr\u00fccke vom Ch\u00e2teau"},"content":{"rendered":"<p>[et_pb_section fb_built=&#8220;1&#8243; admin_label=&#8220;Header&#8220; _builder_version=&#8220;4.22.2&#8243; use_background_color_gradient=&#8220;on&#8220; background_color_gradient_type=&#8220;circular&#8220; background_color_gradient_direction_radial=&#8220;top left&#8220; background_color_gradient_stops=&#8220;rgba(46,91,147,0.89) 0%|rgba(255,255,255,0) 80%&#8220; background_color_gradient_overlays_image=&#8220;on&#8220; background_color_gradient_start=&#8220;rgba(255,255,255,0.89)&#8220; background_color_gradient_start_position=&#8220;30%&#8220; background_color_gradient_end=&#8220;rgba(255,255,255,0)&#8220; background_color_gradient_end_position=&#8220;80%&#8220; background_image=&#8220;https:\/\/chateaudebussolles.com\/wp-content\/uploads\/2023\/08\/Chateau-de-Busolles-uitzicht-kleine-gite.jpeg&#8220; background_position=&#8220;bottom_left&#8220; background_vertical_offset=&#8220;33%&#8220; custom_margin=&#8220;|||&#8220; custom_padding=&#8220;8vw||0px||false|false&#8220; locked=&#8220;off&#8220; global_colors_info=&#8220;{}&#8220;][et_pb_row _builder_version=&#8220;4.21.0&#8243; global_colors_info=&#8220;{}&#8220;][et_pb_column type=&#8220;4_4&#8243; _builder_version=&#8220;4.16&#8243; custom_padding=&#8220;|||&#8220; global_colors_info=&#8220;{}&#8220; custom_padding__hover=&#8220;|||&#8220;][et_pb_text _builder_version=&#8220;4.22.2&#8243; text_font=&#8220;||||||||&#8220; header_font=&#8220;Raleway|700|||||||&#8220; header_font_size=&#8220;80px&#8220; header_line_height=&#8220;1.2em&#8220; header_5_font=&#8220;Raleway|700||on|||||&#8220; header_5_font_size=&#8220;20px&#8220; header_5_letter_spacing=&#8220;0.5em&#8220; header_5_line_height=&#8220;1.8em&#8220; animation_style=&#8220;zoom&#8220; animation_intensity_zoom=&#8220;5%&#8220; header_font_size_tablet=&#8220;48px&#8220; header_font_size_phone=&#8220;32px&#8220; header_font_size_last_edited=&#8220;on|phone&#8220; header_5_font_size_tablet=&#8220;14px&#8220; header_5_font_size_phone=&#8220;12px&#8220; header_5_font_size_last_edited=&#8220;on|desktop&#8220; global_colors_info=&#8220;{}&#8220;]<\/p>\n<h5>In und um das Schloss<\/h5>\n<h1>Eindr\u00fccke vom Ch\u00e2teau<\/h1>\n<p>[\/et_pb_text][et_pb_button button_url=&#8220;https:\/\/chateaudebussolles.com\/de\/reservierungen\/#ch%C3%A2teau&#8220; button_text=&#8220;Buchen Sie das Ch\u00e2teau f\u00fcr Ihre Gruppe&#8220; button_alignment=&#8220;center&#8220; _builder_version=&#8220;4.24.0&#8243; _module_preset=&#8220;default&#8220; animation_style=&#8220;zoom&#8220; animation_intensity_zoom=&#8220;5%&#8220; hover_enabled=&#8220;0&#8243; global_colors_info=&#8220;{}&#8220; button_border_radius__hover_enabled=&#8220;on|hover&#8220; button_bg_color__hover_enabled=&#8220;on|desktop&#8220; sticky_enabled=&#8220;0&#8243;][\/et_pb_button][\/et_pb_column][\/et_pb_row][\/et_pb_section][et_pb_section fb_built=&#8220;1&#8243; _builder_version=&#8220;4.22.2&#8243; _module_preset=&#8220;default&#8220; custom_padding=&#8220;1px|||||&#8220; global_colors_info=&#8220;{}&#8220;][et_pb_row column_structure=&#8220;1_2,1_2&#8243; _builder_version=&#8220;4.22.2&#8243; _module_preset=&#8220;default&#8220; global_colors_info=&#8220;{}&#8220;][et_pb_column type=&#8220;1_2&#8243; _builder_version=&#8220;4.22.2&#8243; _module_preset=&#8220;default&#8220; global_colors_info=&#8220;{}&#8220;][et_pb_image src=&#8220;https:\/\/chateaudebussolles.com\/wp-content\/uploads\/2023\/12\/Het-Chateau-Chateau-de-Bussolles.webp&#8220; alt=&#8220;Das Ch\u00e2teau | Ch\u00e2teau de Bussolles&#8220; title_text=&#8220;Das Ch\u00e2teau | Ch\u00e2teau de Bussolles&#8220; url=&#8220;https:\/\/www.youtube.com\/watch?v=R35gy-tJlj0&#8243; url_new_window=&#8220;on&#8220; module_class=&#8220;et-lb-btn-2&#8243; _builder_version=&#8220;4.22.2&#8243; _module_preset=&#8220;default&#8220; global_colors_info=&#8220;{}&#8220;][\/et_pb_image][\/et_pb_column][et_pb_column type=&#8220;1_2&#8243; _builder_version=&#8220;4.22.2&#8243; _module_preset=&#8220;default&#8220; global_colors_info=&#8220;{}&#8220;][et_pb_image src=&#8220;https:\/\/chateaudebussolles.com\/wp-content\/uploads\/2023\/12\/Het-Zwembad-Chateau-de-Bussolles.webp&#8220; alt=&#8220;Das Schwimmbad | Ch\u00e2teau de Bussolles&#8220; title_text=&#8220;Das Schwimmbad | Ch\u00e2teau de Bussolles&#8220; module_class=&#8220;et-lb-btn-3&#8243; _builder_version=&#8220;4.22.2&#8243; _module_preset=&#8220;default&#8220; global_colors_info=&#8220;{}&#8220;][\/et_pb_image][\/et_pb_column][\/et_pb_row][et_pb_row disabled_on=&#8220;on|off|off&#8220; module_class=&#8220;wpz-gallery-masonry &#8220; _builder_version=&#8220;4.22.2&#8243; _module_preset=&#8220;default&#8220; global_colors_info=&#8220;{}&#8220;][et_pb_column type=&#8220;4_4&#8243; _builder_version=&#8220;4.22.2&#8243; _module_preset=&#8220;default&#8220; global_colors_info=&#8220;{}&#8220;][et_pb_gallery gallery_ids=&#8220;987514542,987514380,987514231,987513620,987513653,987514386,987513953,987513649,987512758,987514578,987512779,987512756,987512773,987514444,987514570,987514574,987514423,987513643,987514419,987514566&#8243; posts_number=&#8220;80&#8243; orientation=&#8220;portrait&#8220; show_title_and_caption=&#8220;off&#8220; show_pagination=&#8220;off&#8220; zoom_icon_color=&#8220;RGBA(255,255,255,0)&#8220; hover_overlay_color=&#8220;RGBA(255,255,255,0)&#8220; _builder_version=&#8220;4.22.2&#8243; _module_preset=&#8220;default&#8220; global_colors_info=&#8220;{}&#8220;][\/et_pb_gallery][\/et_pb_column][\/et_pb_row][et_pb_row disabled_on=&#8220;off|on|on&#8220; module_class=&#8220;wpz-gallery-masonry &#8220; _builder_version=&#8220;4.22.2&#8243; _module_preset=&#8220;default&#8220; global_colors_info=&#8220;{}&#8220;][et_pb_column type=&#8220;4_4&#8243; _builder_version=&#8220;4.22.2&#8243; _module_preset=&#8220;default&#8220; global_colors_info=&#8220;{}&#8220;][et_pb_gallery gallery_ids=&#8220;987514542,987513953,987512758,987512756,987512773,987514231,987514444,987513649,987512779,987513620,987513653,987514386,987514578,987514570,987514380,987514574,987514423,987513643,987514419,987514566&#8243; posts_number=&#8220;80&#8243; orientation=&#8220;portrait&#8220; show_title_and_caption=&#8220;off&#8220; show_pagination=&#8220;off&#8220; zoom_icon_color=&#8220;RGBA(255,255,255,0)&#8220; hover_overlay_color=&#8220;RGBA(255,255,255,0)&#8220; _builder_version=&#8220;4.22.2&#8243; _module_preset=&#8220;default&#8220; global_colors_info=&#8220;{}&#8220;][\/et_pb_gallery][\/et_pb_column][\/et_pb_row][\/et_pb_section][et_pb_section fb_built=&#8220;1&#8243; module_class=&#8220;et-lb-content-2 fix-video-close&#8220; _builder_version=&#8220;4.22.2&#8243; _module_preset=&#8220;default&#8220; background_color=&#8220;rgba(46,91,147,0.42)&#8220; height=&#8220;100vh&#8220; locked=&#8220;off&#8220; global_colors_info=&#8220;{}&#8220;][et_pb_row _builder_version=&#8220;4.22.2&#8243; _module_preset=&#8220;default&#8220; background_enable_color=&#8220;off&#8220; custom_margin=&#8220;41px|auto||auto|false|false&#8220; custom_padding=&#8220;110px||0px||false|false&#8220; border_radii=&#8220;on|5px|5px|5px|5px&#8220; global_colors_info=&#8220;{}&#8220;][et_pb_column type=&#8220;4_4&#8243; _builder_version=&#8220;4.21.0&#8243; _module_preset=&#8220;default&#8220; global_colors_info=&#8220;{}&#8220;][et_pb_video src=&#8220;https:\/\/www.youtube.com\/watch?v=R35gy-tJlj0&#8243; _builder_version=&#8220;4.22.2&#8243; _module_preset=&#8220;default&#8220; custom_margin=&#8220;9px||||false|true&#8220; border_radii=&#8220;on|5px|5px|5px|5px&#8220; global_colors_info=&#8220;{}&#8220;][\/et_pb_video][\/et_pb_column][\/et_pb_row][\/et_pb_section][et_pb_section fb_built=&#8220;1&#8243; module_class=&#8220;et-lb-content-3 fix-video-close&#8220; _builder_version=&#8220;4.22.2&#8243; _module_preset=&#8220;default&#8220; background_color=&#8220;rgba(46,91,147,0.42)&#8220; height=&#8220;100vh&#8220; locked=&#8220;off&#8220; global_colors_info=&#8220;{}&#8220;][et_pb_row _builder_version=&#8220;4.22.2&#8243; _module_preset=&#8220;default&#8220; background_enable_color=&#8220;off&#8220; custom_margin=&#8220;41px|auto||auto|false|false&#8220; custom_padding=&#8220;110px||0px||false|false&#8220; border_radii=&#8220;on|5px|5px|5px|5px&#8220; global_colors_info=&#8220;{}&#8220;][et_pb_column type=&#8220;4_4&#8243; _builder_version=&#8220;4.21.0&#8243; _module_preset=&#8220;default&#8220; global_colors_info=&#8220;{}&#8220;][et_pb_video src=&#8220;https:\/\/www.youtube.com\/watch?v=sO9wXQZc0hY&#8220; _builder_version=&#8220;4.22.2&#8243; _module_preset=&#8220;default&#8220; custom_margin=&#8220;9px||||false|true&#8220; border_radii=&#8220;on|5px|5px|5px|5px&#8220; global_colors_info=&#8220;{}&#8220;][\/et_pb_video][\/et_pb_column][\/et_pb_row][\/et_pb_section]<\/p>\n","protected":false},"excerpt":{"rendered":"<p>In und um das Schloss Eindr\u00fccke vom Ch\u00e2teau<\/p>\n","protected":false},"author":1,"featured_media":0,"parent":0,"menu_order":0,"comment_status":"closed","ping_status":"closed","template":"","meta":{"_et_pb_use_builder":"on","_et_pb_old_content":"","_et_gb_content_width":"","inline_featured_image":false,"footnotes":""},"yoast_head":"<!-- This site is optimized with the Yoast SEO plugin v24.4 - https:\/\/yoast.com\/wordpress\/plugins\/seo\/ -->\n<title>Eindr\u00fccke vom Ch\u00e2teau - Ch\u00e2teau de Bussolles<\/title>\n<meta name=\"robots\" content=\"index, follow, max-snippet:-1, max-image-preview:large, max-video-preview:-1\" \/>\n<link rel=\"canonical\" href=\"https:\/\/www.chateaubussolles.com\/de\/eindruecke-vom-chateau\/\" \/>\n<meta property=\"og:locale\" content=\"de_DE\" \/>\n<meta property=\"og:type\" content=\"article\" \/>\n<meta property=\"og:title\" content=\"Eindr\u00fccke vom Ch\u00e2teau - Ch\u00e2teau de Bussolles\" \/>\n<meta property=\"og:description\" content=\"In und um das Schloss Eindr\u00fccke vom Ch\u00e2teau\" \/>\n<meta property=\"og:url\" content=\"https:\/\/www.chateaubussolles.com\/de\/eindruecke-vom-chateau\/\" \/>\n<meta property=\"og:site_name\" content=\"Ch\u00e2teau de Bussolles\" \/>\n<meta property=\"article:publisher\" content=\"https:\/\/www.facebook.com\/chateaubussolles\" \/>\n<meta name=\"twitter:card\" content=\"summary_large_image\" \/>\n<meta name=\"twitter:label1\" content=\"Gesch\u00e4tzte Lesezeit\" \/>\n\t<meta name=\"twitter:data1\" content=\"4\u00a0Minuten\" \/>\n<script type=\"application\/ld+json\" class=\"yoast-schema-graph\">{\"@context\":\"https:\/\/schema.org\",\"@graph\":[{\"@type\":\"WebPage\",\"@id\":\"https:\/\/www.chateaubussolles.com\/de\/eindruecke-vom-chateau\/\",\"url\":\"https:\/\/www.chateaubussolles.com\/de\/eindruecke-vom-chateau\/\",\"name\":\"Eindr\u00fccke vom Ch\u00e2teau - Ch\u00e2teau de Bussolles\",\"isPartOf\":{\"@id\":\"https:\/\/www.chateaubussolles.com\/de\/#website\"},\"datePublished\":\"2025-01-06T14:00:00+00:00\",\"breadcrumb\":{\"@id\":\"https:\/\/www.chateaubussolles.com\/de\/eindruecke-vom-chateau\/#breadcrumb\"},\"inLanguage\":\"de\",\"potentialAction\":[{\"@type\":\"ReadAction\",\"target\":[\"https:\/\/www.chateaubussolles.com\/de\/eindruecke-vom-chateau\/\"]}]},{\"@type\":\"BreadcrumbList\",\"@id\":\"https:\/\/www.chateaubussolles.com\/de\/eindruecke-vom-chateau\/#breadcrumb\",\"itemListElement\":[{\"@type\":\"ListItem\",\"position\":1,\"name\":\"Home\",\"item\":\"https:\/\/www.chateaubussolles.com\/de\/\"},{\"@type\":\"ListItem\",\"position\":2,\"name\":\"Eindr\u00fccke vom Ch\u00e2teau\"}]},{\"@type\":\"WebSite\",\"@id\":\"https:\/\/www.chateaubussolles.com\/de\/#website\",\"url\":\"https:\/\/www.chateaubussolles.com\/de\/\",\"name\":\"Ch\u00e2teau de Bussolles\",\"description\":\"Vakantie of retreat in stijl\",\"publisher\":{\"@id\":\"https:\/\/www.chateaubussolles.com\/de\/#organization\"},\"potentialAction\":[{\"@type\":\"SearchAction\",\"target\":{\"@type\":\"EntryPoint\",\"urlTemplate\":\"https:\/\/www.chateaubussolles.com\/de\/?s={search_term_string}\"},\"query-input\":{\"@type\":\"PropertyValueSpecification\",\"valueRequired\":true,\"valueName\":\"search_term_string\"}}],\"inLanguage\":\"de\"},{\"@type\":\"Organization\",\"@id\":\"https:\/\/www.chateaubussolles.com\/de\/#organization\",\"name\":\"Ch\u00e2teau de Bussolles\",\"url\":\"https:\/\/www.chateaubussolles.com\/de\/\",\"logo\":{\"@type\":\"ImageObject\",\"inLanguage\":\"de\",\"@id\":\"https:\/\/www.chateaubussolles.com\/de\/#\/schema\/logo\/image\/\",\"url\":\"https:\/\/chateaudebussolles.com\/wp-content\/uploads\/2023\/11\/CHATEAU-BLUE-JPG-scaled.jpg\",\"contentUrl\":\"https:\/\/chateaudebussolles.com\/wp-content\/uploads\/2023\/11\/CHATEAU-BLUE-JPG-scaled.jpg\",\"width\":2560,\"height\":544,\"caption\":\"Ch\u00e2teau de Bussolles\"},\"image\":{\"@id\":\"https:\/\/www.chateaubussolles.com\/de\/#\/schema\/logo\/image\/\"},\"sameAs\":[\"https:\/\/www.facebook.com\/chateaubussolles\",\"https:\/\/www.instagram.com\/chateaubussolles\/\"]}]}<\/script>\n<!-- \/ Yoast SEO plugin. -->","yoast_head_json":{"title":"Eindr\u00fccke vom Ch\u00e2teau - Ch\u00e2teau de Bussolles","robots":{"index":"index","follow":"follow","max-snippet":"max-snippet:-1","max-image-preview":"max-image-preview:large","max-video-preview":"max-video-preview:-1"},"canonical":"https:\/\/www.chateaubussolles.com\/de\/eindruecke-vom-chateau\/","og_locale":"de_DE","og_type":"article","og_title":"Eindr\u00fccke vom Ch\u00e2teau - Ch\u00e2teau de Bussolles","og_description":"In und um das Schloss Eindr\u00fccke vom Ch\u00e2teau","og_url":"https:\/\/www.chateaubussolles.com\/de\/eindruecke-vom-chateau\/","og_site_name":"Ch\u00e2teau de Bussolles","article_publisher":"https:\/\/www.facebook.com\/chateaubussolles","twitter_card":"summary_large_image","twitter_misc":{"Gesch\u00e4tzte Lesezeit":"4\u00a0Minuten"},"schema":{"@context":"https:\/\/schema.org","@graph":[{"@type":"WebPage","@id":"https:\/\/www.chateaubussolles.com\/de\/eindruecke-vom-chateau\/","url":"https:\/\/www.chateaubussolles.com\/de\/eindruecke-vom-chateau\/","name":"Eindr\u00fccke vom Ch\u00e2teau - Ch\u00e2teau de Bussolles","isPartOf":{"@id":"https:\/\/www.chateaubussolles.com\/de\/#website"},"datePublished":"2025-01-06T14:00:00+00:00","breadcrumb":{"@id":"https:\/\/www.chateaubussolles.com\/de\/eindruecke-vom-chateau\/#breadcrumb"},"inLanguage":"de","potentialAction":[{"@type":"ReadAction","target":["https:\/\/www.chateaubussolles.com\/de\/eindruecke-vom-chateau\/"]}]},{"@type":"BreadcrumbList","@id":"https:\/\/www.chateaubussolles.com\/de\/eindruecke-vom-chateau\/#breadcrumb","itemListElement":[{"@type":"ListItem","position":1,"name":"Home","item":"https:\/\/www.chateaubussolles.com\/de\/"},{"@type":"ListItem","position":2,"name":"Eindr\u00fccke vom Ch\u00e2teau"}]},{"@type":"WebSite","@id":"https:\/\/www.chateaubussolles.com\/de\/#website","url":"https:\/\/www.chateaubussolles.com\/de\/","name":"Ch\u00e2teau de Bussolles","description":"Vakantie of retreat in stijl","publisher":{"@id":"https:\/\/www.chateaubussolles.com\/de\/#organization"},"potentialAction":[{"@type":"SearchAction","target":{"@type":"EntryPoint","urlTemplate":"https:\/\/www.chateaubussolles.com\/de\/?s={search_term_string}"},"query-input":{"@type":"PropertyValueSpecification","valueRequired":true,"valueName":"search_term_string"}}],"inLanguage":"de"},{"@type":"Organization","@id":"https:\/\/www.chateaubussolles.com\/de\/#organization","name":"Ch\u00e2teau de Bussolles","url":"https:\/\/www.chateaubussolles.com\/de\/","logo":{"@type":"ImageObject","inLanguage":"de","@id":"https:\/\/www.chateaubussolles.com\/de\/#\/schema\/logo\/image\/","url":"https:\/\/chateaudebussolles.com\/wp-content\/uploads\/2023\/11\/CHATEAU-BLUE-JPG-scaled.jpg","contentUrl":"https:\/\/chateaudebussolles.com\/wp-content\/uploads\/2023\/11\/CHATEAU-BLUE-JPG-scaled.jpg","width":2560,"height":544,"caption":"Ch\u00e2teau de Bussolles"},"image":{"@id":"https:\/\/www.chateaubussolles.com\/de\/#\/schema\/logo\/image\/"},"sameAs":["https:\/\/www.facebook.com\/chateaubussolles","https:\/\/www.instagram.com\/chateaubussolles\/"]}]}},"_links":{"self":[{"href":"https:\/\/www.chateaubussolles.com\/de\/wp-json\/wp\/v2\/pages\/987514958"}],"collection":[{"href":"https:\/\/www.chateaubussolles.com\/de\/wp-json\/wp\/v2\/pages"}],"about":[{"href":"https:\/\/www.chateaubussolles.com\/de\/wp-json\/wp\/v2\/types\/page"}],"author":[{"embeddable":true,"href":"https:\/\/www.chateaubussolles.com\/de\/wp-json\/wp\/v2\/users\/1"}],"replies":[{"embeddable":true,"href":"https:\/\/www.chateaubussolles.com\/de\/wp-json\/wp\/v2\/comments?post=987514958"}],"version-history":[{"count":23,"href":"https:\/\/www.chateaubussolles.com\/de\/wp-json\/wp\/v2\/pages\/987514958\/revisions"}],"predecessor-version":[{"id":987516369,"href":"https:\/\/www.chateaubussolles.com\/de\/wp-json\/wp\/v2\/pages\/987514958\/revisions\/987516369"}],"wp:attachment":[{"href":"https:\/\/www.chateaubussolles.com\/de\/wp-json\/wp\/v2\/media?parent=987514958"}],"curies":[{"name":"wp","href":"https:\/\/api.w.org\/{rel}","templated":true}]}}