{"id":987514590,"date":"2023-05-01T14:53:23","date_gmt":"2023-05-01T14:53:23","guid":{"rendered":"https:\/\/chateaudebussolles.com\/datenschutzrichtlinie\/"},"modified":"2023-12-07T09:48:26","modified_gmt":"2023-12-07T09:48:26","slug":"datenschutzrichtlinie","status":"publish","type":"page","link":"https:\/\/www.chateaubussolles.com\/de\/datenschutzrichtlinie\/","title":{"rendered":"Datenschutzrichtlinie"},"content":{"rendered":"<p>[et_pb_section fb_built=&#8220;1&#8243; admin_label=&#8220;section&#8220; _builder_version=&#8220;4.16&#8243; global_colors_info=&#8220;{}&#8220;][et_pb_row admin_label=&#8220;row&#8220; _builder_version=&#8220;4.16&#8243; background_size=&#8220;initial&#8220; background_position=&#8220;top_left&#8220; background_repeat=&#8220;repeat&#8220; custom_padding=&#8220;20px|||||&#8220; global_colors_info=&#8220;{}&#8220;][et_pb_column type=&#8220;4_4&#8243; _builder_version=&#8220;4.16&#8243; custom_padding=&#8220;|||&#8220; global_colors_info=&#8220;{}&#8220; custom_padding__hover=&#8220;|||&#8220;][et_pb_text admin_label=&#8220;Text&#8220; _builder_version=&#8220;4.22.2&#8243; background_size=&#8220;initial&#8220; background_position=&#8220;top_left&#8220; background_repeat=&#8220;repeat&#8220; hover_enabled=&#8220;0&#8243; global_colors_info=&#8220;{}&#8220; sticky_enabled=&#8220;0&#8243;]<\/p>\n<p><!-- divi:heading --><\/p>\n<h2>Datenschutzrichtlinie<\/h2>\n<p>Landgoed Ch\u00e2teau de Bussolles legt gro\u00dfen Wert auf den Schutz Ihrer personenbezogenen Daten. In dieser Datenschutzrichtlinie m\u00f6chten wir klare und <br \/>transparente Informationen dar\u00fcber geben, wie wir mit personenbezogenen Daten umgehen.<\/p>\n<p>Wir setzen alles daran, Ihre Privatsph\u00e4re zu sch\u00fctzen, und gehen daher sorgf\u00e4ltig mit personenbezogenen Daten um. Landgoed Ch\u00e2teau de Bussolles h\u00e4lt sich in allen F\u00e4llen an die geltenden Gesetze und Vorschriften, einschlie\u00dflich der Datenschutz-Grundverordnung. Dies bedeutet, dass wir auf jeden Fall:  <\/p>\n<p style=\"padding-left: 40px;\">\u2022 Ihre personenbezogenen Daten im Einklang mit dem Zweck verarbeiten, f\u00fcr den sie bereitgestellt wurden. Diese Zwecke und Arten von personenbezogenen Daten sind in dieser Datenschutzrichtlinie beschrieben.<\/p>\n<p style=\"padding-left: 40px;\">\u2022 Die Verarbeitung Ihrer personenbezogenen Daten auf diejenigen beschr\u00e4nken, die mindestens f\u00fcr die Zwecke, f\u00fcr die sie verarbeitet werden, erforderlich sind.<\/p>\n<p style=\"padding-left: 40px;\">\u2022 Um Ihre ausdr\u00fcckliche Zustimmung bitten, wenn wir diese f\u00fcr die Verarbeitung Ihrer personenbezogenen Daten ben\u00f6tigen.<\/p>\n<p style=\"padding-left: 40px;\">\u2022 Angemessene technische und organisatorische Ma\u00dfnahmen ergreifen, um die Sicherheit Ihrer personenbezogenen Daten zu gew\u00e4hrleisten.<\/p>\n<p style=\"padding-left: 40px;\">\u2022 Keine personenbezogenen Daten an Dritte weitergeben, es sei denn, dies ist f\u00fcr die Durchf\u00fchrung der Zwecke, f\u00fcr die sie bereitgestellt wurden, erforderlich.<\/p>\n<p style=\"padding-left: 40px;\">\u2022 \u00dcber Ihre Rechte in Bezug auf Ihre personenbezogenen Daten informiert sein, Sie darauf aufmerksam machen und diese respektieren.<\/p>\n<p>Als Landgoed Ch\u00e2teau de Bussolles sind wir verantwortlich f\u00fcr die Verarbeitung Ihrer personenbezogenen Daten. Wenn Sie nach Durchsicht unserer Datenschutzrichtlinie oder im Allgemeinen Fragen dazu haben oder Kontakt mit uns aufnehmen m\u00f6chten, k\u00f6nnen Sie dies \u00fcber die Kontaktdaten am Ende dieses Dokuments tun. <\/p>\n<p>&nbsp;<\/p>\n<h2>Verarbeitung von personenbezogenen Daten von Kunden oder Lieferanten<\/h2>\n<p>Personenbezogene Daten von Kunden oder Lieferanten werden von Landgoed Ch\u00e2teau de Bussolles zu folgenden Zwecken verarbeitet:<\/p>\n<p style=\"padding-left: 40px;\">\u2022 Administrationszwecke;<br \/>\u2022 Kommunikation \u00fcber den Auftrag und\/oder Einladungen;<br \/>\u2022 Durchf\u00fchrung oder Ausstellung eines Auftrags.<\/p>\n<p>Die Rechtsgrundlage f\u00fcr diese personenbezogenen Daten ist:<\/p>\n<p style=\"padding-left: 40px;\">\u2022 Der vereinbarte Auftrag;<\/p>\n<p>F\u00fcr die oben genannten Zwecke kann Landgoed Ch\u00e2teau de Bussolles folgende personenbezogene Daten von Ihnen verlangen:<\/p>\n<p style=\"padding-left: 40px;\">\u2022 Name, Adresse, Wohnort, Telefonnummer, E-Mail-Adresse, Geschlecht, relevante medizinische Daten, Bankverbindungsnummer (Lieferanten).<\/p>\n<p>Ihre personenbezogenen Daten werden von Landgoed Ch\u00e2teau de Bussolles zu oben genannten Verarbeitungszwecken gespeichert:<\/p>\n<p style=\"padding-left: 40px;\">\u2022 W\u00e4hrend der Laufzeit des Vertrags und danach nur noch in der Verwaltung f\u00fcr maximal 7 Jahre.<\/p>\n<p>&nbsp;<\/p>\n<h2>Verarbeitung personenbezogener Daten von Newsletter-Abonnenten<\/h2>\n<p>Personenbezogene Daten von Newsletter-Abonnenten werden von Landgoed Ch\u00e2teau de Bussolles f\u00fcr folgende Zwecke verarbeitet:<\/p>\n<p style=\"padding-left: 40px;\">\u2022 Informationsbereitstellung f\u00fcr die Person durch Neuigkeiten.<\/p>\n<p>Die Rechtsgrundlage f\u00fcr diese personenbezogenen Daten ist:<\/p>\n<p style=\"padding-left: 40px;\">\u2022 Das Anmeldeformular f\u00fcr den Newsletter;<\/p>\n<p>F\u00fcr die oben genannten Zwecke kann Landgoed Ch\u00e2teau de Bussolles folgende personenbezogene Daten von Ihnen verlangen:<\/p>\n<p style=\"padding-left: 40px;\">\u2022 Name, E-Mail-Adresse<\/p>\n<p>Ihre personenbezogenen Daten werden von Landgoed Ch\u00e2teau de Bussolles zu oben genannten Verarbeitungszwecken gespeichert:<\/p>\n<p style=\"padding-left: 40px;\">\u2022 W\u00e4hrend der Zeit, in der man angemeldet ist.<\/p>\n<p>Verarbeitung personenbezogener Daten von Interessenten, Ansprechpartnern (Stakeholder) oder Interessierten<\/p>\n<p>Personenbezogene Daten von Interessenten, Ansprechpartnern (Stakeholder) oder Interessierten werden von Landgoed Ch\u00e2teau de Bussolles f\u00fcr folgende Zwecke verarbeitet:<\/p>\n<p style=\"padding-left: 40px;\">\u2022 Informationsbereitstellung in Form von Newslettern und\/oder gezielten Kontakten.<\/p>\n<p>Die Rechtsgrundlage f\u00fcr diese personenbezogenen Daten ist:<\/p>\n<p style=\"padding-left: 40px;\">\u2022 M\u00fcndliche Zustimmung, Aush\u00e4ndigung von Visitenkarten und\/oder \u00fcber Social Media-Verkn\u00fcpfung;<\/p>\n<p>F\u00fcr die oben genannten Zwecke kann Landgoed Ch\u00e2teau de Bussolles folgende personenbezogene Daten von Ihnen verlangen:<\/p>\n<p style=\"padding-left: 40px;\">\u2022 Name, Adresse, Wohnort, Telefonnummer, E-Mail-Adresse<\/p>\n<p>Ihre personenbezogenen Daten werden von Landgoed Ch\u00e2teau de Bussolles zu oben genannten Verarbeitungszwecken gespeichert:<\/p>\n<p style=\"padding-left: 40px;\">\u2022 W\u00e4hrend der Zeit, in der man als Interessent, Ansprechpartner oder Interessierter betrachtet wird.<\/p>\n<p>&nbsp;<\/p>\n<p>&nbsp;<\/p>\n<h2>Verarbeitung personenbezogener Daten von Mitarbeitern<\/h2>\n<p>Personenbezogene Daten von Mitarbeitern werden von Landgoed Ch\u00e2teau de Bussolles f\u00fcr folgende Zwecke verarbeitet:<\/p>\n<p style=\"padding-left: 40px;\">\u2022 Durchf\u00fchrung des Arbeitsvertrags.<\/p>\n<p>Die Rechtsgrundlage f\u00fcr diese personenbezogenen Daten ist:<\/p>\n<p style=\"padding-left: 40px;\">\u2022 Der Arbeitsvertrag.<\/p>\n<p>F\u00fcr die oben genannten Zwecke kann Landgoed Ch\u00e2teau de Bussolles folgende personenbezogene Daten von Ihnen verlangen:<\/p>\n<p style=\"padding-left: 40px;\">\u2022 Name, Adresse, Wohnort, Telefonnummer, E-Mail-Adresse, Geburtsdatum, Gehaltsdaten, Kopie des Ausweises, Sozialversicherungsnummer (BSN), Bankdaten.<\/p>\n<p>Ihre personenbezogenen Daten werden von Landgoed Ch\u00e2teau de Bussolles zu oben genannten Verarbeitungszwecken gespeichert:<\/p>\n<p style=\"padding-left: 40px;\">\u2022 W\u00e4hrend der Zeit, in der Sie einen Vertrag haben, und danach nur noch in der Verwaltung f\u00fcr maximal 7 Jahre.<\/p>\n<p>&nbsp;<\/p>\n<h2>Weitergabe an Dritte<\/h2>\n<p>Die Informationen, die Sie uns zur Verf\u00fcgung stellen, k\u00f6nnen wir an Dritte weitergeben, wenn dies f\u00fcr die Durchf\u00fchrung der oben beschriebenen Zwecke erforderlich ist.<\/p>\n<p>Wir nutzen einen Drittanbieter f\u00fcr:<\/p>\n<p style=\"padding-left: 40px;\">\u2022 Die Bereitstellung der Internetumgebung des AVG-Programms;<br \/>\u2022 Die Durchf\u00fchrung der Verwaltung;<br \/>\u2022 Die Bereitstellung von Newslettern und Einladungen.<\/p>\n<p>Wir geben personenbezogene Daten niemals an andere Parteien weiter, mit denen wir keinen Verarbeitungsvertrag abgeschlossen haben. Mit diesen Parteien (Verarbeitern) treffen wir nat\u00fcrlich die notwendigen Vereinbarungen, um die Sicherheit Ihrer personenbezogenen Daten zu gew\u00e4hrleisten. Dar\u00fcber hinaus werden wir  <br \/>die von Ihnen bereitgestellten Daten nicht an andere Parteien weitergeben, es sei denn, dies ist gesetzlich vorgeschrieben und zul\u00e4ssig. Ein Beispiel hierf\u00fcr ist, dass die Polizei <br \/>im 5 Rahmen einer Untersuchung personenbezogene Daten bei uns anfordert. In einem solchen Fall sind wir verpflichtet, <\/p>\n<p>mitzuwirken und diese Daten herauszugeben. Wir k\u00f6nnen auch personenbezogene Daten mit Dritten teilen, wenn Sie uns hierf\u00fcr schriftlich Ihre Zustimmung erteilen. <\/p>\n<p>&nbsp;<\/p>\n<h2>Innerhalb der EU<\/h2>\n<p>Wir \u00fcbermitteln keine personenbezogenen Daten an Parteien au\u00dferhalb der EU.<\/p>\n<p>&nbsp;<\/p>\n<h2>Minderj\u00e4hrige<\/h2>\n<p>Wir verarbeiten nur personenbezogene Daten von Minderj\u00e4hrigen (Personen unter 16 Jahren), wenn dies schriftlich von den Eltern, Erziehungsberechtigten oder gesetzlichen Vertretern genehmigt wurde.<\/p>\n<p>&nbsp;<\/p>\n<h2>Aufbewahrungsfrist<\/h2>\n<p>Landgoed Ch\u00e2teau de Bussolles bewahrt personenbezogene Daten nicht l\u00e4nger auf, als f\u00fcr den Zweck, f\u00fcr den sie bereitgestellt wurden, oder gesetzlich erforderlich ist.<\/p>\n<p>&nbsp;<\/p>\n<h2>Sicherheitsma\u00dfnahmen<\/h2>\n<p>Wir haben geeignete technische und organisatorische Ma\u00dfnahmen ergriffen, um personenbezogene Daten von Ihnen vor unrechtm\u00e4\u00dfiger Verarbeitung zu sch\u00fctzen. Hierzu haben wir beispielsweise folgende Ma\u00dfnahmen ergriffen:<\/p>\n<p style=\"padding-left: 40px;\">\u2022 Alle Personen, die im Namen von Landgoed Ch\u00e2teau de Bussolles Zugang zu Ihren Daten haben, sind zur Geheimhaltung verpflichtet.<br \/>\u2022 Wir verwenden eine Benutzername- und Kennwortrichtlinie f\u00fcr alle unsere Systeme.<br \/>\u2022 Wir pseudonymisieren und verschl\u00fcsseln personenbezogene Daten, wenn dies angebracht ist.<br \/>\u2022 Wir erstellen Backups der personenbezogenen Daten, um diese bei physischen oder technischen Zwischenf\u00e4llen wiederherstellen zu k\u00f6nnen.<br \/>\u2022 Wir testen und \u00fcberpr\u00fcfen regelm\u00e4\u00dfig unsere Ma\u00dfnahmen.<br \/>\u2022 Unsere Mitarbeiter wurden \u00fcber die Bedeutung des Schutzes personenbezogener Daten informiert.<\/p>\n<p>&nbsp;<\/p>\n<h2>Rechte in Bezug auf Ihre Daten<\/h2>\n<p>Sie haben das Recht auf Einsicht, Berichtigung oder L\u00f6schung der personenbezogenen Daten, die wir von Ihnen erhalten haben. Sie k\u00f6nnen auch gegen die Verarbeitung Ihrer personenbezogenen Daten (oder eines Teils davon) durch uns oder einen unserer Verarbeiter Widerspruch einlegen. Dar\u00fcber hinaus haben Sie das Recht, die von Ihnen bereitgestellten Daten von uns an Sie selbst oder im Auftrag von Ihnen direkt an eine andere Partei \u00fcbertragen zu lassen. Wir k\u00f6nnen Sie bitten, sich zu legitimieren, bevor wir den genannten Anfragen nachkommen k\u00f6nnen.<\/p>\n<p>Falls wir Ihre personenbezogenen Daten aufgrund einer von Ihnen erteilten Einwilligung verarbeiten d\u00fcrfen, haben Sie jederzeit das Recht, diese Einwilligung zu widerrufen.<\/p>\n<p>&nbsp;<\/p>\n<h2>Beschwerden<\/h2>\n<p>Wenn Sie eine Beschwerde \u00fcber die Verarbeitung Ihrer personenbezogenen Daten haben, bitten wir Sie, sich direkt mit uns in Verbindung zu setzen. Falls wir gemeinsam keine L\u00f6sung finden, bedauern wir dies nat\u00fcrlich sehr. Sie haben jederzeit das Recht, eine Beschwerde bei der Autoriteit Persoonsgegevens einzureichen, dies ist die Aufsichtsbeh\u00f6rde f\u00fcr den Datenschutz.<\/p>\n<p>&nbsp;<\/p>\n<h2>Fragen<\/h2>\n<p>Wenn Sie im Zusammenhang mit unserer Datenschutzerkl\u00e4rung noch Fragen oder Anmerkungen haben, nehmen Sie bitte Kontakt mit uns auf!<\/p>\n<p><!-- \/divi:paragraph --><\/p>\n<p>[\/et_pb_text][\/et_pb_column][\/et_pb_row][\/et_pb_section]<\/p>\n","protected":false},"excerpt":{"rendered":"<p>Datenschutzrichtlinie Landgoed Ch\u00e2teau de Bussolles legt gro\u00dfen Wert auf den Schutz Ihrer personenbezogenen Daten. In dieser Datenschutzrichtlinie m\u00f6chten wir klare und transparente Informationen dar\u00fcber geben, wie wir mit personenbezogenen Daten umgehen. Wir setzen alles daran, Ihre Privatsph\u00e4re zu sch\u00fctzen, und gehen daher sorgf\u00e4ltig mit personenbezogenen Daten um. Landgoed Ch\u00e2teau de Bussolles h\u00e4lt sich in allen [&hellip;]<\/p>\n","protected":false},"author":2,"featured_media":0,"parent":0,"menu_order":0,"comment_status":"closed","ping_status":"closed","template":"","meta":{"_et_pb_use_builder":"on","_et_pb_old_content":"","_et_gb_content_width":"","inline_featured_image":false,"footnotes":""},"yoast_head":"<!-- This site is optimized with the Yoast SEO plugin v24.4 - https:\/\/yoast.com\/wordpress\/plugins\/seo\/ -->\n<title>Datenschutzrichtlinie - Ch\u00e2teau de Bussolles<\/title>\n<meta name=\"description\" content=\"Landgoed Ch\u00e2teau de Bussolles legt gro\u00dfen Wert auf den Schutz Ihrer personenbezogenen Daten. Hier k\u00f6nnen Sie unsere Datenschutzbestimmungen einsehen.\" \/>\n<meta name=\"robots\" content=\"index, follow, max-snippet:-1, max-image-preview:large, max-video-preview:-1\" \/>\n<link rel=\"canonical\" href=\"https:\/\/www.chateaubussolles.com\/de\/datenschutzrichtlinie\/\" \/>\n<meta property=\"og:locale\" content=\"de_DE\" \/>\n<meta property=\"og:type\" content=\"article\" \/>\n<meta property=\"og:title\" content=\"Datenschutzrichtlinie - Ch\u00e2teau de Bussolles\" \/>\n<meta property=\"og:description\" content=\"Landgoed Ch\u00e2teau de Bussolles legt gro\u00dfen Wert auf den Schutz Ihrer personenbezogenen Daten. Hier k\u00f6nnen Sie unsere Datenschutzbestimmungen einsehen.\" \/>\n<meta property=\"og:url\" content=\"https:\/\/www.chateaubussolles.com\/de\/datenschutzrichtlinie\/\" \/>\n<meta property=\"og:site_name\" content=\"Ch\u00e2teau de Bussolles\" \/>\n<meta property=\"article:publisher\" content=\"https:\/\/www.facebook.com\/chateaubussolles\" \/>\n<meta property=\"article:modified_time\" content=\"2023-12-07T09:48:26+00:00\" \/>\n<meta name=\"twitter:card\" content=\"summary_large_image\" \/>\n<meta name=\"twitter:label1\" content=\"Gesch\u00e4tzte Lesezeit\" \/>\n\t<meta name=\"twitter:data1\" content=\"7\u00a0Minuten\" \/>\n<script type=\"application\/ld+json\" class=\"yoast-schema-graph\">{\"@context\":\"https:\/\/schema.org\",\"@graph\":[{\"@type\":\"WebPage\",\"@id\":\"https:\/\/www.chateaubussolles.com\/de\/datenschutzrichtlinie\/\",\"url\":\"https:\/\/www.chateaubussolles.com\/de\/datenschutzrichtlinie\/\",\"name\":\"Datenschutzrichtlinie - Ch\u00e2teau de Bussolles\",\"isPartOf\":{\"@id\":\"https:\/\/www.chateaubussolles.com\/de\/#website\"},\"datePublished\":\"2023-05-01T14:53:23+00:00\",\"dateModified\":\"2023-12-07T09:48:26+00:00\",\"description\":\"Landgoed Ch\u00e2teau de Bussolles legt gro\u00dfen Wert auf den Schutz Ihrer personenbezogenen Daten. Hier k\u00f6nnen Sie unsere Datenschutzbestimmungen einsehen.\",\"breadcrumb\":{\"@id\":\"https:\/\/www.chateaubussolles.com\/de\/datenschutzrichtlinie\/#breadcrumb\"},\"inLanguage\":\"de\",\"potentialAction\":[{\"@type\":\"ReadAction\",\"target\":[\"https:\/\/www.chateaubussolles.com\/de\/datenschutzrichtlinie\/\"]}]},{\"@type\":\"BreadcrumbList\",\"@id\":\"https:\/\/www.chateaubussolles.com\/de\/datenschutzrichtlinie\/#breadcrumb\",\"itemListElement\":[{\"@type\":\"ListItem\",\"position\":1,\"name\":\"Home\",\"item\":\"https:\/\/www.chateaubussolles.com\/de\/\"},{\"@type\":\"ListItem\",\"position\":2,\"name\":\"Datenschutzrichtlinie\"}]},{\"@type\":\"WebSite\",\"@id\":\"https:\/\/www.chateaubussolles.com\/de\/#website\",\"url\":\"https:\/\/www.chateaubussolles.com\/de\/\",\"name\":\"Ch\u00e2teau de Bussolles\",\"description\":\"Vakantie of retreat in stijl\",\"publisher\":{\"@id\":\"https:\/\/www.chateaubussolles.com\/de\/#organization\"},\"potentialAction\":[{\"@type\":\"SearchAction\",\"target\":{\"@type\":\"EntryPoint\",\"urlTemplate\":\"https:\/\/www.chateaubussolles.com\/de\/?s={search_term_string}\"},\"query-input\":{\"@type\":\"PropertyValueSpecification\",\"valueRequired\":true,\"valueName\":\"search_term_string\"}}],\"inLanguage\":\"de\"},{\"@type\":\"Organization\",\"@id\":\"https:\/\/www.chateaubussolles.com\/de\/#organization\",\"name\":\"Ch\u00e2teau de Bussolles\",\"url\":\"https:\/\/www.chateaubussolles.com\/de\/\",\"logo\":{\"@type\":\"ImageObject\",\"inLanguage\":\"de\",\"@id\":\"https:\/\/www.chateaubussolles.com\/de\/#\/schema\/logo\/image\/\",\"url\":\"https:\/\/chateaudebussolles.com\/wp-content\/uploads\/2023\/11\/CHATEAU-BLUE-JPG-scaled.jpg\",\"contentUrl\":\"https:\/\/chateaudebussolles.com\/wp-content\/uploads\/2023\/11\/CHATEAU-BLUE-JPG-scaled.jpg\",\"width\":2560,\"height\":544,\"caption\":\"Ch\u00e2teau de Bussolles\"},\"image\":{\"@id\":\"https:\/\/www.chateaubussolles.com\/de\/#\/schema\/logo\/image\/\"},\"sameAs\":[\"https:\/\/www.facebook.com\/chateaubussolles\",\"https:\/\/www.instagram.com\/chateaubussolles\/\"]}]}<\/script>\n<!-- \/ Yoast SEO plugin. -->","yoast_head_json":{"title":"Datenschutzrichtlinie - Ch\u00e2teau de Bussolles","description":"Landgoed Ch\u00e2teau de Bussolles legt gro\u00dfen Wert auf den Schutz Ihrer personenbezogenen Daten. Hier k\u00f6nnen Sie unsere Datenschutzbestimmungen einsehen.","robots":{"index":"index","follow":"follow","max-snippet":"max-snippet:-1","max-image-preview":"max-image-preview:large","max-video-preview":"max-video-preview:-1"},"canonical":"https:\/\/www.chateaubussolles.com\/de\/datenschutzrichtlinie\/","og_locale":"de_DE","og_type":"article","og_title":"Datenschutzrichtlinie - Ch\u00e2teau de Bussolles","og_description":"Landgoed Ch\u00e2teau de Bussolles legt gro\u00dfen Wert auf den Schutz Ihrer personenbezogenen Daten. Hier k\u00f6nnen Sie unsere Datenschutzbestimmungen einsehen.","og_url":"https:\/\/www.chateaubussolles.com\/de\/datenschutzrichtlinie\/","og_site_name":"Ch\u00e2teau de Bussolles","article_publisher":"https:\/\/www.facebook.com\/chateaubussolles","article_modified_time":"2023-12-07T09:48:26+00:00","twitter_card":"summary_large_image","twitter_misc":{"Gesch\u00e4tzte Lesezeit":"7\u00a0Minuten"},"schema":{"@context":"https:\/\/schema.org","@graph":[{"@type":"WebPage","@id":"https:\/\/www.chateaubussolles.com\/de\/datenschutzrichtlinie\/","url":"https:\/\/www.chateaubussolles.com\/de\/datenschutzrichtlinie\/","name":"Datenschutzrichtlinie - Ch\u00e2teau de Bussolles","isPartOf":{"@id":"https:\/\/www.chateaubussolles.com\/de\/#website"},"datePublished":"2023-05-01T14:53:23+00:00","dateModified":"2023-12-07T09:48:26+00:00","description":"Landgoed Ch\u00e2teau de Bussolles legt gro\u00dfen Wert auf den Schutz Ihrer personenbezogenen Daten. Hier k\u00f6nnen Sie unsere Datenschutzbestimmungen einsehen.","breadcrumb":{"@id":"https:\/\/www.chateaubussolles.com\/de\/datenschutzrichtlinie\/#breadcrumb"},"inLanguage":"de","potentialAction":[{"@type":"ReadAction","target":["https:\/\/www.chateaubussolles.com\/de\/datenschutzrichtlinie\/"]}]},{"@type":"BreadcrumbList","@id":"https:\/\/www.chateaubussolles.com\/de\/datenschutzrichtlinie\/#breadcrumb","itemListElement":[{"@type":"ListItem","position":1,"name":"Home","item":"https:\/\/www.chateaubussolles.com\/de\/"},{"@type":"ListItem","position":2,"name":"Datenschutzrichtlinie"}]},{"@type":"WebSite","@id":"https:\/\/www.chateaubussolles.com\/de\/#website","url":"https:\/\/www.chateaubussolles.com\/de\/","name":"Ch\u00e2teau de Bussolles","description":"Vakantie of retreat in stijl","publisher":{"@id":"https:\/\/www.chateaubussolles.com\/de\/#organization"},"potentialAction":[{"@type":"SearchAction","target":{"@type":"EntryPoint","urlTemplate":"https:\/\/www.chateaubussolles.com\/de\/?s={search_term_string}"},"query-input":{"@type":"PropertyValueSpecification","valueRequired":true,"valueName":"search_term_string"}}],"inLanguage":"de"},{"@type":"Organization","@id":"https:\/\/www.chateaubussolles.com\/de\/#organization","name":"Ch\u00e2teau de Bussolles","url":"https:\/\/www.chateaubussolles.com\/de\/","logo":{"@type":"ImageObject","inLanguage":"de","@id":"https:\/\/www.chateaubussolles.com\/de\/#\/schema\/logo\/image\/","url":"https:\/\/chateaudebussolles.com\/wp-content\/uploads\/2023\/11\/CHATEAU-BLUE-JPG-scaled.jpg","contentUrl":"https:\/\/chateaudebussolles.com\/wp-content\/uploads\/2023\/11\/CHATEAU-BLUE-JPG-scaled.jpg","width":2560,"height":544,"caption":"Ch\u00e2teau de Bussolles"},"image":{"@id":"https:\/\/www.chateaubussolles.com\/de\/#\/schema\/logo\/image\/"},"sameAs":["https:\/\/www.facebook.com\/chateaubussolles","https:\/\/www.instagram.com\/chateaubussolles\/"]}]}},"_links":{"self":[{"href":"https:\/\/www.chateaubussolles.com\/de\/wp-json\/wp\/v2\/pages\/987514590"}],"collection":[{"href":"https:\/\/www.chateaubussolles.com\/de\/wp-json\/wp\/v2\/pages"}],"about":[{"href":"https:\/\/www.chateaubussolles.com\/de\/wp-json\/wp\/v2\/types\/page"}],"author":[{"embeddable":true,"href":"https:\/\/www.chateaubussolles.com\/de\/wp-json\/wp\/v2\/users\/2"}],"replies":[{"embeddable":true,"href":"https:\/\/www.chateaubussolles.com\/de\/wp-json\/wp\/v2\/comments?post=987514590"}],"version-history":[{"count":5,"href":"https:\/\/www.chateaubussolles.com\/de\/wp-json\/wp\/v2\/pages\/987514590\/revisions"}],"predecessor-version":[{"id":987515424,"href":"https:\/\/www.chateaubussolles.com\/de\/wp-json\/wp\/v2\/pages\/987514590\/revisions\/987515424"}],"wp:attachment":[{"href":"https:\/\/www.chateaubussolles.com\/de\/wp-json\/wp\/v2\/media?parent=987514590"}],"curies":[{"name":"wp","href":"https:\/\/api.w.org\/{rel}","templated":true}]}}