{"id":987513763,"date":"2023-07-22T09:58:52","date_gmt":"2023-07-22T09:58:52","guid":{"rendered":"https:\/\/chateaudebussolles.com\/allgemeine-geschaeftsbedingungen\/"},"modified":"2023-12-01T10:53:26","modified_gmt":"2023-12-01T10:53:26","slug":"allgemeine-geschaeftsbedingungen","status":"publish","type":"page","link":"https:\/\/www.chateaubussolles.com\/de\/allgemeine-geschaeftsbedingungen\/","title":{"rendered":"Allgemeinen Gesch\u00e4ftsbedingungen"},"content":{"rendered":"<p>[et_pb_section fb_built=&#8220;1&#8243; admin_label=&#8220;section&#8220; _builder_version=&#8220;4.16&#8243; global_colors_info=&#8220;{}&#8220;][et_pb_row admin_label=&#8220;row&#8220; _builder_version=&#8220;4.16&#8243; background_size=&#8220;initial&#8220; background_position=&#8220;top_left&#8220; background_repeat=&#8220;repeat&#8220; custom_padding=&#8220;20px|||0px||&#8220; global_colors_info=&#8220;{}&#8220;][et_pb_column type=&#8220;4_4&#8243; _builder_version=&#8220;4.16&#8243; custom_padding=&#8220;|||&#8220; global_colors_info=&#8220;{}&#8220; custom_padding__hover=&#8220;|||&#8220;][et_pb_text admin_label=&#8220;Text&#8220; _builder_version=&#8220;4.22.2&#8243; background_size=&#8220;initial&#8220; background_position=&#8220;top_left&#8220; background_repeat=&#8220;repeat&#8220; hover_enabled=&#8220;0&#8243; global_colors_info=&#8220;{}&#8220; sticky_enabled=&#8220;0&#8243;]<\/p>\n<p><!-- divi:heading --><\/p>\n<h2>Allgemeinen Gesch\u00e4ftsbedingungen<\/h2>\n<p>(Der folgende Text ist auch in diesem Dokument zu finden: <strong><a href=\"https:\/\/chateaudebussolles.com\/wp-content\/uploads\/2023\/11\/2023-Allgemeine-Bedingungen-SARL-BUSSOLLES\u00ae-DU.pdf\" target=\"_blank\" rel=\"noopener\">Allgemeine Gesch\u00e4ftsbedingungen<\/a><\/strong> der SARL Bussolles)<span style=\"font-size: 14px;\"> <\/span><\/p>\n<p>SARL BUSSOLLES\u00ae hat Ihnen einen angenehmen Aufenthalt auf dem Landgut erm\u00f6glicht. Ce patrimoine, nous le pr\u00e9servons tous. Wir empfehlen unseren G\u00e4sten daher den Abschluss einer Reise- und Reiser\u00fccktrittsversicherung. Unsere Allgemeinen Gesch\u00e4ftsbedingungen sind weitgehend von den Allgemeinen Gesch\u00e4ftsbedingungen von Groups.co.uk abgeleitet.<\/p>\n<p><strong>Allgemeine Gesch\u00e4ftsbedingungen von SARL BUSSOLLES\u00ae <\/strong><\/p>\n<p>Diese allgemeinen Gesch\u00e4ftsbedingungen gelten f\u00fcr jedes Angebot von SARL BUSSOLLES\u00ae und f\u00fcr jeden zustande gekommenen Vertrag zwischen SARL BUSSOLLES\u00ae und dem Auftraggeber, Kunden, Teilnehmer (nachfolgend als Sie bezeichnet).<\/p>\n<p>&nbsp;<\/p>\n<p><strong>Artikel 1 Definitionen <\/strong><\/p>\n<p><strong>In diesen Bedingungen wird Folgendes verstanden als:<\/strong><\/p>\n<ol>\n<li>Gruppenunterkunft \/ Konferenzzentrum: das gesamte oder einen Teil des Anwesens, des Schlosses, der Ferienh\u00e4user oder Geb\u00e4ude und\/oder Unterk\u00fcnfte mit all dem Zubeh\u00f6r, der Ausstattung und den mitvermieteten Gegenst\u00e4nden;<\/li>\n<li>Unternehmer: SARL BUSSOLLES\u00ae, die dem Vertragspartner die Gruppenunterkunft oder das Konferenzzentrum zur Verf\u00fcgung stellt;<\/li>\n<li>Vertragspartner: die Person, die im Namen einer Gruppe den Vertrag abschlie\u00dft;<\/li>\n<li>Gruppe: die Gesamtheit der Einzelpersonen, die gem\u00e4\u00df dem Vertrag das Recht haben, in der Gruppenunterkunft oder im Konferenzzentrum zu \u00fcbernachten;<\/li>\n<li>Gruppenmitglieder: diejenigen, die Teil der Gruppe sind;<\/li>\n<li>Vereinbarter Preis: die Verg\u00fctung, die f\u00fcr die Nutzung der Gruppenunterkunft \/ des Konferenzzentrums gezahlt wird; dabei sollte schriftlich festgehalten werden, was im Preis enthalten ist und was nicht;<\/li>\n<li>Kosten: alle Kosten f\u00fcr den Unternehmer, die mit dem Betrieb des Aufenthalts zusammenh\u00e4ngen;<\/li>\n<li>Informationen: schriftliche oder elektronisch bereitgestellte Daten \u00fcber die Nutzung der Gruppenunterkunft \/ des Konferenzzentrums, die Einrichtungen und die Regeln des Aufenthalts;<\/li>\n<li>Stornierung: die schriftliche Beendigung des Vertrags durch den Vertragspartner vor dem Beginn des Aufenthalts. \u00dcberall, wo in diesen Bedingungen von Gruppenunterkunft gesprochen wird, ist auch Konferenzzentrum(-zentren) zu verstehen.<\/li>\n<\/ol>\n<p><strong> <\/strong><\/p>\n<p><strong> <\/strong><strong>Artikel 2 Vertragsinhalt<\/strong><\/p>\n<ol>\n<li>Der Unternehmer stellt f\u00fcr Freizeit- und\/oder Gesch\u00e4ftszwecke, jedoch nicht f\u00fcr dauerhaftes Wohnen, die vereinbarte Gruppenunterkunft f\u00fcr die vereinbarte Dauer und den vereinbarten Preis der Gruppe zur Verf\u00fcgung.<\/li>\n<li>Der Unternehmer ist verpflichtet, dem Urlauber die schriftlichen Informationen, aufgrund derer dieser Vertrag abgeschlossen wird, im Voraus zur Verf\u00fcgung zu stellen. Der Unternehmer informiert den Vertragspartner stets rechtzeitig \u00fcber \u00c4nderungen.<\/li>\n<li>Wenn die Informationen erheblich von den Informationen abweichen, die zum Zeitpunkt des Vertragsabschlusses bereitgestellt wurden, hat der Urlauber das Recht, den Vertrag kostenlos zu stornieren.<\/li>\n<li>Der Vertragspartner ist verpflichtet, den Vertrag und die Regeln gem\u00e4\u00df den begleitenden Informationen einzuhalten. Er sorgt daf\u00fcr, dass die Gruppenmitglieder den Vertrag und die entsprechenden Regeln einhalten.<\/li>\n<li>Der Unternehmer geht davon aus, dass der Vertragspartner im Einvernehmen mit den Gruppenmitgliedern diesen Vertrag abschlie\u00dft.<\/li>\n<li>Der Vertragspartner ist verpflichtet, dem Unternehmer sp\u00e4testens am Anreisetag eine Liste der Gruppenmitglieder zu \u00fcbergeben.<\/li>\n<\/ol>\n<p><strong> <\/strong><\/p>\n<p><strong>Artikel 3 Dauer und Beendigung des Vertrags <\/strong><\/p>\n<p>Der Vertrag endet automatisch nach Ablauf der vereinbarten Periode, ohne dass eine K\u00fcndigung erforderlich ist.<\/p>\n<p>&nbsp;<\/p>\n<p><strong>Artikel 4 Preis und Preis\u00e4nderung<\/strong><\/p>\n<ol>\n<li>Der Preis wird auf der Grundlage der zum Zeitpunkt festgelegten Tarife vereinbart, die vom Unternehmer festgelegt wurden.<\/li>\n<li>Falls nach Festlegung des vereinbarten Preises aufgrund einer Belastungserh\u00f6hung auf Seiten des Unternehmers zus\u00e4tzliche Kosten aufgrund einer \u00c4nderung von Lasten und\/oder Abgaben entstehen, die direkt die Unterkunft oder den Vertragspartner und\/oder die Gruppenmitglieder betreffen, k\u00f6nnen diese dem Vertragspartner auch nach Abschluss des Vertrags in Rechnung gestellt werden.<\/li>\n<\/ol>\n<p>&nbsp;<\/p>\n<p><strong>Artikel 5 Zahlung <\/strong><\/p>\n<ol>\n<li>Der Vertragspartner hat die Zahlungen in Euro zu leisten, sofern nichts anderes vereinbart ist.<\/li>\n<li>Falls der Vertragspartner trotz vorheriger schriftlicher Mahnung seiner Zahlungsverpflichtung innerhalb von zwei Wochen nach der schriftlichen Mahnung nicht oder nicht ordnungsgem\u00e4\u00df nachkommt, ist der Unternehmer berechtigt, den Vertrag sofort zu k\u00fcndigen, unbeschadet des Rechts des Unternehmers auf vollst\u00e4ndige Zahlung des vereinbarten Preises.<\/li>\n<li>Wenn der Unternehmer am Anreisetag nicht \u00fcber den gesamten f\u00e4lligen Betrag verf\u00fcgt, ist er berechtigt, dem Vertragspartner und den Gruppenmitgliedern den Zugang zur Gruppenunterkunft zu verweigern, unbeschadet des Rechts des Unternehmers auf vollst\u00e4ndige Zahlung des vereinbarten Preises.<\/li>\n<\/ol>\n<ol start=\"4\">\n<li>Die au\u00dfergerichtlichen Kosten, die der Unternehmer nach einer Mahnung in angemessener Weise entstanden sind, gehen zu Lasten des Vertragspartners. Wenn der gesamte Betrag nicht rechtzeitig beglichen wird, wird nach schriftlicher Aufforderung der gesetzlich festgelegte Zinssatz f\u00fcr den ausstehenden Betrag in Rechnung gestellt.<\/li>\n<\/ol>\n<p>&nbsp;<\/p>\n<p><strong>Artikel 6 Stornierung <\/strong><\/p>\n<ol>\n<li>Im Falle einer Stornierung zahlt der Vertragspartner eine Entsch\u00e4digung an den Unternehmer. Diese betr\u00e4gt:<\/li>\n<\/ol>\n<p>&#8211; bei einer Stornierung mehr als zw\u00f6lf Monate vor dem Beginn, 10% des vereinbarten Preises;<\/p>\n<p>&#8211; bei einer Stornierung mehr als sechs Monate vor dem Beginn, 30% des vereinbarten Preises;<\/p>\n<p>&#8211; bei einer Stornierung vier bis sechs Monate vor dem Beginn, 70% des vereinbarten Preises;<\/p>\n<p>&#8211; bei einer Stornierung zwei bis vier Monate vor dem Beginn, 80% des vereinbarten Preises;<\/p>\n<p>&#8211; bei einer Stornierung innerhalb von zwei Monaten vor dem Beginn, 95% des vereinbarten Preises;<\/p>\n<p>&#8211; bei einer Stornierung am Tag des Beginns, 100% des vereinbarten Preises.<\/p>\n<ol start=\"2\">\n<li>Bei einer Stornierung mehr als sechs Monate vor dem Beginn des Vertrags, der im Namen einer anderen Person als einer juristischen Person oder Firma abgeschlossen wurde, wird die Stornogeb\u00fchr nach Abzug von Verwaltungskosten anteilig erstattet, wenn die Gruppenunterkunft von einem Dritten auf Vorschlag des Vertragspartners und mit schriftlicher Zustimmung des Unternehmers f\u00fcr denselben Zeitraum oder einen Teil davon reserviert wird.<\/li>\n<\/ol>\n<p><strong> <\/strong><\/p>\n<p><strong>Artikel 7 Nutzung durch Dritte<\/strong><\/p>\n<ol>\n<li>Die Nutzung der Gruppenunterkunft durch Dritte ist nur gestattet, wenn der Unternehmer hierf\u00fcr schriftlich seine Zustimmung erteilt hat.<\/li>\n<li>Die erteilte Zustimmung kann mit Bedingungen verbunden sein, die im Voraus schriftlich festgelegt werden m\u00fcssen.<\/li>\n<\/ol>\n<p><strong> <\/strong><\/p>\n<p><strong>Artikel 8 Vorzeitige Abreise des Vertragspartners<\/strong><\/p>\n<p>Der Vertragspartner ist verpflichtet, den vollen Preis f\u00fcr die vereinbarte Dauer zu zahlen.<\/p>\n<p><strong> <\/strong><\/p>\n<p><strong>Artikel 9 Vorzeitige K\u00fcndigung durch den Unternehmer und R\u00e4umung bei schuldhafter Pflichtverletzung und\/oder unerlaubter Handlung<\/strong><\/p>\n<ol>\n<li>Der Unternehmer kann den Vertrag sofort k\u00fcndigen:<\/li>\n<li>Wenn der Vertragspartner und\/oder die Gruppenmitglieder trotz vorheriger schriftlicher Warnung die Verpflichtungen aus dem Vertrag, die Regeln aus den begleitenden Informationen und\/oder staatliche Vorschriften nicht oder nicht angemessen einhalten oder einhalten, und zwar in einem Ma\u00dfe, dass es dem Unternehmer nach den Grunds\u00e4tzen von Fairness und Angemessenheit nicht zumutbar ist, den Vertrag fortzusetzen;<\/li>\n<\/ol>\n<ol>\n<li>Wenn der Vertragspartner und\/oder die Gruppenmitglieder trotz vorheriger schriftlicher Warnung dem Unternehmer und\/oder anderen Personen Bel\u00e4stigungen bereiten oder die gute Atmosph\u00e4re auf dem Anwesen oder in dessen unmittelbarer Umgebung st\u00f6ren;<\/li>\n<li>Wenn der Vertragspartner und\/oder die Gruppenmitglieder trotz vorheriger schriftlicher Warnung die Gruppenunterkunft entgegen der Bestimmung des Anwesens nutzt\/nutzen.<\/li>\n<li>Wenn der Unternehmer eine vorzeitige K\u00fcndigung und R\u00e4umung w\u00fcnscht, muss er dem Vertragspartner dies durch pers\u00f6nlich \u00fcbergebene Briefmitteilung mitteilen. Nach der K\u00fcndigung muss der Vertragspartner sicherstellen, dass die Gruppenunterkunft ger\u00e4umt ist und die Gruppe oder die betreffenden Gruppenmitglieder das Anwesen so schnell wie m\u00f6glich verlassen haben, jedoch sp\u00e4testens innerhalb von vier Stunden.<\/li>\n<li>Wenn der Vertragspartner es vers\u00e4umt, die Gruppenunterkunft zu r\u00e4umen, ist der Unternehmer berechtigt, auf Kosten des Vertragspartners die Gruppenunterkunft zu r\u00e4umen.<\/li>\n<li>Der Vertragspartner bleibt grunds\u00e4tzlich verpflichtet, den vereinbarten Tarif zu zahlen.<\/li>\n<\/ol>\n<p>&nbsp;<\/p>\n<p><strong>Artikel 10 Gesetze und Vorschriften <\/strong><\/p>\n<ol>\n<li>Der Unternehmer stellt jederzeit sicher, dass die Gruppenunterkunft sowohl intern als auch extern alle Umwelt- und Sicherheitsanforderungen erf\u00fcllt, die von staatlicher Seite an die Gruppenunterkunft gestellt werden k\u00f6nnen.<\/li>\n<li>Der Vertragspartner und die Gruppenmitglieder sind verpflichtet, alle geltenden Sicherheitsvorschriften in der Gruppenunterkunft strikt einzuhalten. Der Vertragspartner und die Gruppenmitglieder sorgen auch daf\u00fcr, dass Dritte, die sie besuchen und\/oder bei ihnen wohnen, die geltenden Sicherheitsvorschriften auf dem Gel\u00e4nde strikt einhalten.<\/li>\n<\/ol>\n<p>&nbsp;<\/p>\n<p><strong>Artikel 11 Wartung und Pflege <\/strong><\/p>\n<ol>\n<li>Der Unternehmer ist verpflichtet, die Gruppenunterkunft und die zentralen Einrichtungen in einem guten Instandhaltungszustand zu halten.<\/li>\n<li>Die Gruppe ist w\u00e4hrend der Laufzeit des Vertrags verpflichtet, die Gruppenunterkunft und das Gel\u00e4nde um die Gruppenunterkunft in demselben Zustand zu erhalten.<\/li>\n<li>Es ist dem Vertragspartner und den Gruppenmitgliedern nicht gestattet, auf dem Gel\u00e4nde um die Gruppenunterkunft zu graben, B\u00e4ume zu f\u00e4llen, Str\u00e4ucher zu schneiden oder \u00e4hnliche Aktivit\u00e4ten durchzuf\u00fchren.<\/li>\n<\/ol>\n<p>&nbsp;<\/p>\n<p><strong>Artikel 12 Haftung<\/strong><\/p>\n<ol>\n<li>Der Unternehmer haftet nicht f\u00fcr Unf\u00e4lle, Diebstahl oder Sch\u00e4den auf seinem Gel\u00e4nde, es sei denn, diese sind auf ein Verschulden des Unternehmers zur\u00fcckzuf\u00fchren.<\/li>\n<li>Der Unternehmer haftet nicht f\u00fcr die Folgen extremer Wettereinfl\u00fcsse oder anderer Formen h\u00f6herer Gewalt.<\/li>\n<li>Der Unternehmer haftet f\u00fcr St\u00f6rungen bei den Versorgungseinrichtungen, es sei denn, er kann sich auf h\u00f6here Gewalt berufen.<\/li>\n<li>Falls die gemietete Gruppenunterkunft ohne Verschulden des Unternehmers verloren geht oder vor\u00fcbergehend nicht genutzt werden kann, haben der Unternehmer und der Vertragspartner das Recht, den Vertrag zu k\u00fcndigen. Wenn der Verlust der Gruppenunterkunft oder die vor\u00fcbergehende Nichtverf\u00fcgbarkeit der Gruppenunterkunft auf das Verschulden des Unternehmers zur\u00fcckzuf\u00fchren ist, kann der Vertragspartner Schadensersatz verlangen.<\/li>\n<li>Der Vertragspartner haftet dem Unternehmer gegen\u00fcber f\u00fcr Sch\u00e4den, die durch sein eigenes Handeln oder Unterlassen und\/oder das eines oder mehrerer Gruppenmitglieder verursacht wurden, soweit diese Sch\u00e4den dem Vertragspartner und\/oder einem oder mehreren Gruppenmitgliedern zuzurechnen sind.<\/li>\n<\/ol>\n<p>&nbsp;<\/p>\n<p><strong>Artikel 13 Streitbeilegung<\/strong><\/p>\n<p>F\u00fcr alle Streitigkeiten im Zusammenhang mit dem Vertrag gilt franz\u00f6sisches Recht. Ausschlie\u00dflich das franz\u00f6sische Gericht ist befugt, \u00fcber diese Streitigkeiten zu entscheiden. Die Vertretung der Gruppenmitglieder muss ihre Beschwerde in\u00e2nerhalb von zwei Wochen nach ihrem Entstehen schriftlich dem Unternehmer vorlegen.<\/p>\n<p>&nbsp;<\/p>\n<p>&nbsp;<\/p>\n<p>&nbsp;<\/p>\n<p><!-- \/divi:paragraph --><\/p>\n<p>[\/et_pb_text][\/et_pb_column][\/et_pb_row][\/et_pb_section]<\/p>\n","protected":false},"excerpt":{"rendered":"<p>Allgemeinen Gesch\u00e4ftsbedingungen (Der folgende Text ist auch in diesem Dokument zu finden: Allgemeine Gesch\u00e4ftsbedingungen der SARL Bussolles) SARL BUSSOLLES\u00ae hat Ihnen einen angenehmen Aufenthalt auf dem Landgut erm\u00f6glicht. Ce patrimoine, nous le pr\u00e9servons tous. Wir empfehlen unseren G\u00e4sten daher den Abschluss einer Reise- und Reiser\u00fccktrittsversicherung. Unsere Allgemeinen Gesch\u00e4ftsbedingungen sind weitgehend von den Allgemeinen Gesch\u00e4ftsbedingungen von [&hellip;]<\/p>\n","protected":false},"author":2,"featured_media":0,"parent":0,"menu_order":0,"comment_status":"closed","ping_status":"closed","template":"","meta":{"_et_pb_use_builder":"on","_et_pb_old_content":"","_et_gb_content_width":"","inline_featured_image":false,"footnotes":""},"yoast_head":"<!-- This site is optimized with the Yoast SEO plugin v24.4 - https:\/\/yoast.com\/wordpress\/plugins\/seo\/ -->\n<title>Allgemeine Gesch\u00e4ftsbedingungen | Ch\u00e2teau de Bussolles<\/title>\n<meta name=\"description\" content=\"Lesen Sie die allgemeinen Gesch\u00e4ftsbedingungen der SARL Bussolles (Ch\u00e2teau de Bussolles) auf dieser Seite oder \u00fcber das Dokument.\" \/>\n<meta name=\"robots\" content=\"index, follow, max-snippet:-1, max-image-preview:large, max-video-preview:-1\" \/>\n<link rel=\"canonical\" href=\"https:\/\/www.chateaubussolles.com\/de\/allgemeine-geschaeftsbedingungen\/\" \/>\n<meta property=\"og:locale\" content=\"de_DE\" \/>\n<meta property=\"og:type\" content=\"article\" \/>\n<meta property=\"og:title\" content=\"Allgemeine Gesch\u00e4ftsbedingungen | Ch\u00e2teau de Bussolles\" \/>\n<meta property=\"og:description\" content=\"Lesen Sie die allgemeinen Gesch\u00e4ftsbedingungen der SARL Bussolles (Ch\u00e2teau de Bussolles) auf dieser Seite oder \u00fcber das Dokument.\" \/>\n<meta property=\"og:url\" content=\"https:\/\/www.chateaubussolles.com\/de\/allgemeine-geschaeftsbedingungen\/\" \/>\n<meta property=\"og:site_name\" content=\"Ch\u00e2teau de Bussolles\" \/>\n<meta property=\"article:publisher\" content=\"https:\/\/www.facebook.com\/chateaubussolles\" \/>\n<meta property=\"article:modified_time\" content=\"2023-12-01T10:53:26+00:00\" \/>\n<meta name=\"twitter:card\" content=\"summary_large_image\" \/>\n<meta name=\"twitter:label1\" content=\"Gesch\u00e4tzte Lesezeit\" \/>\n\t<meta name=\"twitter:data1\" content=\"8\u00a0Minuten\" \/>\n<script type=\"application\/ld+json\" class=\"yoast-schema-graph\">{\"@context\":\"https:\/\/schema.org\",\"@graph\":[{\"@type\":\"WebPage\",\"@id\":\"https:\/\/www.chateaubussolles.com\/de\/allgemeine-geschaeftsbedingungen\/\",\"url\":\"https:\/\/www.chateaubussolles.com\/de\/allgemeine-geschaeftsbedingungen\/\",\"name\":\"Allgemeine Gesch\u00e4ftsbedingungen | Ch\u00e2teau de Bussolles\",\"isPartOf\":{\"@id\":\"https:\/\/www.chateaubussolles.com\/de\/#website\"},\"datePublished\":\"2023-07-22T09:58:52+00:00\",\"dateModified\":\"2023-12-01T10:53:26+00:00\",\"description\":\"Lesen Sie die allgemeinen Gesch\u00e4ftsbedingungen der SARL Bussolles (Ch\u00e2teau de Bussolles) auf dieser Seite oder \u00fcber das Dokument.\",\"breadcrumb\":{\"@id\":\"https:\/\/www.chateaubussolles.com\/de\/allgemeine-geschaeftsbedingungen\/#breadcrumb\"},\"inLanguage\":\"de\",\"potentialAction\":[{\"@type\":\"ReadAction\",\"target\":[\"https:\/\/www.chateaubussolles.com\/de\/allgemeine-geschaeftsbedingungen\/\"]}]},{\"@type\":\"BreadcrumbList\",\"@id\":\"https:\/\/www.chateaubussolles.com\/de\/allgemeine-geschaeftsbedingungen\/#breadcrumb\",\"itemListElement\":[{\"@type\":\"ListItem\",\"position\":1,\"name\":\"Home\",\"item\":\"https:\/\/www.chateaubussolles.com\/de\/\"},{\"@type\":\"ListItem\",\"position\":2,\"name\":\"Allgemeinen Gesch\u00e4ftsbedingungen\"}]},{\"@type\":\"WebSite\",\"@id\":\"https:\/\/www.chateaubussolles.com\/de\/#website\",\"url\":\"https:\/\/www.chateaubussolles.com\/de\/\",\"name\":\"Ch\u00e2teau de Bussolles\",\"description\":\"Vakantie of retreat in stijl\",\"publisher\":{\"@id\":\"https:\/\/www.chateaubussolles.com\/de\/#organization\"},\"potentialAction\":[{\"@type\":\"SearchAction\",\"target\":{\"@type\":\"EntryPoint\",\"urlTemplate\":\"https:\/\/www.chateaubussolles.com\/de\/?s={search_term_string}\"},\"query-input\":{\"@type\":\"PropertyValueSpecification\",\"valueRequired\":true,\"valueName\":\"search_term_string\"}}],\"inLanguage\":\"de\"},{\"@type\":\"Organization\",\"@id\":\"https:\/\/www.chateaubussolles.com\/de\/#organization\",\"name\":\"Ch\u00e2teau de Bussolles\",\"url\":\"https:\/\/www.chateaubussolles.com\/de\/\",\"logo\":{\"@type\":\"ImageObject\",\"inLanguage\":\"de\",\"@id\":\"https:\/\/www.chateaubussolles.com\/de\/#\/schema\/logo\/image\/\",\"url\":\"https:\/\/chateaudebussolles.com\/wp-content\/uploads\/2023\/11\/CHATEAU-BLUE-JPG-scaled.jpg\",\"contentUrl\":\"https:\/\/chateaudebussolles.com\/wp-content\/uploads\/2023\/11\/CHATEAU-BLUE-JPG-scaled.jpg\",\"width\":2560,\"height\":544,\"caption\":\"Ch\u00e2teau de Bussolles\"},\"image\":{\"@id\":\"https:\/\/www.chateaubussolles.com\/de\/#\/schema\/logo\/image\/\"},\"sameAs\":[\"https:\/\/www.facebook.com\/chateaubussolles\",\"https:\/\/www.instagram.com\/chateaubussolles\/\"]}]}<\/script>\n<!-- \/ Yoast SEO plugin. -->","yoast_head_json":{"title":"Allgemeine Gesch\u00e4ftsbedingungen | Ch\u00e2teau de Bussolles","description":"Lesen Sie die allgemeinen Gesch\u00e4ftsbedingungen der SARL Bussolles (Ch\u00e2teau de Bussolles) auf dieser Seite oder \u00fcber das Dokument.","robots":{"index":"index","follow":"follow","max-snippet":"max-snippet:-1","max-image-preview":"max-image-preview:large","max-video-preview":"max-video-preview:-1"},"canonical":"https:\/\/www.chateaubussolles.com\/de\/allgemeine-geschaeftsbedingungen\/","og_locale":"de_DE","og_type":"article","og_title":"Allgemeine Gesch\u00e4ftsbedingungen | Ch\u00e2teau de Bussolles","og_description":"Lesen Sie die allgemeinen Gesch\u00e4ftsbedingungen der SARL Bussolles (Ch\u00e2teau de Bussolles) auf dieser Seite oder \u00fcber das Dokument.","og_url":"https:\/\/www.chateaubussolles.com\/de\/allgemeine-geschaeftsbedingungen\/","og_site_name":"Ch\u00e2teau de Bussolles","article_publisher":"https:\/\/www.facebook.com\/chateaubussolles","article_modified_time":"2023-12-01T10:53:26+00:00","twitter_card":"summary_large_image","twitter_misc":{"Gesch\u00e4tzte Lesezeit":"8\u00a0Minuten"},"schema":{"@context":"https:\/\/schema.org","@graph":[{"@type":"WebPage","@id":"https:\/\/www.chateaubussolles.com\/de\/allgemeine-geschaeftsbedingungen\/","url":"https:\/\/www.chateaubussolles.com\/de\/allgemeine-geschaeftsbedingungen\/","name":"Allgemeine Gesch\u00e4ftsbedingungen | Ch\u00e2teau de Bussolles","isPartOf":{"@id":"https:\/\/www.chateaubussolles.com\/de\/#website"},"datePublished":"2023-07-22T09:58:52+00:00","dateModified":"2023-12-01T10:53:26+00:00","description":"Lesen Sie die allgemeinen Gesch\u00e4ftsbedingungen der SARL Bussolles (Ch\u00e2teau de Bussolles) auf dieser Seite oder \u00fcber das Dokument.","breadcrumb":{"@id":"https:\/\/www.chateaubussolles.com\/de\/allgemeine-geschaeftsbedingungen\/#breadcrumb"},"inLanguage":"de","potentialAction":[{"@type":"ReadAction","target":["https:\/\/www.chateaubussolles.com\/de\/allgemeine-geschaeftsbedingungen\/"]}]},{"@type":"BreadcrumbList","@id":"https:\/\/www.chateaubussolles.com\/de\/allgemeine-geschaeftsbedingungen\/#breadcrumb","itemListElement":[{"@type":"ListItem","position":1,"name":"Home","item":"https:\/\/www.chateaubussolles.com\/de\/"},{"@type":"ListItem","position":2,"name":"Allgemeinen Gesch\u00e4ftsbedingungen"}]},{"@type":"WebSite","@id":"https:\/\/www.chateaubussolles.com\/de\/#website","url":"https:\/\/www.chateaubussolles.com\/de\/","name":"Ch\u00e2teau de Bussolles","description":"Vakantie of retreat in stijl","publisher":{"@id":"https:\/\/www.chateaubussolles.com\/de\/#organization"},"potentialAction":[{"@type":"SearchAction","target":{"@type":"EntryPoint","urlTemplate":"https:\/\/www.chateaubussolles.com\/de\/?s={search_term_string}"},"query-input":{"@type":"PropertyValueSpecification","valueRequired":true,"valueName":"search_term_string"}}],"inLanguage":"de"},{"@type":"Organization","@id":"https:\/\/www.chateaubussolles.com\/de\/#organization","name":"Ch\u00e2teau de Bussolles","url":"https:\/\/www.chateaubussolles.com\/de\/","logo":{"@type":"ImageObject","inLanguage":"de","@id":"https:\/\/www.chateaubussolles.com\/de\/#\/schema\/logo\/image\/","url":"https:\/\/chateaudebussolles.com\/wp-content\/uploads\/2023\/11\/CHATEAU-BLUE-JPG-scaled.jpg","contentUrl":"https:\/\/chateaudebussolles.com\/wp-content\/uploads\/2023\/11\/CHATEAU-BLUE-JPG-scaled.jpg","width":2560,"height":544,"caption":"Ch\u00e2teau de Bussolles"},"image":{"@id":"https:\/\/www.chateaubussolles.com\/de\/#\/schema\/logo\/image\/"},"sameAs":["https:\/\/www.facebook.com\/chateaubussolles","https:\/\/www.instagram.com\/chateaubussolles\/"]}]}},"_links":{"self":[{"href":"https:\/\/www.chateaubussolles.com\/de\/wp-json\/wp\/v2\/pages\/987513763"}],"collection":[{"href":"https:\/\/www.chateaubussolles.com\/de\/wp-json\/wp\/v2\/pages"}],"about":[{"href":"https:\/\/www.chateaubussolles.com\/de\/wp-json\/wp\/v2\/types\/page"}],"author":[{"embeddable":true,"href":"https:\/\/www.chateaubussolles.com\/de\/wp-json\/wp\/v2\/users\/2"}],"replies":[{"embeddable":true,"href":"https:\/\/www.chateaubussolles.com\/de\/wp-json\/wp\/v2\/comments?post=987513763"}],"version-history":[{"count":12,"href":"https:\/\/www.chateaubussolles.com\/de\/wp-json\/wp\/v2\/pages\/987513763\/revisions"}],"predecessor-version":[{"id":987514738,"href":"https:\/\/www.chateaubussolles.com\/de\/wp-json\/wp\/v2\/pages\/987513763\/revisions\/987514738"}],"wp:attachment":[{"href":"https:\/\/www.chateaubussolles.com\/de\/wp-json\/wp\/v2\/media?parent=987513763"}],"curies":[{"name":"wp","href":"https:\/\/api.w.org\/{rel}","templated":true}]}}